{"id":1591,"date":"2025-03-06T17:55:53","date_gmt":"2025-03-06T14:55:53","guid":{"rendered":"https:\/\/marfahairbar.lv\/produkts\/balmain-hair-styling-powder\/"},"modified":"2025-05-12T17:21:56","modified_gmt":"2025-05-12T14:21:56","slug":"balmain-hair-styling-powder","status":"publish","type":"product","link":"https:\/\/marfahairbar.lv\/en\/product-2\/balmain-hair-styling-powder\/","title":{"rendered":"BALMAIN HAIR Styling Powder"},"content":{"rendered":"<p>Viegls un mat\u0113jo\u0161s pulveris izcilai tekst\u016brai un apjomam. Ap\u0146em katru matu \u0161\u0137ipsnu, lai rad\u012btu maksim\u0101lu apjomu pie sakn\u0113m.<\/p>\n<ul>\n<li>Izveido maksim\u0101lu apjomu<\/li>\n<li>Vieglas tekst\u016bras stila p\u016bderis<\/li>\n<li>Ilgnotur\u012bgs<\/li>\n<\/ul>\n<p>Izveidojiet ilgnotur\u012bgu apjomu ar Balmain Hair matu veido\u0161anas p\u016bderi. Ide\u0101ls produkts jebkuras friz\u016bras uzlabo\u0161anai, nepadarot matu smagus. P\u0101rveidojiet matu sak\u0101rtojumu visas dienas garum\u0101, neizmantojot nek\u0101dus papildu produktus.<\/p>\n<p>Veidojo\u0161ais pulveris lieliski darbojas, lai rad\u012btu tekst\u016bru biz\u0113s un augstos matu sak\u0101rtojumos, pie\u0161\u0137ir apjomu un izteiksm\u012bgumu.<\/p>\n<p><strong>LIETO\u0160ANA:<\/strong> Viegli uzkl\u0101jiet pulveri sausos matos, izmantojot pirkstu galus vai otu, lai izklied\u0113tu produktu pie sakn\u0113m.<\/p>","protected":false},"excerpt":{"rendered":"<p>BALMAIN HAIR Styling Powder. Gives volume and texture to the hair. Ideal for thin hair. Seamless and light texture.<\/p>","protected":false},"featured_media":2073,"comment_status":"open","ping_status":"closed","template":"","meta":{"_acf_changed":false},"matu-tips":[],"product_brand":[49],"product_cat":[60],"product_tag":[],"class_list":{"0":"post-1591","1":"product","2":"type-product","3":"status-publish","4":"has-post-thumbnail","6":"product_brand-balmain","7":"product_cat-matu-veidosanai","9":"first","10":"instock","11":"taxable","12":"shipping-taxable","13":"purchasable","14":"product-type-variable","15":"has-default-attributes"},"acf":[],"aioseo_notices":[],"_links":{"self":[{"href":"https:\/\/marfahairbar.lv\/en\/wp-json\/wp\/v2\/product\/1591","targetHints":{"allow":["GET"]}}],"collection":[{"href":"https:\/\/marfahairbar.lv\/en\/wp-json\/wp\/v2\/product"}],"about":[{"href":"https:\/\/marfahairbar.lv\/en\/wp-json\/wp\/v2\/types\/product"}],"replies":[{"embeddable":true,"href":"https:\/\/marfahairbar.lv\/en\/wp-json\/wp\/v2\/comments?post=1591"}],"wp:featuredmedia":[{"embeddable":true,"href":"https:\/\/marfahairbar.lv\/en\/wp-json\/wp\/v2\/media\/2073"}],"wp:attachment":[{"href":"https:\/\/marfahairbar.lv\/en\/wp-json\/wp\/v2\/media?parent=1591"}],"wp:term":[{"taxonomy":"matu-tips","embeddable":true,"href":"https:\/\/marfahairbar.lv\/en\/wp-json\/wp\/v2\/matu-tips?post=1591"},{"taxonomy":"product_brand","embeddable":true,"href":"https:\/\/marfahairbar.lv\/en\/wp-json\/wp\/v2\/product_brand?post=1591"},{"taxonomy":"product_cat","embeddable":true,"href":"https:\/\/marfahairbar.lv\/en\/wp-json\/wp\/v2\/product_cat?post=1591"},{"taxonomy":"product_tag","embeddable":true,"href":"https:\/\/marfahairbar.lv\/en\/wp-json\/wp\/v2\/product_tag?post=1591"}],"curies":[{"name":"wp","href":"https:\/\/api.w.org\/{rel}","templated":true}]}}