{"id":1588,"date":"2025-03-06T17:55:51","date_gmt":"2025-03-06T14:55:51","guid":{"rendered":"https:\/\/marfahairbar.lv\/produkts\/balmain-hair-matt-paste\/"},"modified":"2025-05-12T17:21:56","modified_gmt":"2025-05-12T14:21:56","slug":"balmain-hair-matt-paste","status":"publish","type":"product","link":"https:\/\/marfahairbar.lv\/en\/product-2\/balmain-hair-matt-paste\/","title":{"rendered":"BALMAIN HAIR Matt Paste"},"content":{"rendered":"<p>Natural matt hair paste with strong hold and smooth texture. Ensures hair expressiveness, is non-sticky and tames frizzy hair.<\/p>\n<ul>\n<li>Processable throughout the day<\/li>\n<li>Dabisks, mat\u0113ts izskats<\/li>\n<li>With the signature Balmain Hair fragrance<\/li>\n<\/ul>\n<p>The castor oil-infused matt paste protects the hair from the outside while maintaining a smooth texture.<\/p>\n<p>The styling paste is non-sticky, does not make hair greasy and keeps the style all day long.<\/p>\n<p>Thanks to its water-based formula, the paste is easy to wash off without leaving any residue on the scalp. The Argan oil in this product restores dry and damaged hair. Suitable for all hair types.<\/p>\n<p><strong>LIETO\u0160ANA:<\/strong> Uzkl\u0101jiet produktu uz plaukst\u0101m un p\u0113c tam uzkl\u0101jiet uz sausiem vai mitriem matiem. Veidojiet friz\u016bru p\u0113c v\u0113l\u0113\u0161an\u0101s.<\/p>","protected":false},"excerpt":{"rendered":"<p>BALMAIN HAIR Matt Paste matt hair paste with medium hold. Gives hair texture and a matt finish. Ideal for structured hairstyles.<\/p>","protected":false},"featured_media":2060,"comment_status":"open","ping_status":"closed","template":"","meta":{"_acf_changed":false},"matu-tips":[],"product_brand":[49],"product_cat":[60],"product_tag":[],"class_list":{"0":"post-1588","1":"product","2":"type-product","3":"status-publish","4":"has-post-thumbnail","6":"product_brand-balmain","7":"product_cat-matu-veidosanai","9":"first","10":"instock","11":"taxable","12":"shipping-taxable","13":"purchasable","14":"product-type-variable","15":"has-default-attributes"},"acf":[],"aioseo_notices":[],"_links":{"self":[{"href":"https:\/\/marfahairbar.lv\/en\/wp-json\/wp\/v2\/product\/1588","targetHints":{"allow":["GET"]}}],"collection":[{"href":"https:\/\/marfahairbar.lv\/en\/wp-json\/wp\/v2\/product"}],"about":[{"href":"https:\/\/marfahairbar.lv\/en\/wp-json\/wp\/v2\/types\/product"}],"replies":[{"embeddable":true,"href":"https:\/\/marfahairbar.lv\/en\/wp-json\/wp\/v2\/comments?post=1588"}],"wp:featuredmedia":[{"embeddable":true,"href":"https:\/\/marfahairbar.lv\/en\/wp-json\/wp\/v2\/media\/2060"}],"wp:attachment":[{"href":"https:\/\/marfahairbar.lv\/en\/wp-json\/wp\/v2\/media?parent=1588"}],"wp:term":[{"taxonomy":"matu-tips","embeddable":true,"href":"https:\/\/marfahairbar.lv\/en\/wp-json\/wp\/v2\/matu-tips?post=1588"},{"taxonomy":"product_brand","embeddable":true,"href":"https:\/\/marfahairbar.lv\/en\/wp-json\/wp\/v2\/product_brand?post=1588"},{"taxonomy":"product_cat","embeddable":true,"href":"https:\/\/marfahairbar.lv\/en\/wp-json\/wp\/v2\/product_cat?post=1588"},{"taxonomy":"product_tag","embeddable":true,"href":"https:\/\/marfahairbar.lv\/en\/wp-json\/wp\/v2\/product_tag?post=1588"}],"curies":[{"name":"wp","href":"https:\/\/api.w.org\/{rel}","templated":true}]}}