{"id":1583,"date":"2025-03-06T17:55:49","date_gmt":"2025-03-06T14:55:49","guid":{"rendered":"https:\/\/marfahairbar.lv\/produkts\/balmain-hair-session-spray-medium\/"},"modified":"2025-05-12T17:21:56","modified_gmt":"2025-05-12T14:21:56","slug":"balmain-hair-session-spray-medium","status":"publish","type":"product","link":"https:\/\/marfahairbar.lv\/en\/product-2\/balmain-hair-session-spray-medium\/","title":{"rendered":"BALMAIN HAIR Session Spray Medium"},"content":{"rendered":"<p>Perfect for styling and finishing hairstyles. Flexible with long-lasting hold. Easy to comb and humidity resistant.,Suitable for styling,Long-lasting,Contains UV protection,A lightweight hairspray that gives texture to the hair, holding the hair in place without making it stiff.,This flexible hairspray keeps the hair flexible and moveable while providing long-lasting control. The hairspray is humidity-resistant, protects hair from UV damage and is easy to comb out. Despite providing a strong hold, this hairspray does not make hair heavy or sticky.,Enriched with the signature Balmain Hair fragrance, this hairspray has no strong chemical scent and leaves hair with a great light fragrance.,Spray onto hair from 15-20 cm away.,BALMAIN HAIR Session Spray Medium 300ml<\/p>\n<ul>\n<li>Piem\u0113rota veido\u0161anai<\/li>\n<li>Ilgsto\u0161a notur\u012bba<\/li>\n<li>Satur UV aizsardz\u012bbu<\/li>\n<\/ul>\n<p>Viegla matu laka, kas nodro\u0161ina matiem tekst\u016bru, notur matus viet\u0101 nepadarot tos st\u012bvus.<\/p>\n<p>\u0160\u012b elast\u012bg\u0101 matu laka saglab\u0101 matu elast\u012bbu un kust\u012bgumu, vienlaikus nodro\u0161inot ilgsto\u0161u kontroli. Matu laka ir mitrumiztur\u012bga, t\u0101 aizsarg\u0101 matus no UV boj\u0101jumiem un ir viegli iz\u0137emm\u0113jama. Neskatoties uz to, ka \u0161\u012b matu laka sniedz pietiekami stipru fiks\u0101ciju, t\u0101 nepadara matus smagus un lip\u012bgus.<\/p>\n<p>Papildin\u0101ta ar Balmain Hair z\u012bmolam rakstur\u012bgo arom\u0101tu, matu lakai nav sp\u0113c\u012bgas \u0137\u012bmiskas smar\u017eas, t\u0101 atst\u0101j matos lielisku vieglu arom\u0101tu.<\/p>\n<p><strong>LIETO\u0160ANA:<\/strong> Izsmidziniet uz matiem no 15-20 cm att\u0101luma.<\/p>","protected":false},"excerpt":{"rendered":"<p>BALMAIN HAIR Session Spray Medium medium hold hairspray. Holds the hairstyle in place while maintaining the natural movement of the hair.<\/p>","protected":false},"featured_media":2045,"comment_status":"open","ping_status":"closed","template":"","meta":{"_acf_changed":false},"matu-tips":[],"product_brand":[49],"product_cat":[56,60],"product_tag":[],"class_list":{"0":"post-1583","1":"product","2":"type-product","3":"status-publish","4":"has-post-thumbnail","6":"product_brand-balmain","7":"product_cat-matu-lakas","8":"product_cat-matu-veidosanai","10":"first","11":"instock","12":"taxable","13":"shipping-taxable","14":"purchasable","15":"product-type-variable","16":"has-default-attributes"},"acf":[],"aioseo_notices":[],"_links":{"self":[{"href":"https:\/\/marfahairbar.lv\/en\/wp-json\/wp\/v2\/product\/1583","targetHints":{"allow":["GET"]}}],"collection":[{"href":"https:\/\/marfahairbar.lv\/en\/wp-json\/wp\/v2\/product"}],"about":[{"href":"https:\/\/marfahairbar.lv\/en\/wp-json\/wp\/v2\/types\/product"}],"replies":[{"embeddable":true,"href":"https:\/\/marfahairbar.lv\/en\/wp-json\/wp\/v2\/comments?post=1583"}],"wp:featuredmedia":[{"embeddable":true,"href":"https:\/\/marfahairbar.lv\/en\/wp-json\/wp\/v2\/media\/2045"}],"wp:attachment":[{"href":"https:\/\/marfahairbar.lv\/en\/wp-json\/wp\/v2\/media?parent=1583"}],"wp:term":[{"taxonomy":"matu-tips","embeddable":true,"href":"https:\/\/marfahairbar.lv\/en\/wp-json\/wp\/v2\/matu-tips?post=1583"},{"taxonomy":"product_brand","embeddable":true,"href":"https:\/\/marfahairbar.lv\/en\/wp-json\/wp\/v2\/product_brand?post=1583"},{"taxonomy":"product_cat","embeddable":true,"href":"https:\/\/marfahairbar.lv\/en\/wp-json\/wp\/v2\/product_cat?post=1583"},{"taxonomy":"product_tag","embeddable":true,"href":"https:\/\/marfahairbar.lv\/en\/wp-json\/wp\/v2\/product_tag?post=1583"}],"curies":[{"name":"wp","href":"https:\/\/api.w.org\/{rel}","templated":true}]}}