{"id":1580,"date":"2025-03-06T17:55:47","date_gmt":"2025-03-06T14:55:47","guid":{"rendered":"https:\/\/marfahairbar.lv\/produkts\/balmain-hair-revitalizing-mask\/"},"modified":"2025-05-12T17:21:56","modified_gmt":"2025-05-12T14:21:56","slug":"balmain-hair-revitalising-mask","status":"publish","type":"product","link":"https:\/\/marfahairbar.lv\/en\/product-2\/balmain-hair-revitalising-mask\/","title":{"rendered":"BALMAIN HAIR Revitalising mask"},"content":{"rendered":"<p>Intens\u012bvi atjaunojo\u0161s matu SPA sausiem, boj\u0101tiem matiem. Uzlabo, mitrina un stiprina matus no iek\u0161puses. Atjauno matu elast\u012bbu un dabisko sp\u012bdumu.<\/p>\n<ul>\n<li>\u012apa\u0161i atjaunojo\u0161a maska<\/li>\n<li>Intens\u012bvs uzturs sausiem un boj\u0101tiem matiem<\/li>\n<li>Padara matus elast\u012bgus un sp\u012bd\u012bgus<\/li>\n<\/ul>\n<p>\u012apa\u0161i izstr\u0101d\u0101ta maska, lai atjaunotu bl\u0101vus, sausus un boj\u0101tus matus. Atdz\u012bvina no iek\u0161puses un pie\u0161\u0137ir matiem nepiecie\u0161amo uzturu. Lielisks ener\u0123ijas l\u0101di\u0146\u0161, lai dzi\u013ci nostiprin\u0101tu un atjaunotu matu \u0161\u0137iedru. Argania Spinosa Kernel Oil, lab\u0101k paz\u012bstama k\u0101 argana e\u013c\u013ca, viegli ies\u016bcas matos un atdz\u012bvina \u0137\u012bmiski apstr\u0101d\u0101tus, boj\u0101tus un sausus matus. E, F un P vitam\u012bni aizsarg\u0101 galvas \u0101du un atjauno matus no sakn\u0113m l\u012bdz pa\u0161iem gali\u0146iem. Ka\u0161mira prote\u012bns pie\u0161\u0137ir matiem luksusa saj\u016btu un padara matus viegli veidojamus. AC Colorplex, melan\u012bna un jap\u0101\u0146u vasabi saknes mais\u012bjums, aizsarg\u0101 matus no UV stariem un veicina kr\u0101sas saglab\u0101\u0161anos.<\/p>\n<p>Ide\u0101la sast\u0101vda\u013cu kombin\u0101cija atdz\u012bvin\u0101t\u0101m un mirdzo\u0161\u0101m matu cirt\u0101m.<\/p>\n<p><strong>LIETO\u0160ANA:<\/strong> Uzkl\u0101jiet uz izmazg\u0101tiem, ar dvieli nosusin\u0101tiem matiem un maigi iemas\u0113jiet. P\u0113c 5-10 min\u016bt\u0113m r\u016bp\u012bgi izskalojiet.<\/p>","protected":false},"excerpt":{"rendered":"<p>BALMAIN HAIR Revitalizing mask rejuvenating mask for mature hair. Gives hair elasticity, shine and a youthful appearance.<\/p>","protected":false},"featured_media":2036,"comment_status":"open","ping_status":"closed","template":"","meta":{"_acf_changed":false},"matu-tips":[77],"product_brand":[49],"product_cat":[55],"product_tag":[],"class_list":{"0":"post-1580","1":"product","2":"type-product","3":"status-publish","4":"has-post-thumbnail","6":"matu-tips-sausiem-matiem","7":"product_brand-balmain","8":"product_cat-matu-maskas","10":"first","11":"instock","12":"taxable","13":"shipping-taxable","14":"purchasable","15":"product-type-variable","16":"has-default-attributes"},"acf":[],"aioseo_notices":[],"_links":{"self":[{"href":"https:\/\/marfahairbar.lv\/en\/wp-json\/wp\/v2\/product\/1580","targetHints":{"allow":["GET"]}}],"collection":[{"href":"https:\/\/marfahairbar.lv\/en\/wp-json\/wp\/v2\/product"}],"about":[{"href":"https:\/\/marfahairbar.lv\/en\/wp-json\/wp\/v2\/types\/product"}],"replies":[{"embeddable":true,"href":"https:\/\/marfahairbar.lv\/en\/wp-json\/wp\/v2\/comments?post=1580"}],"wp:featuredmedia":[{"embeddable":true,"href":"https:\/\/marfahairbar.lv\/en\/wp-json\/wp\/v2\/media\/2036"}],"wp:attachment":[{"href":"https:\/\/marfahairbar.lv\/en\/wp-json\/wp\/v2\/media?parent=1580"}],"wp:term":[{"taxonomy":"matu-tips","embeddable":true,"href":"https:\/\/marfahairbar.lv\/en\/wp-json\/wp\/v2\/matu-tips?post=1580"},{"taxonomy":"product_brand","embeddable":true,"href":"https:\/\/marfahairbar.lv\/en\/wp-json\/wp\/v2\/product_brand?post=1580"},{"taxonomy":"product_cat","embeddable":true,"href":"https:\/\/marfahairbar.lv\/en\/wp-json\/wp\/v2\/product_cat?post=1580"},{"taxonomy":"product_tag","embeddable":true,"href":"https:\/\/marfahairbar.lv\/en\/wp-json\/wp\/v2\/product_tag?post=1580"}],"curies":[{"name":"wp","href":"https:\/\/api.w.org\/{rel}","templated":true}]}}