{"id":1579,"date":"2025-03-06T17:55:47","date_gmt":"2025-03-06T14:55:47","guid":{"rendered":"https:\/\/marfahairbar.lv\/produkts\/balmain-hair-moisturizing-repair-mask\/"},"modified":"2025-05-12T17:21:56","modified_gmt":"2025-05-12T14:21:56","slug":"balmain-hair-moisturising-repair-mask","status":"publish","type":"product","link":"https:\/\/marfahairbar.lv\/en\/product-2\/balmain-hair-moisturising-repair-mask\/","title":{"rendered":"BALMAIN HAIR Moisturising repair mask"},"content":{"rendered":"<p>Intens\u012bva matu kop\u0161ana dab\u012bgiem vai kr\u0101sotiem matiem. Dzi\u013ci baro un mitrina, padarot matus izcili gludus un z\u012bdainus. Stiprina un atjauno matu \u0161\u0137iedru, lai samazin\u0101tu l\u016b\u0161anu un matu gali\u0146u \u0161\u0137el\u0161anos.<\/p>\n<ul>\n<li>Bag\u0101tin\u0101ts ar argana e\u013c\u013cu un Pro-Vitamin B5<\/li>\n<li>Baro sausus un boj\u0101tus matus<\/li>\n<li>Uzlabo mitruma saglab\u0101\u0161anos un matu elast\u012bbu<\/li>\n<\/ul>\n<p>Maska \u012bpa\u0161i izstr\u0101d\u0101ta matiem, kuriem nepiecie\u0161ama papildus baro\u0161ana. Atjauno sausus, trauslus un p\u0101rm\u0113r\u012bgi apstr\u0101d\u0101tus matus. Sniedz matiem sp\u012bdumu un greznuma saj\u016btu no sakn\u0113m l\u012bdz matu gali\u0146iem. Argania Spinosa (Argana e\u013c\u013ca) viegli ies\u016bcas matos un sniedz matiem bag\u0101t\u012bgu mitrumu, nepadarot tos smagus. Pro-Vitamin B5 uzlabo mitruma saglab\u0101\u0161anos un matu elast\u012bbu. Maska padara matus viegli veidojamus un izl\u012bdzina trauslos matu galus. Ikned\u0113\u013cas lieto\u0161ana sniedz matiem vesel\u012bg\u0101ku izskatu un stimul\u0113 to aug\u0161anu.<\/p>\n<p><strong>LIETO\u0160ANA:<\/strong> Uzkl\u0101jiet uz mitriem, t\u012briem matiem. Viegli iemas\u0113jiet un atst\u0101jiet da\u017eas min\u016btes. R\u016bp\u012bgi izskalojiet. Atk\u0101rtota lieto\u0161ana stimul\u0113 matu aug\u0161anu.<\/p>","protected":false},"excerpt":{"rendered":"<p>BALMAIN HAIR Moisturizing repair mask moisturising and repairing mask for dry and damaged hair. Intensively nourishes and restores hair structure.<\/p>","protected":false},"featured_media":2033,"comment_status":"open","ping_status":"closed","template":"","meta":{"_acf_changed":false},"matu-tips":[77],"product_brand":[49],"product_cat":[55],"product_tag":[],"class_list":{"0":"post-1579","1":"product","2":"type-product","3":"status-publish","4":"has-post-thumbnail","6":"matu-tips-sausiem-matiem","7":"product_brand-balmain","8":"product_cat-matu-maskas","10":"first","11":"instock","12":"taxable","13":"shipping-taxable","14":"purchasable","15":"product-type-variable","16":"has-default-attributes"},"acf":[],"aioseo_notices":[],"_links":{"self":[{"href":"https:\/\/marfahairbar.lv\/en\/wp-json\/wp\/v2\/product\/1579","targetHints":{"allow":["GET"]}}],"collection":[{"href":"https:\/\/marfahairbar.lv\/en\/wp-json\/wp\/v2\/product"}],"about":[{"href":"https:\/\/marfahairbar.lv\/en\/wp-json\/wp\/v2\/types\/product"}],"replies":[{"embeddable":true,"href":"https:\/\/marfahairbar.lv\/en\/wp-json\/wp\/v2\/comments?post=1579"}],"wp:featuredmedia":[{"embeddable":true,"href":"https:\/\/marfahairbar.lv\/en\/wp-json\/wp\/v2\/media\/2033"}],"wp:attachment":[{"href":"https:\/\/marfahairbar.lv\/en\/wp-json\/wp\/v2\/media?parent=1579"}],"wp:term":[{"taxonomy":"matu-tips","embeddable":true,"href":"https:\/\/marfahairbar.lv\/en\/wp-json\/wp\/v2\/matu-tips?post=1579"},{"taxonomy":"product_brand","embeddable":true,"href":"https:\/\/marfahairbar.lv\/en\/wp-json\/wp\/v2\/product_brand?post=1579"},{"taxonomy":"product_cat","embeddable":true,"href":"https:\/\/marfahairbar.lv\/en\/wp-json\/wp\/v2\/product_cat?post=1579"},{"taxonomy":"product_tag","embeddable":true,"href":"https:\/\/marfahairbar.lv\/en\/wp-json\/wp\/v2\/product_tag?post=1579"}],"curies":[{"name":"wp","href":"https:\/\/api.w.org\/{rel}","templated":true}]}}