{"id":1578,"date":"2025-03-06T17:55:46","date_gmt":"2025-03-06T14:55:46","guid":{"rendered":"https:\/\/marfahairbar.lv\/produkts\/balmain-hair-illuminating-mask-silver-pearl\/"},"modified":"2025-05-12T17:21:56","modified_gmt":"2025-05-12T14:21:56","slug":"balmain-hair-illuminating-mask-silver-pearl","status":"publish","type":"product","link":"https:\/\/marfahairbar.lv\/en\/product-2\/balmain-hair-illuminating-mask-silver-pearl\/","title":{"rendered":"BALMAIN HAIR Illuminating Mask Silver Pearl"},"content":{"rendered":"<p>A brightening spa treatment with pure violet pigments for blonde and silvery hair. Corrects yellow and orange highlights, gives hair a vibrant cool blonde or grey colour. Enriched with a powerful blend of succinic acid, argan elixir, silk and cashmere protein to strengthen and protect the hair structure.Corrects orange and yellow tones,Preserves silver and crystal grey colour,Perfect for use between colouring,Bleached blonde hair or hair with bleached strands requires careful and constant care. Hair care products enriched with violet pigments are needed between colouring to prevent unwanted warm tones. The Balmain Hair Illuminating range, enriched with pure violet pigments, helps to neutralise unwanted warm tones and brighten hair colour. The Silver Pearl Illuminating Mask deeply nourishes hair while preserving its crystal grey colour. Saturated with a signature blend of Argan Elixir and Silk Protein to replenish hair from within.,Apply to towel-dried hair from mid to ends, massage gently and rinse thoroughly after 10-15 minutes. For best results, use in combination with Balmain Hair Illuminating Shampoo Silver Pearl. Excessive use is not recommended as the product has a brightening effect on the hair. Always use in conjunction with a regular hair care line such as Couleurs Couture.,BALMAIN HAIR Illuminating Mask Silver Pearl 200ml<\/p>\n<ul>\n<li>Kori\u0123\u0113 oran\u017eos un dzeltenos to\u0146us<\/li>\n<li>Saglab\u0101 sudraba un krist\u0101lpel\u0113ko kr\u0101su<\/li>\n<li>Lieliski piem\u0113rots lieto\u0161anai starp kr\u0101so\u0161anas reiz\u0113m<\/li>\n<\/ul>\n<p>Balin\u0101ti blondi mati, vai mati ar balin\u0101t\u0101m \u0161\u0137ipsn\u0101m prasa r\u016bp\u012bgu un past\u0101v\u012bgu kop\u0161anu. Lai nov\u0113rstu nev\u0113lamos siltos to\u0146us, starp kr\u0101so\u0161anas reiz\u0113m, ir nepiecie\u0161ami ar violetajiem pigmentiem bag\u0101tin\u0101ti matu kop\u0161anas produkti. Balmain Hair Illuminating l\u012bnija, kas bag\u0101tin\u0101ta ar t\u012briem violetiem pigmentiem, pal\u012bdz neitraliz\u0113t nev\u0113lamos siltos to\u0146us un paspilgtin\u0101t matu kr\u0101su. Izgaismojo\u0161\u0101 maska \u200b\u200bSilver Pearl dzi\u013ci baro matus, vienlaikus saglab\u0101jot matu krist\u0101lpel\u0113ko kr\u0101su. Pies\u0101tin\u0101ts ar rakstur\u012bgo argana eliks\u012bra un z\u012bda prote\u012bna mais\u012bjumu, lai atjaunotu matus no iek\u0161puses.<\/p>\n<p><strong>LIETO\u0160ANA:<\/strong> Iekl\u0101jiet ar dvieli nosusin\u0101tos matos \u2013 no vidus l\u012bdz pa\u0161iem gali\u0146iem, maigi iemas\u0113jiet un p\u0113c 10-15 min\u016bt\u0113m r\u016bp\u012bgi izskalojiet. Lai ieg\u016btu lab\u0101ku rezult\u0101tus, izmantojiet kombin\u0101cij\u0101 ar Balmain Hair Izgaismojo\u0161o \u0161amp\u016bnu Silver Pearl. P\u0101rm\u0113r\u012bga lieto\u0161ana nav ieteicama, jo produktam ir izgaismojo\u0161a iedarb\u012bba uz matiem. Vienm\u0113r lietojiet kop\u0101 ar parasto kop\u0161anas l\u012bniju, piem\u0113ram, Couleurs Couture kop\u0161anas l\u012bniju.<\/p>","protected":false},"excerpt":{"rendered":"<p>BALMAIN HAIR Illuminating Mask Silver Pearl Illuminating Mask for silver and grey hair. Neutralises unwanted shades.<\/p>","protected":false},"featured_media":2030,"comment_status":"open","ping_status":"closed","template":"","meta":{"_acf_changed":false},"matu-tips":[80],"product_brand":[49],"product_cat":[55,76],"product_tag":[],"class_list":{"0":"post-1578","1":"product","2":"type-product","3":"status-publish","4":"has-post-thumbnail","6":"matu-tips-krasotiem-matiem","7":"product_brand-balmain","8":"product_cat-matu-maskas","9":"product_cat-matu-tonesanai","11":"first","12":"instock","13":"taxable","14":"shipping-taxable","15":"purchasable","16":"product-type-variable","17":"has-default-attributes"},"acf":[],"aioseo_notices":[],"_links":{"self":[{"href":"https:\/\/marfahairbar.lv\/en\/wp-json\/wp\/v2\/product\/1578","targetHints":{"allow":["GET"]}}],"collection":[{"href":"https:\/\/marfahairbar.lv\/en\/wp-json\/wp\/v2\/product"}],"about":[{"href":"https:\/\/marfahairbar.lv\/en\/wp-json\/wp\/v2\/types\/product"}],"replies":[{"embeddable":true,"href":"https:\/\/marfahairbar.lv\/en\/wp-json\/wp\/v2\/comments?post=1578"}],"wp:featuredmedia":[{"embeddable":true,"href":"https:\/\/marfahairbar.lv\/en\/wp-json\/wp\/v2\/media\/2030"}],"wp:attachment":[{"href":"https:\/\/marfahairbar.lv\/en\/wp-json\/wp\/v2\/media?parent=1578"}],"wp:term":[{"taxonomy":"matu-tips","embeddable":true,"href":"https:\/\/marfahairbar.lv\/en\/wp-json\/wp\/v2\/matu-tips?post=1578"},{"taxonomy":"product_brand","embeddable":true,"href":"https:\/\/marfahairbar.lv\/en\/wp-json\/wp\/v2\/product_brand?post=1578"},{"taxonomy":"product_cat","embeddable":true,"href":"https:\/\/marfahairbar.lv\/en\/wp-json\/wp\/v2\/product_cat?post=1578"},{"taxonomy":"product_tag","embeddable":true,"href":"https:\/\/marfahairbar.lv\/en\/wp-json\/wp\/v2\/product_tag?post=1578"}],"curies":[{"name":"wp","href":"https:\/\/api.w.org\/{rel}","templated":true}]}}