{"id":1577,"date":"2025-03-06T17:55:45","date_gmt":"2025-03-06T14:55:45","guid":{"rendered":"https:\/\/marfahairbar.lv\/produkts\/balmain-hair-illuminating-mask-white-pearl\/"},"modified":"2025-05-12T17:21:56","modified_gmt":"2025-05-12T14:21:56","slug":"balmain-hair-illuminating-mask-white-pearl","status":"publish","type":"product","link":"https:\/\/marfahairbar.lv\/en\/product-2\/balmain-hair-illuminating-mask-white-pearl\/","title":{"rendered":"BALMAIN HAIR Illuminating Mask White Pearl"},"content":{"rendered":"<p>Izgaismojo\u0161a spa proced\u016bra ar t\u012briem violetiem pigmentiem blondiem matiem vai matiem ar balin\u0101t\u0101m \u0161\u0137ipsn\u0101m. Kori\u0123\u0113 dzelteno un oran\u017eo nokr\u0101su, pie\u0161\u0137ir matiem ko\u0161u b\u0113\u0161\u012bgu nokr\u0101su. Bag\u0101tin\u0101ts ar jaud\u012bgu dzintarsk\u0101bes, argana eliks\u012bra, z\u012bda un ka\u0161mira prote\u012bna mais\u012bjumu, lai stiprin\u0101tu un aizsarg\u0101tu matu strukt\u016bru.<\/p>\n<ul>\n<li>Kori\u0123\u0113 oran\u017eos un dzeltenos to\u0146us<\/li>\n<li>Saglab\u0101 v\u0113sus blondus matus, \u012bpa\u0161i vasar\u0101<\/li>\n<li>Paspilgtina matu kr\u0101su, nepadarot tos pel\u0113kus<\/li>\n<\/ul>\n<p>Balin\u0101ti blondi mati, vai mati ar balin\u0101t\u0101m \u0161\u0137ipsn\u0101m prasa r\u016bp\u012bgu un past\u0101v\u012bgu kop\u0161anu. Lai nov\u0113rstu nev\u0113lamos siltos to\u0146us, starp kr\u0101so\u0161anas reiz\u0113m, ir nepiecie\u0161ami ar violetajiem pigmentiem bag\u0101tin\u0101ti matu kop\u0161anas produkti. Balmain Hair Illuminating l\u012bnija, kas bag\u0101tin\u0101ta ar t\u012briem violetiem pigmentiem, pal\u012bdz neitraliz\u0113t nev\u0113lamos siltos to\u0146us un paspilgtin\u0101t matu kr\u0101su. Izgaismojo\u0161\u0101 maska White Pearl dzi\u013ci baro matus, vienlaikus saglab\u0101jot matu v\u0113so blondo toni. \u012apa\u0161i izstr\u0101d\u0101ts pelnu blondiem un \u0161\u0137ipsn\u0101s balin\u0101tiem matiem. Pies\u0101tin\u0101ts ar rakstur\u012bgo argana eliks\u012bra un z\u012bda prote\u012bna mais\u012bjumu, lai atjaunotu matus no iek\u0161puses.<\/p>\n<p><strong>LIETO\u0160ANA:<\/strong> Iekl\u0101jiet ar dvieli nosusin\u0101tos matos \u2013 no vidus l\u012bdz pa\u0161iem gali\u0146iem, maigi iemas\u0113jiet un p\u0113c 10-15 min\u016bt\u0113m r\u016bp\u012bgi izskalojiet. Lai ieg\u016btu lab\u0101ku rezult\u0101tus, izmantojiet kombin\u0101cij\u0101 ar Balmain Hair Izgaismojo\u0161o \u0161amp\u016bnu White Pearl. P\u0101rm\u0113r\u012bga lieto\u0161ana nav ieteicama, jo produktam ir izgaismojo\u0161a iedarb\u012bba uz matiem. Vienm\u0113r lietojiet kop\u0101 ar parasto kop\u0161anas l\u012bniju, piem\u0113ram, Couleurs Couture kop\u0161anas l\u012bniju.<\/p>","protected":false},"excerpt":{"rendered":"<p>BALMAIN HAIR Illuminating Mask White Pearl illuminating mask for white and blonde hair. Gives hair brightness and prevents yellowing.<\/p>","protected":false},"featured_media":2027,"comment_status":"open","ping_status":"closed","template":"","meta":{"_acf_changed":false},"matu-tips":[80],"product_brand":[49],"product_cat":[55,76],"product_tag":[],"class_list":{"0":"post-1577","1":"product","2":"type-product","3":"status-publish","4":"has-post-thumbnail","6":"matu-tips-krasotiem-matiem","7":"product_brand-balmain","8":"product_cat-matu-maskas","9":"product_cat-matu-tonesanai","11":"first","12":"instock","13":"taxable","14":"shipping-taxable","15":"purchasable","16":"product-type-variable","17":"has-default-attributes"},"acf":[],"aioseo_notices":[],"_links":{"self":[{"href":"https:\/\/marfahairbar.lv\/en\/wp-json\/wp\/v2\/product\/1577","targetHints":{"allow":["GET"]}}],"collection":[{"href":"https:\/\/marfahairbar.lv\/en\/wp-json\/wp\/v2\/product"}],"about":[{"href":"https:\/\/marfahairbar.lv\/en\/wp-json\/wp\/v2\/types\/product"}],"replies":[{"embeddable":true,"href":"https:\/\/marfahairbar.lv\/en\/wp-json\/wp\/v2\/comments?post=1577"}],"wp:featuredmedia":[{"embeddable":true,"href":"https:\/\/marfahairbar.lv\/en\/wp-json\/wp\/v2\/media\/2027"}],"wp:attachment":[{"href":"https:\/\/marfahairbar.lv\/en\/wp-json\/wp\/v2\/media?parent=1577"}],"wp:term":[{"taxonomy":"matu-tips","embeddable":true,"href":"https:\/\/marfahairbar.lv\/en\/wp-json\/wp\/v2\/matu-tips?post=1577"},{"taxonomy":"product_brand","embeddable":true,"href":"https:\/\/marfahairbar.lv\/en\/wp-json\/wp\/v2\/product_brand?post=1577"},{"taxonomy":"product_cat","embeddable":true,"href":"https:\/\/marfahairbar.lv\/en\/wp-json\/wp\/v2\/product_cat?post=1577"},{"taxonomy":"product_tag","embeddable":true,"href":"https:\/\/marfahairbar.lv\/en\/wp-json\/wp\/v2\/product_tag?post=1577"}],"curies":[{"name":"wp","href":"https:\/\/api.w.org\/{rel}","templated":true}]}}