{"id":1576,"date":"2025-03-06T17:55:44","date_gmt":"2025-03-06T14:55:44","guid":{"rendered":"https:\/\/marfahairbar.lv\/produkts\/balmain-hair-couleurs-couture-mask\/"},"modified":"2025-05-12T17:21:56","modified_gmt":"2025-05-12T14:21:56","slug":"balmain-hair-couleurs-couture-mask","status":"publish","type":"product","link":"https:\/\/marfahairbar.lv\/en\/product-2\/balmain-hair-couleurs-couture-mask\/","title":{"rendered":"BALMAIN HAIR Couleurs Couture Mask"},"content":{"rendered":"<p>Sp\u0113c\u012bga matu SPA proced\u016bra kr\u0101sotiem, boj\u0101tiem un p\u0101rm\u0113r\u012bgi apstr\u0101d\u0101tiem matiem. Bag\u0101tin\u0101ta ar dzintarsk\u0101bes, argana eliks\u012bra, z\u012bda un ka\u0161mira prote\u012bnu kombin\u0101ciju, lai stiprin\u0101tu un aizsarg\u0101tu matu strukt\u016bru. Veicina kr\u0101sas notur\u012bbu un padara matus \u012bpa\u0161i m\u012bkstus.<\/p>\n<ul>\n<li>Barojo\u0161a matu maska<\/li>\n<li>Veicina kr\u0101sas notur\u012bbu<\/li>\n<li>Stiprina matus<\/li>\n<\/ul>\n<p>Unik\u0101l\u0101 Couleurs Couture kolekcija ir \u012bpa\u0161i izstr\u0101d\u0101ta kr\u0101sotiem, boj\u0101tiem un p\u0101rm\u0113r\u012bgi apstr\u0101d\u0101tiem matiem. Couleurs Couture Care kolekcija veicina kr\u0101sas ilgnotur\u012bbu, atjauno, stiprina un atdz\u012bvina matus dzi\u013ci no iek\u0161puses. Uzlabot\u0101 formula ir bag\u0101tin\u0101ta ar augst\u0101k\u0101s kvalit\u0101tes sast\u0101vda\u013c\u0101m un Balmain Hair rakstur\u012bgo arom\u0101tu.<\/p>\n<p><strong>LIETO\u0160ANA:<\/strong> Iekl\u0101jiet ar dvieli nosusin\u0101tos matos \u2013 no vidus l\u012bdz pa\u0161iem gali\u0146iem, maigi iemas\u0113jiet un p\u0113c 10-15 min\u016bt\u0113m r\u016bp\u012bgi izskalojiet.<\/p>","protected":false},"excerpt":{"rendered":"<p>BALMAIN HAIR Couleurs Couture Mask Mask for coloured hair. Intensively nourishes and protects colour. Restores damaged hair and adds shine.<\/p>","protected":false},"featured_media":2024,"comment_status":"open","ping_status":"closed","template":"","meta":{"_acf_changed":false},"matu-tips":[],"product_brand":[49],"product_cat":[55],"product_tag":[],"class_list":{"0":"post-1576","1":"product","2":"type-product","3":"status-publish","4":"has-post-thumbnail","6":"product_brand-balmain","7":"product_cat-matu-maskas","9":"first","10":"instock","11":"taxable","12":"shipping-taxable","13":"purchasable","14":"product-type-variable","15":"has-default-attributes"},"acf":[],"aioseo_notices":[],"_links":{"self":[{"href":"https:\/\/marfahairbar.lv\/en\/wp-json\/wp\/v2\/product\/1576","targetHints":{"allow":["GET"]}}],"collection":[{"href":"https:\/\/marfahairbar.lv\/en\/wp-json\/wp\/v2\/product"}],"about":[{"href":"https:\/\/marfahairbar.lv\/en\/wp-json\/wp\/v2\/types\/product"}],"replies":[{"embeddable":true,"href":"https:\/\/marfahairbar.lv\/en\/wp-json\/wp\/v2\/comments?post=1576"}],"wp:featuredmedia":[{"embeddable":true,"href":"https:\/\/marfahairbar.lv\/en\/wp-json\/wp\/v2\/media\/2024"}],"wp:attachment":[{"href":"https:\/\/marfahairbar.lv\/en\/wp-json\/wp\/v2\/media?parent=1576"}],"wp:term":[{"taxonomy":"matu-tips","embeddable":true,"href":"https:\/\/marfahairbar.lv\/en\/wp-json\/wp\/v2\/matu-tips?post=1576"},{"taxonomy":"product_brand","embeddable":true,"href":"https:\/\/marfahairbar.lv\/en\/wp-json\/wp\/v2\/product_brand?post=1576"},{"taxonomy":"product_cat","embeddable":true,"href":"https:\/\/marfahairbar.lv\/en\/wp-json\/wp\/v2\/product_cat?post=1576"},{"taxonomy":"product_tag","embeddable":true,"href":"https:\/\/marfahairbar.lv\/en\/wp-json\/wp\/v2\/product_tag?post=1576"}],"curies":[{"name":"wp","href":"https:\/\/api.w.org\/{rel}","templated":true}]}}