{"id":1575,"date":"2025-03-06T17:55:44","date_gmt":"2025-03-06T14:55:44","guid":{"rendered":"https:\/\/marfahairbar.lv\/produkts\/balmain-hair-professional-aftercare-conditioner\/"},"modified":"2025-05-12T17:21:56","modified_gmt":"2025-05-12T14:21:56","slug":"balmain-hair-professional-aftercare-conditioner","status":"publish","type":"product","link":"https:\/\/marfahairbar.lv\/en\/product-2\/balmain-hair-professional-aftercare-conditioner\/","title":{"rendered":"BALMAIN HAIR Professional Aftercare Conditioner"},"content":{"rendered":"<p>Lai matu pieaudz\u0113\u0161ana un dab\u012bgie mati b\u016btu ide\u0101l\u0101 st\u0101vokl\u012b, ir \u013coti svar\u012bgi izmantot profesion\u0101lus kop\u0161anas l\u012bdzek\u013cus. Profesion\u0101lais kop\u0161anas kondicionieris ir \u012bpa\u0161i izstr\u0101d\u0101ts, lai r\u016bp\u0113tos par dab\u012bgiem matiem un pieaudz\u0113tiem matiem. Barojo\u0161ais kondicionieris atjauno, mitrina un pie\u0161\u0137ir matiem z\u012bdainumu.<\/p>\n<p>Barojo\u0161s kondicionieris, kas bag\u0101tin\u0101ts ar kerat\u012bnu un saldo mande\u013cu e\u013c\u013cu. Baro un atjauno matu dabisko mitruma l\u012bdzsvaru. Kondicionieris pagarina pieaudz\u0113to matu kalpo\u0161anas laiku un ir neat\u0146emama kop\u0161anas sast\u0101vda\u013ca.<\/p>\n<ul>\n<li>Ikdienas kondicionieris pieaudz\u0113tiem matiem<\/li>\n<li>Baro un at\u0161\u0137etina<\/li>\n<li>Apstiprina 6 m\u0113ne\u0161u kvalit\u0101tes garantiju visiem Human Hair produktiem<\/li>\n<\/ul>\n<p><strong>Usage:<\/strong> Uzkl\u0101t ar dvieli nosusin\u0101tos matos, maigi iemas\u0113t un p\u0113c 3 min\u016bt\u0113m r\u016bp\u012bgi izskalot.<\/p>","protected":false},"excerpt":{"rendered":"<p>BALMAIN HAIR Professional Aftercare Conditioner Conditioner after chemical treatment. Restores hair structure and gives elasticity.<\/p>","protected":false},"featured_media":2021,"comment_status":"open","ping_status":"closed","template":"","meta":{"_acf_changed":false},"matu-tips":[82],"product_brand":[49],"product_cat":[36],"product_tag":[],"class_list":{"0":"post-1575","1":"product","2":"type-product","3":"status-publish","4":"has-post-thumbnail","6":"matu-tips-visiem-matu-tipiem","7":"product_brand-balmain","8":"product_cat-kondicionieri","10":"first","11":"instock","12":"taxable","13":"shipping-taxable","14":"purchasable","15":"product-type-variable","16":"has-default-attributes"},"acf":[],"aioseo_notices":[],"_links":{"self":[{"href":"https:\/\/marfahairbar.lv\/en\/wp-json\/wp\/v2\/product\/1575","targetHints":{"allow":["GET"]}}],"collection":[{"href":"https:\/\/marfahairbar.lv\/en\/wp-json\/wp\/v2\/product"}],"about":[{"href":"https:\/\/marfahairbar.lv\/en\/wp-json\/wp\/v2\/types\/product"}],"replies":[{"embeddable":true,"href":"https:\/\/marfahairbar.lv\/en\/wp-json\/wp\/v2\/comments?post=1575"}],"wp:featuredmedia":[{"embeddable":true,"href":"https:\/\/marfahairbar.lv\/en\/wp-json\/wp\/v2\/media\/2021"}],"wp:attachment":[{"href":"https:\/\/marfahairbar.lv\/en\/wp-json\/wp\/v2\/media?parent=1575"}],"wp:term":[{"taxonomy":"matu-tips","embeddable":true,"href":"https:\/\/marfahairbar.lv\/en\/wp-json\/wp\/v2\/matu-tips?post=1575"},{"taxonomy":"product_brand","embeddable":true,"href":"https:\/\/marfahairbar.lv\/en\/wp-json\/wp\/v2\/product_brand?post=1575"},{"taxonomy":"product_cat","embeddable":true,"href":"https:\/\/marfahairbar.lv\/en\/wp-json\/wp\/v2\/product_cat?post=1575"},{"taxonomy":"product_tag","embeddable":true,"href":"https:\/\/marfahairbar.lv\/en\/wp-json\/wp\/v2\/product_tag?post=1575"}],"curies":[{"name":"wp","href":"https:\/\/api.w.org\/{rel}","templated":true}]}}