{"id":1574,"date":"2025-03-06T17:55:44","date_gmt":"2025-03-06T14:55:44","guid":{"rendered":"https:\/\/marfahairbar.lv\/produkts\/balmain-hair-revitalizing-conditioner\/"},"modified":"2025-05-12T17:21:56","modified_gmt":"2025-05-12T14:21:56","slug":"balmain-hair-revitalising-conditioner","status":"publish","type":"product","link":"https:\/\/marfahairbar.lv\/en\/product-2\/balmain-hair-revitalising-conditioner\/","title":{"rendered":"BALMAIN HAIR Revitalising Conditioner"},"content":{"rendered":"<p>Viegls, barojo\u0161s kondicionieris sausiem, boj\u0101tiem matiem. Uzlabot\u0101 formula atjauno matu vitalit\u0101ti, nepadarot tos smagus. Padara matus gludus un viegli veidojamus.<\/p>\n<ul>\n<li>Atjauno matus no iek\u0161puses<\/li>\n<li>Intens\u012bvs uzturs<\/li>\n<li>Izveido gludus un sp\u012bd\u012bgus matus<\/li>\n<\/ul>\n<p>Viegls, barojo\u0161s kondicionieris, izcili piem\u0113rots sausiem un boj\u0101tiem matiem. Atjaunojo\u0161\u0101 formula nodro\u0161ina optim\u0101lu mitrin\u0101\u0161anu, baro un atjauno matu sp\u0113ku no iek\u0161puses, aizsarg\u0101 pret apk\u0101rt\u0113j\u0101s vides kait\u0113jumu un atjauno zaud\u0113to mirdzumu. Nepadara matus smagus. Pies\u0101tin\u0101ts ar E, F un P vitam\u012bniem, ka\u0161miru un AC Colorplex. Lab\u0101k\u0101s sast\u0101vda\u013cas sp\u012bd\u012bgiem, vesel\u012bgiem un mirdzo\u0161iem matiem. E, F un P vitam\u012bni pie\u0161\u0137ir matiem maksim\u0101lu ener\u0123ijas l\u0101di\u0146u. Vitam\u012bni aizsarg\u0101 galvas \u0101du un atjauno matus no sakn\u0113m l\u012bdz pa\u0161iem gali\u0146iem. Ka\u0161mira prote\u012bns pie\u0161\u0137ir matiem luksusa saj\u016btu un padara matus viegli veidojamus. AC Colorplex ir komplekss, kas izgatavots no melan\u012bna un jap\u0101\u0146u vasabi saknes. T\u0101 sast\u0101v\u0101 ir l\u012bdzeklis pret izbal\u0113\u0161anu, kas aizsarg\u0101 matus no UV stariem un nov\u0113r\u0161 matu kr\u0101sas izmai\u0146as.<\/p>\n<p><strong>LIETO\u0160ANA:<\/strong> Uzkl\u0101jiet uz izmazg\u0101tiem, ar dvieli nosusin\u0101tiem matiem un maigi iemas\u0113jiet. P\u0113c 3 min\u016bt\u0113m r\u016bp\u012bgi izskalojiet.<\/p>","protected":false},"excerpt":{"rendered":"<p>BALMAIN HAIR Revitalizing Conditioner revitalising conditioner for mature hair. Restores elasticity and shine to the hair.<\/p>","protected":false},"featured_media":2018,"comment_status":"open","ping_status":"closed","template":"","meta":{"_acf_changed":false},"matu-tips":[77],"product_brand":[49],"product_cat":[36],"product_tag":[],"class_list":{"0":"post-1574","1":"product","2":"type-product","3":"status-publish","4":"has-post-thumbnail","6":"matu-tips-sausiem-matiem","7":"product_brand-balmain","8":"product_cat-kondicionieri","10":"first","11":"instock","12":"taxable","13":"shipping-taxable","14":"purchasable","15":"product-type-variable","16":"has-default-attributes"},"acf":[],"aioseo_notices":[],"_links":{"self":[{"href":"https:\/\/marfahairbar.lv\/en\/wp-json\/wp\/v2\/product\/1574","targetHints":{"allow":["GET"]}}],"collection":[{"href":"https:\/\/marfahairbar.lv\/en\/wp-json\/wp\/v2\/product"}],"about":[{"href":"https:\/\/marfahairbar.lv\/en\/wp-json\/wp\/v2\/types\/product"}],"replies":[{"embeddable":true,"href":"https:\/\/marfahairbar.lv\/en\/wp-json\/wp\/v2\/comments?post=1574"}],"wp:featuredmedia":[{"embeddable":true,"href":"https:\/\/marfahairbar.lv\/en\/wp-json\/wp\/v2\/media\/2018"}],"wp:attachment":[{"href":"https:\/\/marfahairbar.lv\/en\/wp-json\/wp\/v2\/media?parent=1574"}],"wp:term":[{"taxonomy":"matu-tips","embeddable":true,"href":"https:\/\/marfahairbar.lv\/en\/wp-json\/wp\/v2\/matu-tips?post=1574"},{"taxonomy":"product_brand","embeddable":true,"href":"https:\/\/marfahairbar.lv\/en\/wp-json\/wp\/v2\/product_brand?post=1574"},{"taxonomy":"product_cat","embeddable":true,"href":"https:\/\/marfahairbar.lv\/en\/wp-json\/wp\/v2\/product_cat?post=1574"},{"taxonomy":"product_tag","embeddable":true,"href":"https:\/\/marfahairbar.lv\/en\/wp-json\/wp\/v2\/product_tag?post=1574"}],"curies":[{"name":"wp","href":"https:\/\/api.w.org\/{rel}","templated":true}]}}