{"id":1573,"date":"2025-03-06T17:55:43","date_gmt":"2025-03-06T14:55:43","guid":{"rendered":"https:\/\/marfahairbar.lv\/produkts\/balmain-hair-professional-aftercare-shampoo\/"},"modified":"2025-05-12T17:21:56","modified_gmt":"2025-05-12T14:21:56","slug":"balmain-hair-professional-aftercare-shampoo","status":"publish","type":"product","link":"https:\/\/marfahairbar.lv\/en\/product-2\/balmain-hair-professional-aftercare-shampoo\/","title":{"rendered":"BALMAIN HAIR Professional Aftercare Shampoo"},"content":{"rendered":"<p>Lai matu pieaudz\u0113\u0161ana un dab\u012bgie mati b\u016btu ide\u0101l\u0101 st\u0101vokl\u012b, ir \u013coti svar\u012bgi izmantot profesion\u0101lus kop\u0161anas l\u012bdzek\u013cus. Balmain Hair Professional Aftercare \u0161amp\u016bns ir \u012bpa\u0161i izstr\u0101d\u0101ts, lai r\u016bp\u0113tos par dab\u012bgiem matiem un pieaudz\u0113tiem matiem. Vieglais, mitrino\u0161ais un att\u012bro\u0161ais \u0161amp\u016bns atsvaidzina matus, saglab\u0101 matu kr\u0101su un pie\u0161\u0137ir t\u016bl\u012bt\u0113ju sp\u012bdumu.<\/p>\n<p>Maigs mitrino\u0161s l\u012bdzeklis, kas bag\u0101tin\u0101ts ar kerat\u012bnu un argana e\u013c\u013cu. Baro, mitrina un nodro\u0161ina ilgsto\u0161u mirdzumu un sp\u012bdumu. \u0160amp\u016bns pagarina pieaudz\u0113to matu kalpo\u0161anas laiku un ir neat\u0146emama kop\u0161anas sast\u0101vda\u013ca.<\/p>\n<ul>\n<li>Ikdienas \u0161amp\u016bns pieaidz\u0113tiem matiem<\/li>\n<li>Saglab\u0101 matu kr\u0101su<\/li>\n<li>Apstiprina 6 m\u0113ne\u0161u kvalit\u0101tes garantiju visiem Human Hair produktiem<\/li>\n<\/ul>\n<p><strong>Usage:<\/strong> Iekl\u0101t mitros matos, maigi iemas\u0113t un r\u016bp\u012bgi izskalot.<\/p>","protected":false},"excerpt":{"rendered":"<p>BALMAIN HAIR Professional Aftercare Shampoo after chemical treatment. Restores hair structure and moisturises damaged hair.<\/p>","protected":false},"featured_media":2015,"comment_status":"open","ping_status":"closed","template":"","meta":{"_acf_changed":false},"matu-tips":[82],"product_brand":[49],"product_cat":[35],"product_tag":[],"class_list":{"0":"post-1573","1":"product","2":"type-product","3":"status-publish","4":"has-post-thumbnail","6":"matu-tips-visiem-matu-tipiem","7":"product_brand-balmain","8":"product_cat-sampuni","10":"first","11":"instock","12":"taxable","13":"shipping-taxable","14":"purchasable","15":"product-type-variable","16":"has-default-attributes"},"acf":[],"aioseo_notices":[],"_links":{"self":[{"href":"https:\/\/marfahairbar.lv\/en\/wp-json\/wp\/v2\/product\/1573","targetHints":{"allow":["GET"]}}],"collection":[{"href":"https:\/\/marfahairbar.lv\/en\/wp-json\/wp\/v2\/product"}],"about":[{"href":"https:\/\/marfahairbar.lv\/en\/wp-json\/wp\/v2\/types\/product"}],"replies":[{"embeddable":true,"href":"https:\/\/marfahairbar.lv\/en\/wp-json\/wp\/v2\/comments?post=1573"}],"wp:featuredmedia":[{"embeddable":true,"href":"https:\/\/marfahairbar.lv\/en\/wp-json\/wp\/v2\/media\/2015"}],"wp:attachment":[{"href":"https:\/\/marfahairbar.lv\/en\/wp-json\/wp\/v2\/media?parent=1573"}],"wp:term":[{"taxonomy":"matu-tips","embeddable":true,"href":"https:\/\/marfahairbar.lv\/en\/wp-json\/wp\/v2\/matu-tips?post=1573"},{"taxonomy":"product_brand","embeddable":true,"href":"https:\/\/marfahairbar.lv\/en\/wp-json\/wp\/v2\/product_brand?post=1573"},{"taxonomy":"product_cat","embeddable":true,"href":"https:\/\/marfahairbar.lv\/en\/wp-json\/wp\/v2\/product_cat?post=1573"},{"taxonomy":"product_tag","embeddable":true,"href":"https:\/\/marfahairbar.lv\/en\/wp-json\/wp\/v2\/product_tag?post=1573"}],"curies":[{"name":"wp","href":"https:\/\/api.w.org\/{rel}","templated":true}]}}