{"id":1572,"date":"2025-03-06T17:55:43","date_gmt":"2025-03-06T14:55:43","guid":{"rendered":"https:\/\/marfahairbar.lv\/produkts\/balmain-hair-illuminating-shampoo-silver-pearl\/"},"modified":"2025-05-12T17:21:56","modified_gmt":"2025-05-12T14:21:56","slug":"balmain-hair-illuminating-shampoo-silver-pearl","status":"publish","type":"product","link":"https:\/\/marfahairbar.lv\/en\/product-2\/balmain-hair-illuminating-shampoo-silver-pearl\/","title":{"rendered":"BALMAIN HAIR Illuminating Shampoo Silver Pearl"},"content":{"rendered":"<p>Brightening cleansing shampoo for blonde and silver coloured hair. The violet pigment neutralises unwanted yellow and orange tints. For shinier hair with a cool, crystalline grey shade.<\/p>\n<ul>\n<li>Great for bleached, grey or hair with bleached strands<\/li>\n<li>Corrects warm and rusty tones<\/li>\n<li>Brighten your hair<\/li>\n<\/ul>\n<p>Bleached blonde hair, or hair with bleached strands, requires careful and constant care. Hair care products enriched with violet pigments are needed between colouring to prevent unwanted warm tones. Silver Pearl Brightening Shampoo prevents rusty shine, cleanses and moisturises the hair. The shampoo neutralises unwanted warm (yellow) tones, gently cleanses while providing optimal hydration. Specially formulated for cool blonde or grey hair. Enriched with a characteristic blend of Argan Elixir and Silk Protein to repair hair from within.<\/p>\n<p><strong>LIETO\u0160ANA:<\/strong> Uzkl\u0101jiet uz mitriem matiem, maigi iemas\u0113jiet un atst\u0101jiet vismaz 3 min\u016btes, r\u016bp\u012bgi izskalojiet.<\/p>\n<p>Repeat the procedure until the desired result is achieved. Excessive use is not recommended as the product has a brightening effect on the hair which cannot be rinsed away. Do not spray on skin\/ clothes<\/p>","protected":false},"excerpt":{"rendered":"<p>BALMAIN HAIR Illuminating Shampoo Silver Pearl Illuminating Shampoo for silver and grey hair. Eliminates yellow tones.<\/p>","protected":false},"featured_media":2012,"comment_status":"open","ping_status":"closed","template":"","meta":{"_acf_changed":false},"matu-tips":[80],"product_brand":[49],"product_cat":[76,35],"product_tag":[],"class_list":{"0":"post-1572","1":"product","2":"type-product","3":"status-publish","4":"has-post-thumbnail","6":"matu-tips-krasotiem-matiem","7":"product_brand-balmain","8":"product_cat-matu-tonesanai","9":"product_cat-sampuni","11":"first","12":"instock","13":"taxable","14":"shipping-taxable","15":"purchasable","16":"product-type-variable","17":"has-default-attributes"},"acf":[],"aioseo_notices":[],"_links":{"self":[{"href":"https:\/\/marfahairbar.lv\/en\/wp-json\/wp\/v2\/product\/1572","targetHints":{"allow":["GET"]}}],"collection":[{"href":"https:\/\/marfahairbar.lv\/en\/wp-json\/wp\/v2\/product"}],"about":[{"href":"https:\/\/marfahairbar.lv\/en\/wp-json\/wp\/v2\/types\/product"}],"replies":[{"embeddable":true,"href":"https:\/\/marfahairbar.lv\/en\/wp-json\/wp\/v2\/comments?post=1572"}],"wp:featuredmedia":[{"embeddable":true,"href":"https:\/\/marfahairbar.lv\/en\/wp-json\/wp\/v2\/media\/2012"}],"wp:attachment":[{"href":"https:\/\/marfahairbar.lv\/en\/wp-json\/wp\/v2\/media?parent=1572"}],"wp:term":[{"taxonomy":"matu-tips","embeddable":true,"href":"https:\/\/marfahairbar.lv\/en\/wp-json\/wp\/v2\/matu-tips?post=1572"},{"taxonomy":"product_brand","embeddable":true,"href":"https:\/\/marfahairbar.lv\/en\/wp-json\/wp\/v2\/product_brand?post=1572"},{"taxonomy":"product_cat","embeddable":true,"href":"https:\/\/marfahairbar.lv\/en\/wp-json\/wp\/v2\/product_cat?post=1572"},{"taxonomy":"product_tag","embeddable":true,"href":"https:\/\/marfahairbar.lv\/en\/wp-json\/wp\/v2\/product_tag?post=1572"}],"curies":[{"name":"wp","href":"https:\/\/api.w.org\/{rel}","templated":true}]}}