{"id":1570,"date":"2025-03-06T17:55:41","date_gmt":"2025-03-06T14:55:41","guid":{"rendered":"https:\/\/marfahairbar.lv\/produkts\/balmain-hair-revitalizing-shampoo\/"},"modified":"2025-05-12T17:21:56","modified_gmt":"2025-05-12T14:21:56","slug":"balmain-hair-revitalising-shampoo","status":"publish","type":"product","link":"https:\/\/marfahairbar.lv\/en\/product-2\/balmain-hair-revitalising-shampoo\/","title":{"rendered":"BALMAIN HAIR Revitalising Shampoo"},"content":{"rendered":"<p>Gently cleanses hair, providing optimal hydration for dry, damaged hair. Moisturises, nourishes and restores hair from within. Gives hair strength and makes it easy to style.<\/p>\n<ul>\n<li>Optimal nutrition for damaged hair<\/li>\n<li>Rejuvenating procedure<\/li>\n<li>Giving strength<\/li>\n<\/ul>\n<p>An intensive rejuvenating treatment that strengthens and restores the hair from the inside. The advanced formula includes vitamins E, F and P and cashmere protein. The combination of these vitamins creates smooth and soft hair. Vitamin E strengthens and revitalises the hair. Vitamin F pampers the scalp; it acts as a skin conditioner. Vitamin P acts as a repairing agent for dry and damaged hair. Cashmere proteins give hair a soft feel and make it stronger. The texture of cashmere is fine, yet strong and light; it makes hair flexible and easy to style.<\/p>\n<p><strong>LIETO\u0160ANA:<\/strong> Uzkl\u0101jiet uz mitriem matiem, maigi iemas\u0113jiet un r\u016bp\u012bgi izskalojiet.<\/p>","protected":false},"excerpt":{"rendered":"<p>BALMAIN HAIR Revitalizing Shampoo for mature hair. Gives vitality and elasticity to the hair. Restores hair structure.<\/p>","protected":false},"featured_media":2006,"comment_status":"open","ping_status":"closed","template":"","meta":{"_acf_changed":false},"matu-tips":[77],"product_brand":[49],"product_cat":[35],"product_tag":[],"class_list":{"0":"post-1570","1":"product","2":"type-product","3":"status-publish","4":"has-post-thumbnail","6":"matu-tips-sausiem-matiem","7":"product_brand-balmain","8":"product_cat-sampuni","10":"first","11":"instock","12":"taxable","13":"shipping-taxable","14":"purchasable","15":"product-type-variable","16":"has-default-attributes"},"acf":[],"aioseo_notices":[],"_links":{"self":[{"href":"https:\/\/marfahairbar.lv\/en\/wp-json\/wp\/v2\/product\/1570","targetHints":{"allow":["GET"]}}],"collection":[{"href":"https:\/\/marfahairbar.lv\/en\/wp-json\/wp\/v2\/product"}],"about":[{"href":"https:\/\/marfahairbar.lv\/en\/wp-json\/wp\/v2\/types\/product"}],"replies":[{"embeddable":true,"href":"https:\/\/marfahairbar.lv\/en\/wp-json\/wp\/v2\/comments?post=1570"}],"wp:featuredmedia":[{"embeddable":true,"href":"https:\/\/marfahairbar.lv\/en\/wp-json\/wp\/v2\/media\/2006"}],"wp:attachment":[{"href":"https:\/\/marfahairbar.lv\/en\/wp-json\/wp\/v2\/media?parent=1570"}],"wp:term":[{"taxonomy":"matu-tips","embeddable":true,"href":"https:\/\/marfahairbar.lv\/en\/wp-json\/wp\/v2\/matu-tips?post=1570"},{"taxonomy":"product_brand","embeddable":true,"href":"https:\/\/marfahairbar.lv\/en\/wp-json\/wp\/v2\/product_brand?post=1570"},{"taxonomy":"product_cat","embeddable":true,"href":"https:\/\/marfahairbar.lv\/en\/wp-json\/wp\/v2\/product_cat?post=1570"},{"taxonomy":"product_tag","embeddable":true,"href":"https:\/\/marfahairbar.lv\/en\/wp-json\/wp\/v2\/product_tag?post=1570"}],"curies":[{"name":"wp","href":"https:\/\/api.w.org\/{rel}","templated":true}]}}