{"id":1569,"date":"2025-03-06T17:55:41","date_gmt":"2025-03-06T14:55:41","guid":{"rendered":"https:\/\/marfahairbar.lv\/produkts\/balmain-hair-dry-shampoo\/"},"modified":"2025-05-12T17:21:56","modified_gmt":"2025-05-12T14:21:56","slug":"balmain-hair-dry-shampoo","status":"publish","type":"product","link":"https:\/\/marfahairbar.lv\/en\/product-2\/balmain-hair-dry-shampoo\/","title":{"rendered":"BALMAIN HAIR Dry Shampoo"},"content":{"rendered":"<p>T\u016bl\u012bt\u0113ji atsvaidzino\u0161s sausais \u0161amp\u016bns. Tas absorb\u0113 e\u013c\u013cas un lieko sebumu, vienlaikus pace\u013cot saknes un pie\u0161\u0137irot apjomu. Ide\u0101li piem\u0113rots mat\u0113tu un apjom\u012bgu matu sak\u0101rtojumu veido\u0161anai.<\/p>\n<ul>\n<li>Atsvaidzina matus<\/li>\n<li>Pie\u0161\u0137ir apjomu<\/li>\n<li>Ar rakstur\u012bgo Balmain Hair arom\u0101tu<\/li>\n<\/ul>\n<p>Sausais \u0161amp\u016bns ir \u012bpa\u0161i izstr\u0101d\u0101ts, lai acumirkl\u012b atsvaidzin\u0101tu taukainus matus. \u0160is daudzfunkcion\u0101lais produkts, kas bag\u0101tin\u0101ts ar rakstur\u012bgo argana eliks\u012bra un z\u012bda prote\u012bna mais\u012bjumu, sniedz svaiguma saj\u016btu, vienlaikus darbojoties k\u0101 apjoma palielin\u0101t\u0101js. Sausais \u0161amp\u016bns absorb\u0113 net\u012brumus, vienlaikus sniedzot \u201ctikko izmazg\u0101tu matu\u201d saj\u016btu. Viegl\u0101 formula pace\u013c matus pie sakn\u0113m, lai rad\u012btu izcilu rezult\u0101tu. Balmain Hair rakstur\u012bgais arom\u0101ts nov\u0113r\u0161 nev\u0113lam\u0101s smakas un atst\u0101j matos smalku atsvaidzino\u0161u smar\u017eu.<\/p>\n<p><strong>LIETO\u0160ANA:<\/strong> Pirms lieto\u0161anas k\u0101rt\u012bgi sakratiet. Turiet pudel\u012bti 20-30 cm att\u0101lum\u0101 no matiem un izsmidziniet starp \u0161\u0137ipsn\u0101m. \u013baujiet no\u017e\u016bt un izpuriniet\/iz\u0137emm\u0113jiet lieko produktu.<\/p>","protected":false},"excerpt":{"rendered":"<p>BALMAIN HAIR Dry Shampoo is a dry shampoo that refreshes your hair between washes. Absorbs sebum and leaves hair feeling fresh.<\/p>","protected":false},"featured_media":2001,"comment_status":"open","ping_status":"closed","template":"","meta":{"_acf_changed":false},"matu-tips":[],"product_brand":[49],"product_cat":[60,57],"product_tag":[],"class_list":{"0":"post-1569","1":"product","2":"type-product","3":"status-publish","4":"has-post-thumbnail","6":"product_brand-balmain","7":"product_cat-matu-veidosanai","8":"product_cat-sausie-sampuni","10":"first","11":"instock","12":"taxable","13":"shipping-taxable","14":"purchasable","15":"product-type-variable","16":"has-default-attributes"},"acf":[],"aioseo_notices":[],"_links":{"self":[{"href":"https:\/\/marfahairbar.lv\/en\/wp-json\/wp\/v2\/product\/1569","targetHints":{"allow":["GET"]}}],"collection":[{"href":"https:\/\/marfahairbar.lv\/en\/wp-json\/wp\/v2\/product"}],"about":[{"href":"https:\/\/marfahairbar.lv\/en\/wp-json\/wp\/v2\/types\/product"}],"replies":[{"embeddable":true,"href":"https:\/\/marfahairbar.lv\/en\/wp-json\/wp\/v2\/comments?post=1569"}],"wp:featuredmedia":[{"embeddable":true,"href":"https:\/\/marfahairbar.lv\/en\/wp-json\/wp\/v2\/media\/2001"}],"wp:attachment":[{"href":"https:\/\/marfahairbar.lv\/en\/wp-json\/wp\/v2\/media?parent=1569"}],"wp:term":[{"taxonomy":"matu-tips","embeddable":true,"href":"https:\/\/marfahairbar.lv\/en\/wp-json\/wp\/v2\/matu-tips?post=1569"},{"taxonomy":"product_brand","embeddable":true,"href":"https:\/\/marfahairbar.lv\/en\/wp-json\/wp\/v2\/product_brand?post=1569"},{"taxonomy":"product_cat","embeddable":true,"href":"https:\/\/marfahairbar.lv\/en\/wp-json\/wp\/v2\/product_cat?post=1569"},{"taxonomy":"product_tag","embeddable":true,"href":"https:\/\/marfahairbar.lv\/en\/wp-json\/wp\/v2\/product_tag?post=1569"}],"curies":[{"name":"wp","href":"https:\/\/api.w.org\/{rel}","templated":true}]}}