{"id":1566,"date":"2025-03-06T17:55:39","date_gmt":"2025-03-06T14:55:39","guid":{"rendered":"https:\/\/marfahairbar.lv\/produkts\/balmain-hair-couleurs-couture-shampoo\/"},"modified":"2025-05-12T17:21:49","modified_gmt":"2025-05-12T14:21:49","slug":"balmain-hair-couleurs-couture-shampoo","status":"publish","type":"product","link":"https:\/\/marfahairbar.lv\/en\/product-2\/balmain-hair-couleurs-couture-shampoo\/","title":{"rendered":"BALMAIN HAIR Couleurs Couture Shampoo"},"content":{"rendered":"<p>A revitalising and gently cleansing shampoo for coloured, damaged and over-processed hair. Enriched with a unique blend of Argan Elixir, Silk and Cashmere Protein to deeply nourish and strengthen hair. UV protection improves colour fastness.<\/p>\n<ul>\n<li>Unique combination of silk amino acids and cashmere protein<\/li>\n<li>Colour fastness<\/li>\n<li>Atjaunojo\u0161s<\/li>\n<\/ul>\n<p>Balmain Hair Couleurs Couture Shampoo is the perfect restorative treatment for colour-treated, damaged and over-processed hair. It improves colour longevity, restores, strengthens and deeply revitalises the hair from within. Long-lasting benefits come from carefully selected key ingredients - argan elixir, silk and cashmere proteins, fortified with quinoa seed and coconut oil. This unique combination of ingredients deeply strengthens and moisturises hair, leaving it incredibly soft and easy to detangle.<\/p>\n<p><strong>LIETO\u0160ANA:<\/strong> Uzkl\u0101jiet uz mitriem matiem, maigi iemas\u0113jiet un r\u016bp\u012bgi izskalojiet.<\/p>","protected":false},"excerpt":{"rendered":"<p>BALMAIN HAIR Couleurs Couture Shampoo for coloured hair. Protects colour from fading and adds brightness. Prolongs colour fastness.<\/p>","protected":false},"featured_media":1992,"comment_status":"open","ping_status":"closed","template":"","meta":{"_acf_changed":false},"matu-tips":[80,77],"product_brand":[49],"product_cat":[35],"product_tag":[],"class_list":{"0":"post-1566","1":"product","2":"type-product","3":"status-publish","4":"has-post-thumbnail","6":"matu-tips-krasotiem-matiem","7":"matu-tips-sausiem-matiem","8":"product_brand-balmain","9":"product_cat-sampuni","11":"first","12":"instock","13":"taxable","14":"shipping-taxable","15":"purchasable","16":"product-type-variable","17":"has-default-attributes"},"acf":[],"aioseo_notices":[],"_links":{"self":[{"href":"https:\/\/marfahairbar.lv\/en\/wp-json\/wp\/v2\/product\/1566","targetHints":{"allow":["GET"]}}],"collection":[{"href":"https:\/\/marfahairbar.lv\/en\/wp-json\/wp\/v2\/product"}],"about":[{"href":"https:\/\/marfahairbar.lv\/en\/wp-json\/wp\/v2\/types\/product"}],"replies":[{"embeddable":true,"href":"https:\/\/marfahairbar.lv\/en\/wp-json\/wp\/v2\/comments?post=1566"}],"wp:featuredmedia":[{"embeddable":true,"href":"https:\/\/marfahairbar.lv\/en\/wp-json\/wp\/v2\/media\/1992"}],"wp:attachment":[{"href":"https:\/\/marfahairbar.lv\/en\/wp-json\/wp\/v2\/media?parent=1566"}],"wp:term":[{"taxonomy":"matu-tips","embeddable":true,"href":"https:\/\/marfahairbar.lv\/en\/wp-json\/wp\/v2\/matu-tips?post=1566"},{"taxonomy":"product_brand","embeddable":true,"href":"https:\/\/marfahairbar.lv\/en\/wp-json\/wp\/v2\/product_brand?post=1566"},{"taxonomy":"product_cat","embeddable":true,"href":"https:\/\/marfahairbar.lv\/en\/wp-json\/wp\/v2\/product_cat?post=1566"},{"taxonomy":"product_tag","embeddable":true,"href":"https:\/\/marfahairbar.lv\/en\/wp-json\/wp\/v2\/product_tag?post=1566"}],"curies":[{"name":"wp","href":"https:\/\/api.w.org\/{rel}","templated":true}]}}