{"id":1565,"date":"2025-03-06T17:55:39","date_gmt":"2025-03-06T14:55:39","guid":{"rendered":"https:\/\/marfahairbar.lv\/produkts\/balmain-hair-moisturizing-conditioner\/"},"modified":"2025-05-12T17:21:49","modified_gmt":"2025-05-12T14:21:49","slug":"balmain-hair-moisturizing-conditioner","status":"publish","type":"product","link":"https:\/\/marfahairbar.lv\/en\/product-2\/balmain-hair-moisturizing-conditioner\/","title":{"rendered":"BALMAIN HAIR Moisturising Conditioner"},"content":{"rendered":"<p>A particularly nourishing conditioner for natural or coloured hair. Protects, detangles and revitalises hair. UV filters protect hair against UV radiation and improve colour fastness. Gives shine and elasticity.,Nutrition for healthy-looking hair,Makes hair shiny, soft and smooth,Prevent frizz,Light conditioner enriched with pure organic argan oil that makes hair smooth. Argania Spinosa oil, better known as Argan oil, extracted from the fruit of the Moroccan argan tree. The conditioner absorbs easily, adds shine and protects damaged hair. The creamy formula nourishes strands and leaves a light touch. The result is manageable hair that is easy to detangle by combing, avoiding breakage.Enriched with Pro-Vitamin B5 to improve moisture retention and hair elasticity, it softens the hair and creates a brilliant shine. Backstage Secret:,Apply from mid-lengths to ends, relax and think of Paris for three minutes!,BALMAIN HAIR Moisturizing Conditioner 300ml<\/p>\n<ul>\n<li>Uzturs vesel\u012bga izskata matiem<\/li>\n<li>Padara matus sp\u012bd\u012bgus, m\u012bkstus un gludus<\/li>\n<li>Nov\u0113rst spuro\u0161anos<\/li>\n<\/ul>\n<p>Viegls kondicionieris, kas bag\u0101tin\u0101ts ar t\u012bru organisko argana e\u013c\u013cu, kas padara matus gludus. Argania Spinosa e\u013c\u013ca, lab\u0101k paz\u012bstama k\u0101 Argana e\u013c\u013ca, kas ieg\u016bta no Marokas argana koka aug\u013ciem. Kondicionieris viegli ies\u016bcas, pie\u0161\u0137ir sp\u012bdumu un aizsarg\u0101 boj\u0101tus matus. Kr\u0113mveida formula baro matu \u0161\u0137ipsnas un atst\u0101j vieglu piesk\u0101rienu. Rezult\u0101ts ir paklaus\u012bgi mati, kurus viegli at\u0161\u0137etin\u0101t \u0137emm\u0113jot, izvairoties no matu l\u016b\u0161anas.<\/p>\n<p>Pies\u0101tin\u0101ts ar Pro-Vitamin B5, lai uzlabotu mitruma saglab\u0101\u0161anos un matu elast\u012bbu, tas m\u012bkstina matus un rada izcilu sp\u012bdumu. Sniedz matiem vitam\u012bnu devu un stimul\u0113 matu aug\u0161anu.<\/p>\n<p><strong>LIETO\u0160ANA:<\/strong> Uzkl\u0101jiet uz izmazg\u0101tiem, ar dvieli nosusin\u0101tiem matiem un maigi iemas\u0113jiet. P\u0113c 3 min\u016bt\u0113m r\u016bp\u012bgi izskalojiet.<\/p>\n<p><strong>Backstage Secret:<\/strong> Uzkl\u0101jiet no matu vidusda\u013cas l\u012bdz gali\u0146iem, atsl\u0101binieties un tr\u012bs min\u016btes dom\u0101jiet par Par\u012bzi!<\/p>","protected":false},"excerpt":{"rendered":"<p>BALMAIN HAIR Moisturizing Conditioner moisturising conditioner for dry hair. Contains argan oil that intensively nourishes and protects the hair.<\/p>","protected":false},"featured_media":1985,"comment_status":"open","ping_status":"closed","template":"","meta":{"_acf_changed":false},"matu-tips":[80,77],"product_brand":[49],"product_cat":[36],"product_tag":[],"class_list":{"0":"post-1565","1":"product","2":"type-product","3":"status-publish","4":"has-post-thumbnail","6":"matu-tips-krasotiem-matiem","7":"matu-tips-sausiem-matiem","8":"product_brand-balmain","9":"product_cat-kondicionieri","11":"first","12":"instock","13":"taxable","14":"shipping-taxable","15":"purchasable","16":"product-type-variable","17":"has-default-attributes"},"acf":[],"aioseo_notices":[],"_links":{"self":[{"href":"https:\/\/marfahairbar.lv\/en\/wp-json\/wp\/v2\/product\/1565","targetHints":{"allow":["GET"]}}],"collection":[{"href":"https:\/\/marfahairbar.lv\/en\/wp-json\/wp\/v2\/product"}],"about":[{"href":"https:\/\/marfahairbar.lv\/en\/wp-json\/wp\/v2\/types\/product"}],"replies":[{"embeddable":true,"href":"https:\/\/marfahairbar.lv\/en\/wp-json\/wp\/v2\/comments?post=1565"}],"wp:featuredmedia":[{"embeddable":true,"href":"https:\/\/marfahairbar.lv\/en\/wp-json\/wp\/v2\/media\/1985"}],"wp:attachment":[{"href":"https:\/\/marfahairbar.lv\/en\/wp-json\/wp\/v2\/media?parent=1565"}],"wp:term":[{"taxonomy":"matu-tips","embeddable":true,"href":"https:\/\/marfahairbar.lv\/en\/wp-json\/wp\/v2\/matu-tips?post=1565"},{"taxonomy":"product_brand","embeddable":true,"href":"https:\/\/marfahairbar.lv\/en\/wp-json\/wp\/v2\/product_brand?post=1565"},{"taxonomy":"product_cat","embeddable":true,"href":"https:\/\/marfahairbar.lv\/en\/wp-json\/wp\/v2\/product_cat?post=1565"},{"taxonomy":"product_tag","embeddable":true,"href":"https:\/\/marfahairbar.lv\/en\/wp-json\/wp\/v2\/product_tag?post=1565"}],"curies":[{"name":"wp","href":"https:\/\/api.w.org\/{rel}","templated":true}]}}