{"id":1564,"date":"2025-03-06T17:55:38","date_gmt":"2025-03-06T14:55:38","guid":{"rendered":"https:\/\/marfahairbar.lv\/produkts\/balmain-hair-volume-conditioner\/"},"modified":"2025-05-12T17:21:49","modified_gmt":"2025-05-12T14:21:49","slug":"balmain-hair-volume-conditioner","status":"publish","type":"product","link":"https:\/\/marfahairbar.lv\/en\/product-2\/balmain-hair-volume-conditioner\/","title":{"rendered":"BALMAIN HAIR Volume Conditioner"},"content":{"rendered":"<p>A gentle, light conditioner. Moisturises and volumises thin, fine hair. Nourishes and restores hair from within. Creates flexible, shiny and thicker hair.,Daily conditioner,Increases volume without making hair heavy,Improves hair texture,Volumising moisturiser that lifts thin and fine hair. Enhances natural shine and makes hair easy to detangle without frizz. Restores hair texture throughout, allowing hair to regain texture and volume. Formulated with Silk Protein and Argan Oil for optimum hydration, resulting in stronger, healthier-looking hair. Protects hair against UV rays to avoid damaged and dull-looking hair.,FOR USE:,BALMAIN HAIR Volume Conditioner 300ml<\/p>\n<ul>\n<li>Ikdienas kondicionieris<\/li>\n<li>Palielina apjomu, nepadarot tos smagus<\/li>\n<li>Uzlabo matu tekst\u016bru<\/li>\n<\/ul>\n<p>Apjomu veidojo\u0161s mitrin\u0101t\u0101js, kas pace\u013c pl\u0101nus un smalkus matus. Uzlabo dabisko mirdzumu un padara matus viegli at\u0161\u0137etin\u0101mus bez spuro\u0161an\u0101s. Atjauno matu strukt\u016bru vis\u0101 to garum\u0101, \u013caujot matiem atg\u016bt tekst\u016bru un apjomu. Izstr\u0101d\u0101ts ar z\u012bda prote\u012bnu un argana e\u013c\u013cu, kas nodro\u0161ina optim\u0101lu matu mitrin\u0101\u0161anu, k\u0101 rezult\u0101t\u0101 mati izskat\u0101s stipr\u0101ki un vesel\u012bg\u0101ki. Aizsarg\u0101 matus pret UV stariem, lai izvair\u012btos no boj\u0101tiem un bl\u0101va izskata matiem.<\/p>\n<p><strong>LIETO\u0160ANAI:<\/strong> Uzkl\u0101jiet uz izmazg\u0101tiem, ar dvieli nosusin\u0101tiem matiem un maigi iemas\u0113jiet. P\u0113c 3 min\u016bt\u0113m r\u016bp\u012bgi izskalojiet.<\/p>","protected":false},"excerpt":{"rendered":"<p>BALMAIN HAIR Volume Conditioner volumising conditioner for fine hair. Gives thickness and texture. Eases combing.<\/p>","protected":false},"featured_media":1982,"comment_status":"open","ping_status":"closed","template":"","meta":{"_acf_changed":false},"matu-tips":[79],"product_brand":[49],"product_cat":[36],"product_tag":[],"class_list":{"0":"post-1564","1":"product","2":"type-product","3":"status-publish","4":"has-post-thumbnail","6":"matu-tips-planiem-matiem","7":"product_brand-balmain","8":"product_cat-kondicionieri","10":"first","11":"instock","12":"taxable","13":"shipping-taxable","14":"purchasable","15":"product-type-variable","16":"has-default-attributes"},"acf":[],"aioseo_notices":[],"_links":{"self":[{"href":"https:\/\/marfahairbar.lv\/en\/wp-json\/wp\/v2\/product\/1564","targetHints":{"allow":["GET"]}}],"collection":[{"href":"https:\/\/marfahairbar.lv\/en\/wp-json\/wp\/v2\/product"}],"about":[{"href":"https:\/\/marfahairbar.lv\/en\/wp-json\/wp\/v2\/types\/product"}],"replies":[{"embeddable":true,"href":"https:\/\/marfahairbar.lv\/en\/wp-json\/wp\/v2\/comments?post=1564"}],"wp:featuredmedia":[{"embeddable":true,"href":"https:\/\/marfahairbar.lv\/en\/wp-json\/wp\/v2\/media\/1982"}],"wp:attachment":[{"href":"https:\/\/marfahairbar.lv\/en\/wp-json\/wp\/v2\/media?parent=1564"}],"wp:term":[{"taxonomy":"matu-tips","embeddable":true,"href":"https:\/\/marfahairbar.lv\/en\/wp-json\/wp\/v2\/matu-tips?post=1564"},{"taxonomy":"product_brand","embeddable":true,"href":"https:\/\/marfahairbar.lv\/en\/wp-json\/wp\/v2\/product_brand?post=1564"},{"taxonomy":"product_cat","embeddable":true,"href":"https:\/\/marfahairbar.lv\/en\/wp-json\/wp\/v2\/product_cat?post=1564"},{"taxonomy":"product_tag","embeddable":true,"href":"https:\/\/marfahairbar.lv\/en\/wp-json\/wp\/v2\/product_tag?post=1564"}],"curies":[{"name":"wp","href":"https:\/\/api.w.org\/{rel}","templated":true}]}}