{"id":1563,"date":"2025-03-06T17:55:38","date_gmt":"2025-03-06T14:55:38","guid":{"rendered":"https:\/\/marfahairbar.lv\/produkts\/balmain-hair-volume-shampoo\/"},"modified":"2025-05-12T17:21:49","modified_gmt":"2025-05-12T14:21:49","slug":"balmain-hair-volume-shampoo","status":"publish","type":"product","link":"https:\/\/marfahairbar.lv\/en\/product-2\/balmain-hair-volume-shampoo\/","title":{"rendered":"BALMAIN HAIR Volume Shampoo"},"content":{"rendered":"<p>A light, gentle cleansing shampoo. Adds volume to thin and fine hair. Specially formulated to create shiny, manageable and voluminous hair.<\/p>\n<ul>\n<li>Daily treatment for thin and fine hair<\/li>\n<li>Increases volume without making hair heavy<\/li>\n<li>Protects against UV rays<\/li>\n<\/ul>\n<p>A shampoo that cleanses the scalp and hair while lifting fine and thin hair. Gently removes excess sebum, which normally makes hair heavy. Strengthens the hair fibre to improve texture and volume. Designed for extra voluminous hair. The rich blend of oils and amino acids protects hair against UV rays to prevent damage and split ends. Leaves hair moisturised, soft and with a natural shine.<\/p>\n<p><strong>LIETO\u0160ANA:<\/strong> Uzkl\u0101jiet uz mitriem matiem, maigi iemas\u0113jiet un r\u016bp\u012bgi izskalojiet.<\/p>","protected":false},"excerpt":{"rendered":"<p>BALMAIN HAIR Volume Shampoo volumising shampoo for fine hair. Makes hair thicker and fuller. Does not weigh hair down.<\/p>","protected":false},"featured_media":1979,"comment_status":"open","ping_status":"closed","template":"","meta":{"_acf_changed":false},"matu-tips":[79],"product_brand":[49],"product_cat":[35],"product_tag":[],"class_list":{"0":"post-1563","1":"product","2":"type-product","3":"status-publish","4":"has-post-thumbnail","6":"matu-tips-planiem-matiem","7":"product_brand-balmain","8":"product_cat-sampuni","10":"first","11":"instock","12":"taxable","13":"shipping-taxable","14":"purchasable","15":"product-type-variable","16":"has-default-attributes"},"acf":[],"aioseo_notices":[],"_links":{"self":[{"href":"https:\/\/marfahairbar.lv\/en\/wp-json\/wp\/v2\/product\/1563","targetHints":{"allow":["GET"]}}],"collection":[{"href":"https:\/\/marfahairbar.lv\/en\/wp-json\/wp\/v2\/product"}],"about":[{"href":"https:\/\/marfahairbar.lv\/en\/wp-json\/wp\/v2\/types\/product"}],"replies":[{"embeddable":true,"href":"https:\/\/marfahairbar.lv\/en\/wp-json\/wp\/v2\/comments?post=1563"}],"wp:featuredmedia":[{"embeddable":true,"href":"https:\/\/marfahairbar.lv\/en\/wp-json\/wp\/v2\/media\/1979"}],"wp:attachment":[{"href":"https:\/\/marfahairbar.lv\/en\/wp-json\/wp\/v2\/media?parent=1563"}],"wp:term":[{"taxonomy":"matu-tips","embeddable":true,"href":"https:\/\/marfahairbar.lv\/en\/wp-json\/wp\/v2\/matu-tips?post=1563"},{"taxonomy":"product_brand","embeddable":true,"href":"https:\/\/marfahairbar.lv\/en\/wp-json\/wp\/v2\/product_brand?post=1563"},{"taxonomy":"product_cat","embeddable":true,"href":"https:\/\/marfahairbar.lv\/en\/wp-json\/wp\/v2\/product_cat?post=1563"},{"taxonomy":"product_tag","embeddable":true,"href":"https:\/\/marfahairbar.lv\/en\/wp-json\/wp\/v2\/product_tag?post=1563"}],"curies":[{"name":"wp","href":"https:\/\/api.w.org\/{rel}","templated":true}]}}