{"id":1562,"date":"2025-03-06T17:55:36","date_gmt":"2025-03-06T14:55:36","guid":{"rendered":"https:\/\/marfahairbar.lv\/produkts\/balmain-hair-moisturizing-shampoo\/"},"modified":"2025-05-12T17:21:49","modified_gmt":"2025-05-12T14:21:49","slug":"balmain-hair-moisturizing-shampoo","status":"publish","type":"product","link":"https:\/\/marfahairbar.lv\/en\/product-2\/balmain-hair-moisturizing-shampoo\/","title":{"rendered":"BALMAIN HAIR Moisturising Shampoo"},"content":{"rendered":"<p>\u0160is dzi\u013ci barojo\u0161ais \u0161amp\u016bns ir bag\u0101tin\u0101ts ar t\u012bru organisko argana e\u013c\u013cu un ir piem\u0113rots gan dab\u012bgiem, gan kr\u0101sotiem matiem. \u0160amp\u016bns rada sp\u0113c\u012bgus, sp\u012bd\u012bgus un viegli veidojamus matus un ir intens\u012bvi barojo\u0161s.<\/p>\n<ul>\n<li>Nesatur parab\u0113nus<\/li>\n<li>Rada dabisku mirdzumu un elast\u012bbu<\/li>\n<li>Atjaunojo\u0161s<\/li>\n<\/ul>\n<p>Mitrino\u0161ais \u0161amp\u016bns sniedz matiem tie\u0161i to, kas tiem nepiecie\u0161ams \u2013 dabisku mirdzumu un elast\u012bbu. \u0160amp\u016bna sast\u0101v\u0101 eso\u0161ie UV filtri aizsarg\u0101 matus no kr\u0101sas izbalo\u0161anas un boj\u0101jumiem, ko var\u0113tu veicin\u0101t atra\u0161an\u0101s tie\u0161os saules staros, tie pal\u012bdz saglab\u0101t svaigu izskatu un izcilu mirdzumu. Provitam\u012bns B5 pal\u012bdz saglab\u0101t matu mitrumu un uzlabo to elast\u012bbu. Tas nomierina sakairin\u0101tu un j\u016bt\u012bgu galvas \u0101du, padarot matus m\u012bkstus un pie\u0161\u0137irot tiem bag\u0101t\u012bgu sp\u012bdumu. \u0160\u012b akt\u012bv\u0101 sast\u0101vda\u013ca nostiprina matus un veicina to aug\u0161anu.<\/p>\n<p><strong>LIETO\u0160ANA:<\/strong> Uzkl\u0101jiet uz mitriem matiem, maigi iemas\u0113jiet un r\u016bp\u012bgi izskalojiet.<\/p>","protected":false},"excerpt":{"rendered":"<p>BALMAIN HAIR Moisturizing Shampoo moisturising shampoo for dry and damaged hair. Contains argan oil which intensively nourishes the hair.<\/p>","protected":false},"featured_media":1974,"comment_status":"open","ping_status":"closed","template":"","meta":{"_acf_changed":false},"matu-tips":[80,77],"product_brand":[49],"product_cat":[35],"product_tag":[],"class_list":{"0":"post-1562","1":"product","2":"type-product","3":"status-publish","4":"has-post-thumbnail","6":"matu-tips-krasotiem-matiem","7":"matu-tips-sausiem-matiem","8":"product_brand-balmain","9":"product_cat-sampuni","11":"first","12":"instock","13":"taxable","14":"shipping-taxable","15":"purchasable","16":"product-type-variable","17":"has-default-attributes"},"acf":[],"aioseo_notices":[],"_links":{"self":[{"href":"https:\/\/marfahairbar.lv\/en\/wp-json\/wp\/v2\/product\/1562","targetHints":{"allow":["GET"]}}],"collection":[{"href":"https:\/\/marfahairbar.lv\/en\/wp-json\/wp\/v2\/product"}],"about":[{"href":"https:\/\/marfahairbar.lv\/en\/wp-json\/wp\/v2\/types\/product"}],"replies":[{"embeddable":true,"href":"https:\/\/marfahairbar.lv\/en\/wp-json\/wp\/v2\/comments?post=1562"}],"wp:featuredmedia":[{"embeddable":true,"href":"https:\/\/marfahairbar.lv\/en\/wp-json\/wp\/v2\/media\/1974"}],"wp:attachment":[{"href":"https:\/\/marfahairbar.lv\/en\/wp-json\/wp\/v2\/media?parent=1562"}],"wp:term":[{"taxonomy":"matu-tips","embeddable":true,"href":"https:\/\/marfahairbar.lv\/en\/wp-json\/wp\/v2\/matu-tips?post=1562"},{"taxonomy":"product_brand","embeddable":true,"href":"https:\/\/marfahairbar.lv\/en\/wp-json\/wp\/v2\/product_brand?post=1562"},{"taxonomy":"product_cat","embeddable":true,"href":"https:\/\/marfahairbar.lv\/en\/wp-json\/wp\/v2\/product_cat?post=1562"},{"taxonomy":"product_tag","embeddable":true,"href":"https:\/\/marfahairbar.lv\/en\/wp-json\/wp\/v2\/product_tag?post=1562"}],"curies":[{"name":"wp","href":"https:\/\/api.w.org\/{rel}","templated":true}]}}