{"id":1561,"date":"2025-03-06T17:55:35","date_gmt":"2025-03-06T14:55:35","guid":{"rendered":"https:\/\/marfahairbar.lv\/produkts\/anti-gravity-spray\/"},"modified":"2025-05-12T17:21:49","modified_gmt":"2025-05-12T14:21:49","slug":"anti-gravity-spray","status":"publish","type":"product","link":"https:\/\/marfahairbar.lv\/en\/product-2\/anti-gravity-spray\/","title":{"rendered":"ANTI GRAVITY SPRAY"},"content":{"rendered":"<p>P\u0101rvariet gravit\u0101cijas sp\u0113ku un uzburiet v\u0113l kupl\u0101ku un skaist\u0101ku friz\u016bru ar ANTI.GRAVITY.SPRAY l\u0101di\u0146u. M\u016bsu gais\u012bgi vieglais, ne-aerosola veida matu veido\u0161anas l\u012bdzeklis pie\u0161\u0137ir matiem kr\u0101\u0161\u0146u sp\u012bdumu bez e\u013c\u013cainuma, padarot friz\u016bru notur\u012bg\u0101ku<\/p>\n<p><strong>Benefits<\/strong><\/p>\n<ul>\n<li>Ne-aerosola matu veido\u0161anas l\u012bdzeklis<\/li>\n<li>Gais\u012bga formula, kas nepadara matus smag\u0101kus<\/li>\n<li>Pie\u0161\u0137ir sp\u012bdumu bez e\u013c\u013cainuma<\/li>\n<li>Ide\u0101ls visiem matu tipiem<\/li>\n<\/ul>\n<p><strong>Usage:<\/strong> Uzkl\u0101jiet ANTI.GRAVITY.SPRAY uz sausiem matiem pirms veido\u0161anas.<\/p>","protected":false},"excerpt":{"rendered":"<p>ANTI GRAVITY SPRAY Hair Lifting Spray. Gives long-lasting volume from the roots. Does not weigh hair down. Ideal for flat and limp hair.<\/p>","protected":false},"featured_media":1971,"comment_status":"open","ping_status":"closed","template":"","meta":{"_acf_changed":false},"matu-tips":[],"product_brand":[47],"product_cat":[60],"product_tag":[],"class_list":{"0":"post-1561","1":"product","2":"type-product","3":"status-publish","4":"has-post-thumbnail","6":"product_brand-kevin-murphy","7":"product_cat-matu-veidosanai","9":"first","10":"instock","11":"taxable","12":"shipping-taxable","13":"purchasable","14":"product-type-variable","15":"has-default-attributes"},"acf":[],"aioseo_notices":[],"_links":{"self":[{"href":"https:\/\/marfahairbar.lv\/en\/wp-json\/wp\/v2\/product\/1561","targetHints":{"allow":["GET"]}}],"collection":[{"href":"https:\/\/marfahairbar.lv\/en\/wp-json\/wp\/v2\/product"}],"about":[{"href":"https:\/\/marfahairbar.lv\/en\/wp-json\/wp\/v2\/types\/product"}],"replies":[{"embeddable":true,"href":"https:\/\/marfahairbar.lv\/en\/wp-json\/wp\/v2\/comments?post=1561"}],"wp:featuredmedia":[{"embeddable":true,"href":"https:\/\/marfahairbar.lv\/en\/wp-json\/wp\/v2\/media\/1971"}],"wp:attachment":[{"href":"https:\/\/marfahairbar.lv\/en\/wp-json\/wp\/v2\/media?parent=1561"}],"wp:term":[{"taxonomy":"matu-tips","embeddable":true,"href":"https:\/\/marfahairbar.lv\/en\/wp-json\/wp\/v2\/matu-tips?post=1561"},{"taxonomy":"product_brand","embeddable":true,"href":"https:\/\/marfahairbar.lv\/en\/wp-json\/wp\/v2\/product_brand?post=1561"},{"taxonomy":"product_cat","embeddable":true,"href":"https:\/\/marfahairbar.lv\/en\/wp-json\/wp\/v2\/product_cat?post=1561"},{"taxonomy":"product_tag","embeddable":true,"href":"https:\/\/marfahairbar.lv\/en\/wp-json\/wp\/v2\/product_tag?post=1561"}],"curies":[{"name":"wp","href":"https:\/\/api.w.org\/{rel}","templated":true}]}}