{"id":1560,"date":"2025-03-06T17:55:35","date_gmt":"2025-03-06T14:55:35","guid":{"rendered":"https:\/\/marfahairbar.lv\/produkts\/hair-resort-spray\/"},"modified":"2025-05-12T17:21:49","modified_gmt":"2025-05-12T14:21:49","slug":"hair-resort-spray","status":"publish","type":"product","link":"https:\/\/marfahairbar.lv\/en\/product-2\/hair-resort-spray\/","title":{"rendered":"HAIR RESORT SPRAY"},"content":{"rendered":"<p>Beautiful waves at sea... so give your hair a relaxing day at the beach with HAIR.RESORT.SPRAY, our super-stylish hairspray that helps you conjure up the iconic sexy beach look that Kevin Murphy is famous for achieving. The refreshing dose of citrus oils will help maintain that sexy surfer look, and the unisex fragrance is suitable for both girls and guys. SOFTEN. DRY.,Spray onto blow-dried hair and you're good to go.,Does not weigh hair down.,Non-aerosol beach-style hairspray.,Provides soft, natural-looking hold.,Ideal for fine and longer hair.,Wheat amino acids provide a nourishing complex of moisturising ingredients that promote softness and shine,Richly nourishing hydrolysed silk helps to give hair a silky softness and also a 'slickness' that makes detangling easier.,Rich in healthy antioxidants and vitamins, Citrus recticulata (tangerine) peel oil not only helps to protect against environmental stressors, but also delights with its lovely fragrance. This highly effective essential oil also gives hair a distinctive shine.Conjuring up my sexy beach hair look seen in magazine photos is now easier than ever thanks to HAIR.RESORT.SPRAY. It's like a dose of sexy, summery saltwater splashes hidden in a bottle and an essential part of our TEXTURE programme.,HAIR.RESORT.SPRAY 150ml<\/p>\n<p>LITHUANIAN<\/p>\n<p>SAKRAT\u012aT. UZSMIDZIN\u0100T. IZ\u017d\u0100V\u0112T.<\/p>\n<p>Uzsmidziniet uz iz\u017e\u0101v\u0113tiem matiem, un viss k\u0101rt\u012bb\u0101.<\/p>\n<p><strong>FOR IMMEDIATE RELEASE<\/strong><\/p>\n<ul>\n<li>Nepadara matus smagus.<\/li>\n<li>Ne-aerosola formas pludmales stila matu laka.<\/li>\n<li>Nodro\u0161ina m\u012bkstu, dabiska izskata fiks\u0113\u0161anu.<\/li>\n<li>Ide\u0101li piem\u0113rots smalkiem un gar\u0101kiem matiem.<\/li>\n<li>Sulfate-free, paraben-free, not tested on animals.<\/li>\n<\/ul>\n<p><strong>VALUABLE INGREDIENTS<\/strong><\/p>\n<p>Kvie\u0161u aminosk\u0101bes sniedz barojo\u0161u mitrino\u0161u sast\u0101vda\u013cu kompleksu, kas veicina matu m\u012bkstumu un sp\u012bdumu.<\/p>\n<p>Bag\u0101t\u012bgi kopjo\u0161ais hidroliz\u0113tais z\u012bds pal\u012bdz pie\u0161\u0137irt matiem z\u012bdainu m\u012bkstumu un ar\u012b \u201csl\u012bd\u012bgumu\u201d, kas atvieglo \u0137emm\u0113\u0161anu.<\/p>\n<p>Ar vesel\u012bgiem antioksidantiem un vitam\u012bniem bag\u0101t\u0101 Citrus recticulata (mandar\u012bnu) mizu e\u013c\u013ca ne tikai pal\u012bdz aizsardz\u012bb\u0101 pret apk\u0101rt\u0113j\u0101s vides stresa faktoriem, bet ar\u012b sniedz baud\u012bjumu ar savu jauko arom\u0101tu. \u0160\u012b izcili iedarb\u012bg\u0101 \u0113terisk\u0101 e\u013c\u013ca ar\u012b pie\u0161\u0137ir matiem izteiktu sp\u012bdumu.<\/p>\n<p><strong>KEVIN'S RECOMMENDATION:<\/strong><\/p>\n<p>Uzburt \u017eurn\u0101lu fotogr\u0101fij\u0101s redz\u0113to manu seks\u012bgo pludmales matu sak\u0101rtojumu tagad ir tik viegli k\u0101 nekad, pateicoties HAIR.RESORT.SPRAY. T\u0101 ir k\u0101 pudel\u0113 pasl\u0113pta seks\u012bgu, vasar\u012bgu s\u0101\u013c\u0101 j\u016bras \u016bdens \u0161\u013cakatu deva un m\u016bsu TEXTURE programmas svar\u012bga da\u013ca.<\/p>","protected":false},"excerpt":{"rendered":"<p>HAIR RESORT SPRAY texturizing spray with sea salt effect. Gives hair the look of beach waves. Creates a matt finish and texture.<\/p>","protected":false},"featured_media":1968,"comment_status":"open","ping_status":"closed","template":"","meta":{"_acf_changed":false},"matu-tips":[],"product_brand":[47],"product_cat":[60],"product_tag":[],"class_list":{"0":"post-1560","1":"product","2":"type-product","3":"status-publish","4":"has-post-thumbnail","6":"product_brand-kevin-murphy","7":"product_cat-matu-veidosanai","9":"first","10":"instock","11":"taxable","12":"shipping-taxable","13":"purchasable","14":"product-type-variable","15":"has-default-attributes"},"acf":[],"aioseo_notices":[],"_links":{"self":[{"href":"https:\/\/marfahairbar.lv\/en\/wp-json\/wp\/v2\/product\/1560","targetHints":{"allow":["GET"]}}],"collection":[{"href":"https:\/\/marfahairbar.lv\/en\/wp-json\/wp\/v2\/product"}],"about":[{"href":"https:\/\/marfahairbar.lv\/en\/wp-json\/wp\/v2\/types\/product"}],"replies":[{"embeddable":true,"href":"https:\/\/marfahairbar.lv\/en\/wp-json\/wp\/v2\/comments?post=1560"}],"wp:featuredmedia":[{"embeddable":true,"href":"https:\/\/marfahairbar.lv\/en\/wp-json\/wp\/v2\/media\/1968"}],"wp:attachment":[{"href":"https:\/\/marfahairbar.lv\/en\/wp-json\/wp\/v2\/media?parent=1560"}],"wp:term":[{"taxonomy":"matu-tips","embeddable":true,"href":"https:\/\/marfahairbar.lv\/en\/wp-json\/wp\/v2\/matu-tips?post=1560"},{"taxonomy":"product_brand","embeddable":true,"href":"https:\/\/marfahairbar.lv\/en\/wp-json\/wp\/v2\/product_brand?post=1560"},{"taxonomy":"product_cat","embeddable":true,"href":"https:\/\/marfahairbar.lv\/en\/wp-json\/wp\/v2\/product_cat?post=1560"},{"taxonomy":"product_tag","embeddable":true,"href":"https:\/\/marfahairbar.lv\/en\/wp-json\/wp\/v2\/product_tag?post=1560"}],"curies":[{"name":"wp","href":"https:\/\/api.w.org\/{rel}","templated":true}]}}