{"id":1559,"date":"2025-03-06T17:55:34","date_gmt":"2025-03-06T14:55:34","guid":{"rendered":"https:\/\/marfahairbar.lv\/produkts\/ever-smooth\/"},"modified":"2025-05-12T17:21:49","modified_gmt":"2025-05-12T14:21:49","slug":"ever-smooth","status":"publish","type":"product","link":"https:\/\/marfahairbar.lv\/en\/product-2\/ever-smooth\/","title":{"rendered":"EVER SMOOTH"},"content":{"rendered":"<p>EVER.SMOOTH is ideal for all hair types; from soft, fine and flat hair to hair with frizz and texture. The versatile appeal and use of this product is due to the long chain polymers that form a durable hair protection system, holding and conditioning your hair, ultimately extending the life of your style.<\/p>\n<p><strong>Benefits<\/strong><\/p>\n<p>Anti-Frizz<\/p>\n<ul>\n<li>Iztur\u012bgs pret mitrumu<\/li>\n<li>Creates smoothness<\/li>\n<li>Stila papla\u0161in\u0101t\u0101js<\/li>\n<li>Bez sulf\u0101tiem<\/li>\n<li>Bez parab\u0113niem<\/li>\n<li>Bezmaksas ne\u017e\u0113l\u012bba<\/li>\n<\/ul>\n<p><strong>How to use<\/strong><\/p>\n<p>After shampooing and conditioning, apply to towel-dried hair. Separate sections of hair and spray generously. To activate, blow dry each section with your chosen brush smoothing technology and styling longevity.<\/p>","protected":false},"excerpt":{"rendered":"<p>EVER SMOOTH smoothing spray for curly hair. Reduces frizz and makes hair smoother. Protects from the effects of humidity.<\/p>","protected":false},"featured_media":1966,"comment_status":"open","ping_status":"closed","template":"","meta":{"_acf_changed":false},"matu-tips":[],"product_brand":[47],"product_cat":[60],"product_tag":[],"class_list":{"0":"post-1559","1":"product","2":"type-product","3":"status-publish","4":"has-post-thumbnail","6":"product_brand-kevin-murphy","7":"product_cat-matu-veidosanai","9":"first","10":"instock","11":"taxable","12":"shipping-taxable","13":"purchasable","14":"product-type-variable","15":"has-default-attributes"},"acf":[],"aioseo_notices":[],"_links":{"self":[{"href":"https:\/\/marfahairbar.lv\/en\/wp-json\/wp\/v2\/product\/1559","targetHints":{"allow":["GET"]}}],"collection":[{"href":"https:\/\/marfahairbar.lv\/en\/wp-json\/wp\/v2\/product"}],"about":[{"href":"https:\/\/marfahairbar.lv\/en\/wp-json\/wp\/v2\/types\/product"}],"replies":[{"embeddable":true,"href":"https:\/\/marfahairbar.lv\/en\/wp-json\/wp\/v2\/comments?post=1559"}],"wp:featuredmedia":[{"embeddable":true,"href":"https:\/\/marfahairbar.lv\/en\/wp-json\/wp\/v2\/media\/1966"}],"wp:attachment":[{"href":"https:\/\/marfahairbar.lv\/en\/wp-json\/wp\/v2\/media?parent=1559"}],"wp:term":[{"taxonomy":"matu-tips","embeddable":true,"href":"https:\/\/marfahairbar.lv\/en\/wp-json\/wp\/v2\/matu-tips?post=1559"},{"taxonomy":"product_brand","embeddable":true,"href":"https:\/\/marfahairbar.lv\/en\/wp-json\/wp\/v2\/product_brand?post=1559"},{"taxonomy":"product_cat","embeddable":true,"href":"https:\/\/marfahairbar.lv\/en\/wp-json\/wp\/v2\/product_cat?post=1559"},{"taxonomy":"product_tag","embeddable":true,"href":"https:\/\/marfahairbar.lv\/en\/wp-json\/wp\/v2\/product_tag?post=1559"}],"curies":[{"name":"wp","href":"https:\/\/api.w.org\/{rel}","templated":true}]}}