{"id":1558,"date":"2025-03-06T17:55:34","date_gmt":"2025-03-06T14:55:34","guid":{"rendered":"https:\/\/marfahairbar.lv\/produkts\/ever-thicken\/"},"modified":"2025-05-12T17:21:49","modified_gmt":"2025-05-12T14:21:49","slug":"ever-thicken","status":"publish","type":"product","link":"https:\/\/marfahairbar.lv\/en\/product-2\/ever-thicken\/","title":{"rendered":"EVER THICKEN"},"content":{"rendered":"<p>\u0160is vieglais aerosols, kuru iedarbina j\u016bsu matu \u017e\u0101v\u0113t\u0101ja karstums, rada biez\u0101kus, piln\u012bg\u0101kus matus, kas ilgst.<\/p>\n<p>Pal\u012bdz blo\u0137\u0113t mitrumu, lai notur\u0113tu ilgsto\u0161\u0101ku f\u0113nu.<\/p>\n<p><strong>Benefits<\/strong><\/p>\n<p>Anti-Frizz<\/p>\n<ul>\n<li>Iztur\u012bgs pret mitrumu<\/li>\n<li>Izveido biezumu<\/li>\n<li>Stila papla\u0161in\u0101t\u0101js<\/li>\n<li>Bez sulf\u0101tiem<\/li>\n<li>Bez parab\u0113niem<\/li>\n<li>Bezmaksas ne\u017e\u0113l\u012bba<\/li>\n<\/ul>\n<p><strong>How to use<\/strong><\/p>\n<p>P\u0113c mazg\u0101\u0161anas ar \u0161amp\u016bnu un kondicion\u0113\u0161anas uzkl\u0101jiet uz dvie\u013ciem iz\u017e\u0101v\u0113tiem matiem. Atdaliet matus sekcijas un bag\u0101t\u012bgi izsmidziniet. Lai aktiviz\u0113tu, nosusiniet katru sada\u013cu ar izv\u0113l\u0113to suku izl\u012bdzin\u0101\u0161anas tehnolo\u0123ija un palielina stila ilgm\u016b\u017e\u012bbu.<\/p>","protected":false},"excerpt":{"rendered":"<p>EVER THICKEN Thickening Spray for thin hair. Increases the diameter of the hair fibres. Makes hair thicker and healthier. Long-lasting.<\/p>","protected":false},"featured_media":1961,"comment_status":"open","ping_status":"closed","template":"","meta":{"_acf_changed":false},"matu-tips":[],"product_brand":[47],"product_cat":[60],"product_tag":[],"class_list":{"0":"post-1558","1":"product","2":"type-product","3":"status-publish","4":"has-post-thumbnail","6":"product_brand-kevin-murphy","7":"product_cat-matu-veidosanai","9":"first","10":"instock","11":"taxable","12":"shipping-taxable","13":"purchasable","14":"product-type-variable","15":"has-default-attributes"},"acf":[],"aioseo_notices":[],"_links":{"self":[{"href":"https:\/\/marfahairbar.lv\/en\/wp-json\/wp\/v2\/product\/1558","targetHints":{"allow":["GET"]}}],"collection":[{"href":"https:\/\/marfahairbar.lv\/en\/wp-json\/wp\/v2\/product"}],"about":[{"href":"https:\/\/marfahairbar.lv\/en\/wp-json\/wp\/v2\/types\/product"}],"replies":[{"embeddable":true,"href":"https:\/\/marfahairbar.lv\/en\/wp-json\/wp\/v2\/comments?post=1558"}],"wp:featuredmedia":[{"embeddable":true,"href":"https:\/\/marfahairbar.lv\/en\/wp-json\/wp\/v2\/media\/1961"}],"wp:attachment":[{"href":"https:\/\/marfahairbar.lv\/en\/wp-json\/wp\/v2\/media?parent=1558"}],"wp:term":[{"taxonomy":"matu-tips","embeddable":true,"href":"https:\/\/marfahairbar.lv\/en\/wp-json\/wp\/v2\/matu-tips?post=1558"},{"taxonomy":"product_brand","embeddable":true,"href":"https:\/\/marfahairbar.lv\/en\/wp-json\/wp\/v2\/product_brand?post=1558"},{"taxonomy":"product_cat","embeddable":true,"href":"https:\/\/marfahairbar.lv\/en\/wp-json\/wp\/v2\/product_cat?post=1558"},{"taxonomy":"product_tag","embeddable":true,"href":"https:\/\/marfahairbar.lv\/en\/wp-json\/wp\/v2\/product_tag?post=1558"}],"curies":[{"name":"wp","href":"https:\/\/api.w.org\/{rel}","templated":true}]}}