{"id":1557,"date":"2025-03-06T17:55:33","date_gmt":"2025-03-06T14:55:33","guid":{"rendered":"https:\/\/marfahairbar.lv\/produkts\/ever-bounce\/"},"modified":"2025-05-12T17:21:49","modified_gmt":"2025-05-12T14:21:49","slug":"ever-bounce","status":"publish","type":"product","link":"https:\/\/marfahairbar.lv\/en\/product-2\/ever-bounce\/","title":{"rendered":"EVER BOUNCE"},"content":{"rendered":"<p>This lightweight spray, triggered by the heat of your hairdryer, creates a smooth body with bounce.Helps lock in moisture to hold a blow-dry longer,Creates bounce,Apply to towel-dried hair after shampooing and conditioning. Separate sections of hair and spray generously. To activate, blow dry each section with your chosen brush smoothing technology and increases bounce and style longevity.,EVER.BOUNCE 150ml<\/p>\n<p>Pal\u012bdz blo\u0137\u0113t mitrumu, lai notur\u0113tu ilg\u0101ku f\u0113nu ar sausu friz\u016bru.<\/p>\n<p><strong>Benefits<\/strong><\/p>\n<p>Anti-Frizz<\/p>\n<ul>\n<li>Iztur\u012bgs pret mitrumu<\/li>\n<li>Izveido atl\u0113cienu<\/li>\n<li>Stila papla\u0161in\u0101t\u0101js<\/li>\n<li>Bez sulf\u0101tiem<\/li>\n<li>Bez parab\u0113niem<\/li>\n<li>Bezmaksas ne\u017e\u0113l\u012bba<\/li>\n<\/ul>\n<p><strong>How to use<\/strong><\/p>\n<p>P\u0113c mazg\u0101\u0161anas ar \u0161amp\u016bnu un kondicion\u0113\u0161anas uzkl\u0101jiet uz dvie\u013ciem iz\u017e\u0101v\u0113tiem matiem. Atdaliet matus sekcijas un bag\u0101t\u012bgi izsmidziniet. Lai aktiviz\u0113tu, nosusiniet katru sada\u013cu ar izv\u0113l\u0113to suku izl\u012bdzin\u0101\u0161anas tehnolo\u0123ija un palielina atl\u0113cienu un stila ilgm\u016b\u017e\u012bbu.<\/p>","protected":false},"excerpt":{"rendered":"<p>EVER BOUNCE elasticising spray for curly hair. Revitalises curls and gives them a spring back. Eliminates frizz and defines curls.<\/p>","protected":false},"featured_media":1958,"comment_status":"open","ping_status":"closed","template":"","meta":{"_acf_changed":false},"matu-tips":[],"product_brand":[47],"product_cat":[60],"product_tag":[],"class_list":{"0":"post-1557","1":"product","2":"type-product","3":"status-publish","4":"has-post-thumbnail","6":"product_brand-kevin-murphy","7":"product_cat-matu-veidosanai","9":"first","10":"instock","11":"taxable","12":"shipping-taxable","13":"purchasable","14":"product-type-variable","15":"has-default-attributes"},"acf":[],"aioseo_notices":[],"_links":{"self":[{"href":"https:\/\/marfahairbar.lv\/en\/wp-json\/wp\/v2\/product\/1557","targetHints":{"allow":["GET"]}}],"collection":[{"href":"https:\/\/marfahairbar.lv\/en\/wp-json\/wp\/v2\/product"}],"about":[{"href":"https:\/\/marfahairbar.lv\/en\/wp-json\/wp\/v2\/types\/product"}],"replies":[{"embeddable":true,"href":"https:\/\/marfahairbar.lv\/en\/wp-json\/wp\/v2\/comments?post=1557"}],"wp:featuredmedia":[{"embeddable":true,"href":"https:\/\/marfahairbar.lv\/en\/wp-json\/wp\/v2\/media\/1958"}],"wp:attachment":[{"href":"https:\/\/marfahairbar.lv\/en\/wp-json\/wp\/v2\/media?parent=1557"}],"wp:term":[{"taxonomy":"matu-tips","embeddable":true,"href":"https:\/\/marfahairbar.lv\/en\/wp-json\/wp\/v2\/matu-tips?post=1557"},{"taxonomy":"product_brand","embeddable":true,"href":"https:\/\/marfahairbar.lv\/en\/wp-json\/wp\/v2\/product_brand?post=1557"},{"taxonomy":"product_cat","embeddable":true,"href":"https:\/\/marfahairbar.lv\/en\/wp-json\/wp\/v2\/product_cat?post=1557"},{"taxonomy":"product_tag","embeddable":true,"href":"https:\/\/marfahairbar.lv\/en\/wp-json\/wp\/v2\/product_tag?post=1557"}],"curies":[{"name":"wp","href":"https:\/\/api.w.org\/{rel}","templated":true}]}}