{"id":1555,"date":"2025-03-06T17:55:32","date_gmt":"2025-03-06T14:55:32","guid":{"rendered":"https:\/\/marfahairbar.lv\/produkts\/body-builder\/"},"modified":"2026-01-30T19:58:26","modified_gmt":"2026-01-30T16:58:26","slug":"body-builder","status":"publish","type":"product","link":"https:\/\/marfahairbar.lv\/en\/product-2\/body-builder\/","title":{"rendered":"BODY BUILDER"},"content":{"rendered":"<p>Ja v\u0113laties ieveidot friz\u016bru ar glud\u0101m, apjom\u012bg\u0101m form\u0101m, tad uzkl\u0101jiet BODY.BUILDER vair\u0101k\u0101s k\u0101rt\u0101s. Neraiz\u0113jieties, ka var b\u016bt par daudz, jo \u0161\u012bs gais\u012bgi viegl\u0101s, mitrino\u0161\u0101s, apjomu veidojo\u0161\u0101s putas veidos lielisku formu, nepadarot matus cietus, \u2013 galarezult\u0101ts ir elast\u012bgs un notur\u012bgs kuplums.<\/p>\n<p><strong>Benefits<\/strong><\/p>\n<ul>\n<li>Gais\u012bgi vieglas, apjomu veidojo\u0161as izsmidzin\u0101mas putas.<\/li>\n<li>Izgatavotas ar \u201catmi\u0146as notur\u012bbas\u201d sve\u0137iem.<\/li>\n<li>Nodro\u0161ina z\u012bdaini gludu virsmu un sp\u012bdumu.<\/li>\n<li>Ide\u0101li piem\u0113rots visiem matu tipiem.<\/li>\n<\/ul>\n<p><strong>Usage:<\/strong> Uzkl\u0101jiet BODY.BUILDER uz mitriem matiem un iz\u017e\u0101v\u0113jiet, lai pan\u0101ktu ilgi notur\u012bgu apjomu.<\/p>","protected":false},"excerpt":{"rendered":"<p>BODY BUILDER light hold volumising mousse. Gives thickness and volume to the hair. Does not weigh hair down or make it stiff.<\/p>","protected":false},"featured_media":1953,"comment_status":"open","ping_status":"closed","template":"","meta":{"_acf_changed":false},"matu-tips":[],"product_brand":[47],"product_cat":[60],"product_tag":[],"class_list":{"0":"post-1555","1":"product","2":"type-product","3":"status-publish","4":"has-post-thumbnail","6":"product_brand-kevin-murphy","7":"product_cat-matu-veidosanai","9":"first","10":"instock","11":"taxable","12":"shipping-taxable","13":"purchasable","14":"product-type-variable","15":"has-default-attributes"},"acf":[],"aioseo_notices":[],"_links":{"self":[{"href":"https:\/\/marfahairbar.lv\/en\/wp-json\/wp\/v2\/product\/1555","targetHints":{"allow":["GET"]}}],"collection":[{"href":"https:\/\/marfahairbar.lv\/en\/wp-json\/wp\/v2\/product"}],"about":[{"href":"https:\/\/marfahairbar.lv\/en\/wp-json\/wp\/v2\/types\/product"}],"replies":[{"embeddable":true,"href":"https:\/\/marfahairbar.lv\/en\/wp-json\/wp\/v2\/comments?post=1555"}],"wp:featuredmedia":[{"embeddable":true,"href":"https:\/\/marfahairbar.lv\/en\/wp-json\/wp\/v2\/media\/1953"}],"wp:attachment":[{"href":"https:\/\/marfahairbar.lv\/en\/wp-json\/wp\/v2\/media?parent=1555"}],"wp:term":[{"taxonomy":"matu-tips","embeddable":true,"href":"https:\/\/marfahairbar.lv\/en\/wp-json\/wp\/v2\/matu-tips?post=1555"},{"taxonomy":"product_brand","embeddable":true,"href":"https:\/\/marfahairbar.lv\/en\/wp-json\/wp\/v2\/product_brand?post=1555"},{"taxonomy":"product_cat","embeddable":true,"href":"https:\/\/marfahairbar.lv\/en\/wp-json\/wp\/v2\/product_cat?post=1555"},{"taxonomy":"product_tag","embeddable":true,"href":"https:\/\/marfahairbar.lv\/en\/wp-json\/wp\/v2\/product_tag?post=1555"}],"curies":[{"name":"wp","href":"https:\/\/api.w.org\/{rel}","templated":true}]}}