{"id":1552,"date":"2025-03-06T17:55:31","date_gmt":"2025-03-06T14:55:31","guid":{"rendered":"https:\/\/marfahairbar.lv\/produkts\/touchable\/"},"modified":"2025-05-12T17:21:48","modified_gmt":"2025-05-12T14:21:48","slug":"touchable","status":"publish","type":"product","link":"https:\/\/marfahairbar.lv\/en\/product-2\/touchable\/","title":{"rendered":"TOUCHABLE"},"content":{"rendered":"<p>Kevin Murphy Touchable Wax-Spray is a versatile hair styling product; suitable for long, short and medium-length strands.The wax contains Hibiscus flower extracts, milk thistle seeds and carrot seed oil.Hibiscus flower extract strengthens the hair, making it thicker. Milk thistle seed also promotes hair strength and increases the volume of strands. And Carrot Seed Oil helps soften and moisturise curls.,Wax gives strands shine, volume, softness and condition.,Touchable Wax-Spray is ideal for instant styling throughout the day. How to apply: Shake well and spray onto styled hair.,TOUCHABLE 250ml.<\/p>\n<p>Vasks satur hibiska ziedu ekstraktus, piena dad\u017eu augu s\u0113klas un burk\u0101nu s\u0113klu e\u013c\u013cu.<\/p>\n<p>Hibiska ziedu ekstrakts stiprina matus, padarot tos kupl\u0101kus. Piena dad\u017eu s\u0113klas ar\u012b veicina matu iztur\u012bbu, k\u0101 ar\u012b palielina \u0161\u0137ipsnu apjomu. Un burk\u0101nu s\u0113klu e\u013c\u013ca pal\u012bdz m\u012bkstin\u0101t un mitrin\u0101t cirtas.<\/p>\n<p>Vasks pie\u0161\u0137ir \u0161\u0137ipsn\u0101m sp\u012bdumu, apjomu, maigumu un koptas.<\/p>\n<p>Touchable Wax-Spray ir ide\u0101li piem\u0113rots t\u016bl\u012bt\u0113jai veido\u0161anai visas dienas garum\u0101. Izsmidziniet atbilsto\u0161i savai stila idejai.<\/p>\n<p><strong>K\u0101 pieteikties:<\/strong><\/p>\n<p>Labi sakrata un izsmidziniet uz veidotiem matiem.<\/p>","protected":false},"excerpt":{"rendered":"<p>TOUCHABLE light hold hairspray. Keeps the hairstyle in place while allowing the hair to feel and look natural. Does not become sticky.<\/p>","protected":false},"featured_media":1938,"comment_status":"open","ping_status":"closed","template":"","meta":{"_acf_changed":false},"matu-tips":[],"product_brand":[47],"product_cat":[60],"product_tag":[],"class_list":{"0":"post-1552","1":"product","2":"type-product","3":"status-publish","4":"has-post-thumbnail","6":"product_brand-kevin-murphy","7":"product_cat-matu-veidosanai","9":"first","10":"instock","11":"taxable","12":"shipping-taxable","13":"purchasable","14":"product-type-variable","15":"has-default-attributes"},"acf":[],"aioseo_notices":[],"_links":{"self":[{"href":"https:\/\/marfahairbar.lv\/en\/wp-json\/wp\/v2\/product\/1552","targetHints":{"allow":["GET"]}}],"collection":[{"href":"https:\/\/marfahairbar.lv\/en\/wp-json\/wp\/v2\/product"}],"about":[{"href":"https:\/\/marfahairbar.lv\/en\/wp-json\/wp\/v2\/types\/product"}],"replies":[{"embeddable":true,"href":"https:\/\/marfahairbar.lv\/en\/wp-json\/wp\/v2\/comments?post=1552"}],"wp:featuredmedia":[{"embeddable":true,"href":"https:\/\/marfahairbar.lv\/en\/wp-json\/wp\/v2\/media\/1938"}],"wp:attachment":[{"href":"https:\/\/marfahairbar.lv\/en\/wp-json\/wp\/v2\/media?parent=1552"}],"wp:term":[{"taxonomy":"matu-tips","embeddable":true,"href":"https:\/\/marfahairbar.lv\/en\/wp-json\/wp\/v2\/matu-tips?post=1552"},{"taxonomy":"product_brand","embeddable":true,"href":"https:\/\/marfahairbar.lv\/en\/wp-json\/wp\/v2\/product_brand?post=1552"},{"taxonomy":"product_cat","embeddable":true,"href":"https:\/\/marfahairbar.lv\/en\/wp-json\/wp\/v2\/product_cat?post=1552"},{"taxonomy":"product_tag","embeddable":true,"href":"https:\/\/marfahairbar.lv\/en\/wp-json\/wp\/v2\/product_tag?post=1552"}],"curies":[{"name":"wp","href":"https:\/\/api.w.org\/{rel}","templated":true}]}}