{"id":1548,"date":"2025-03-06T17:55:28","date_gmt":"2025-03-06T14:55:28","guid":{"rendered":"https:\/\/marfahairbar.lv\/produkts\/heated-defense\/"},"modified":"2025-05-12T17:21:48","modified_gmt":"2025-05-12T14:21:48","slug":"heated-defence","status":"publish","type":"product","link":"https:\/\/marfahairbar.lv\/en\/product-2\/heated-defence\/","title":{"rendered":"HEATED DEFENCE"},"content":{"rendered":"<p>Protect your hair from the biggest aggressors of everyday life, heat damage. HEATED.DEFENSE is a weightless and invisible foam that leaves the skin to protect hair from damage associated with heated and mechanical tools. Providing heat protection up to 232\u02daC \/ 450\u02daF, this leave-in foam easily breaks down and disappears for all hair types, providing a weightless shield of protection.,Protects hair from heat,Reduces damage,Helps smooth and detangle hair,Softening and lightweight,Massage into damp hair, then style as desired.,HEATED.DEFENSE 150ml<\/p>\n<p><strong>Benefits<\/strong><\/p>\n<ul>\n<li>Sulphate, paraben and cruelty-free<\/li>\n<li>Aizsarg\u0101 matus no karstuma<\/li>\n<li>Samazina boj\u0101jumus<\/li>\n<li>Pal\u012bdz izl\u012bdzin\u0101t un at\u0161\u0137etin\u0101t matus<\/li>\n<li>M\u012bkstino\u0161s un viegls<\/li>\n<\/ul>\n<p><strong>How to use<\/strong><\/p>\n<p>Ier\u012bv\u0113 mitros matos, p\u0113c tam ieveido p\u0113c v\u0113l\u0113\u0161an\u0101s.<\/p>","protected":false},"excerpt":{"rendered":"<p>HEATED DEFENSE heat protection spray. Protects hair from the heat of blow-dryers, straighteners and curling tongs. Prevents hair breakage.<\/p>","protected":false},"featured_media":1920,"comment_status":"open","ping_status":"closed","template":"","meta":{"_acf_changed":false},"matu-tips":[82],"product_brand":[47],"product_cat":[61,59,60],"product_tag":[],"class_list":{"0":"post-1548","1":"product","2":"type-product","3":"status-publish","4":"has-post-thumbnail","6":"matu-tips-visiem-matu-tipiem","7":"product_brand-kevin-murphy","8":"product_cat-karstuma-aizsardziba","9":"product_cat-leave-in-produkti","10":"product_cat-matu-veidosanai","12":"first","13":"instock","14":"taxable","15":"shipping-taxable","16":"purchasable","17":"product-type-variable","18":"has-default-attributes"},"acf":[],"aioseo_notices":[],"_links":{"self":[{"href":"https:\/\/marfahairbar.lv\/en\/wp-json\/wp\/v2\/product\/1548","targetHints":{"allow":["GET"]}}],"collection":[{"href":"https:\/\/marfahairbar.lv\/en\/wp-json\/wp\/v2\/product"}],"about":[{"href":"https:\/\/marfahairbar.lv\/en\/wp-json\/wp\/v2\/types\/product"}],"replies":[{"embeddable":true,"href":"https:\/\/marfahairbar.lv\/en\/wp-json\/wp\/v2\/comments?post=1548"}],"wp:featuredmedia":[{"embeddable":true,"href":"https:\/\/marfahairbar.lv\/en\/wp-json\/wp\/v2\/media\/1920"}],"wp:attachment":[{"href":"https:\/\/marfahairbar.lv\/en\/wp-json\/wp\/v2\/media?parent=1548"}],"wp:term":[{"taxonomy":"matu-tips","embeddable":true,"href":"https:\/\/marfahairbar.lv\/en\/wp-json\/wp\/v2\/matu-tips?post=1548"},{"taxonomy":"product_brand","embeddable":true,"href":"https:\/\/marfahairbar.lv\/en\/wp-json\/wp\/v2\/product_brand?post=1548"},{"taxonomy":"product_cat","embeddable":true,"href":"https:\/\/marfahairbar.lv\/en\/wp-json\/wp\/v2\/product_cat?post=1548"},{"taxonomy":"product_tag","embeddable":true,"href":"https:\/\/marfahairbar.lv\/en\/wp-json\/wp\/v2\/product_tag?post=1548"}],"curies":[{"name":"wp","href":"https:\/\/api.w.org\/{rel}","templated":true}]}}