{"id":1547,"date":"2025-03-06T17:55:28","date_gmt":"2025-03-06T14:55:28","guid":{"rendered":"https:\/\/marfahairbar.lv\/produkts\/full-again\/"},"modified":"2025-05-12T17:21:48","modified_gmt":"2025-05-12T14:21:48","slug":"full-again","status":"publish","type":"product","link":"https:\/\/marfahairbar.lv\/en\/product-2\/full-again\/","title":{"rendered":"FULL AGAIN"},"content":{"rendered":"<p>Piepildiet sap\u0146us par matu biezumu ar FULL.AGAIN \u2013 m\u016bsu izcili iedarb\u012bgo biezumu veicino\u0161o losjonu, kas uzlabo matu apjomu un elast\u012bbu. FULL.AGAIN bag\u0101t\u012bgi satur s\u012bkas celulozes \u0161\u0137iedras da\u013ci\u0146as, kas pie\u0137eras pie matu stiebriem, padarot tos kupl\u0101kus, dabiski br\u012bvi kr\u012bto\u0161us, pie\u0161\u0137irot smalkiem vai pl\u0101niem matiem kr\u0101\u0161\u0146u kuplumu.<\/p>\n<p><strong>Benefits<\/strong><\/p>\n<ul>\n<li>Pie\u0161\u0137ir matiem kuplumu bez lieka smaguma.<\/li>\n<li>Pie\u0161\u0137ir matiem dabisku kritumu un apjomu.<\/li>\n<li>Pal\u012bdz atvese\u013cot un nostiprin\u0101t matus.<\/li>\n<li>Veido apjomu, padara matus m\u012bkst\u0101kus un sp\u012bd\u012bg\u0101kus.<\/li>\n<li>Ide\u0101li piem\u0113rots smalkiem un pl\u0101niem matiem.<\/li>\n<\/ul>\n<p><strong>Usage:<\/strong> Pirms veido\u0161anas uzkl\u0101jiet uz mitriem matiem no vidusda\u013cas l\u012bdz galiem. Ieveidojiet p\u0113c vajadz\u012bbas.<\/p>","protected":false},"excerpt":{"rendered":"<p>FULL AGAIN volumising spray for fine hair. Makes hair thicker and fuller. Long-lasting. Does not weigh hair down.<\/p>","protected":false},"featured_media":1917,"comment_status":"open","ping_status":"closed","template":"","meta":{"_acf_changed":false},"matu-tips":[79],"product_brand":[47],"product_cat":[59,60],"product_tag":[],"class_list":{"0":"post-1547","1":"product","2":"type-product","3":"status-publish","4":"has-post-thumbnail","6":"matu-tips-planiem-matiem","7":"product_brand-kevin-murphy","8":"product_cat-leave-in-produkti","9":"product_cat-matu-veidosanai","11":"first","12":"instock","13":"taxable","14":"shipping-taxable","15":"purchasable","16":"product-type-variable","17":"has-default-attributes"},"acf":[],"aioseo_notices":[],"_links":{"self":[{"href":"https:\/\/marfahairbar.lv\/en\/wp-json\/wp\/v2\/product\/1547","targetHints":{"allow":["GET"]}}],"collection":[{"href":"https:\/\/marfahairbar.lv\/en\/wp-json\/wp\/v2\/product"}],"about":[{"href":"https:\/\/marfahairbar.lv\/en\/wp-json\/wp\/v2\/types\/product"}],"replies":[{"embeddable":true,"href":"https:\/\/marfahairbar.lv\/en\/wp-json\/wp\/v2\/comments?post=1547"}],"wp:featuredmedia":[{"embeddable":true,"href":"https:\/\/marfahairbar.lv\/en\/wp-json\/wp\/v2\/media\/1917"}],"wp:attachment":[{"href":"https:\/\/marfahairbar.lv\/en\/wp-json\/wp\/v2\/media?parent=1547"}],"wp:term":[{"taxonomy":"matu-tips","embeddable":true,"href":"https:\/\/marfahairbar.lv\/en\/wp-json\/wp\/v2\/matu-tips?post=1547"},{"taxonomy":"product_brand","embeddable":true,"href":"https:\/\/marfahairbar.lv\/en\/wp-json\/wp\/v2\/product_brand?post=1547"},{"taxonomy":"product_cat","embeddable":true,"href":"https:\/\/marfahairbar.lv\/en\/wp-json\/wp\/v2\/product_cat?post=1547"},{"taxonomy":"product_tag","embeddable":true,"href":"https:\/\/marfahairbar.lv\/en\/wp-json\/wp\/v2\/product_tag?post=1547"}],"curies":[{"name":"wp","href":"https:\/\/api.w.org\/{rel}","templated":true}]}}