{"id":1544,"date":"2025-03-06T17:55:25","date_gmt":"2025-03-06T14:55:25","guid":{"rendered":"https:\/\/marfahairbar.lv\/produkts\/hair-resort\/"},"modified":"2025-05-12T17:21:45","modified_gmt":"2025-05-12T14:21:45","slug":"hair-resort","status":"publish","type":"product","link":"https:\/\/marfahairbar.lv\/en\/product-2\/hair-resort\/","title":{"rendered":"HAIR RESORT"},"content":{"rendered":"<p>Losjonam ir \u012bpa\u0161i viegla \u016bde\u0146aina tekst\u016bra un tas satur citrusaug\u013cus, kas \u013cauj sasniegt nev\u0113r\u012bgu tilpuma tekst\u016bru, vienlaikus saglab\u0101jot un palielinot cirtas vieglumu. L\u012bdzeklis dro\u0161i fiks\u0113 matus. Piem\u0113rots visiem matu tipiem.<\/p>\n<p><strong>Benefits<\/strong><\/p>\n<ul>\n<li>Atjaunojiet Kevina ikonisko, seks\u012bgo pludmales matu izskatu<\/li>\n<li>Pal\u012bdz uzlabot \u010dokuro\u0161anos un noteikt tekst\u016bru<\/li>\n<li>Nodro\u0161ina ilgsto\u0161u, \u012bpa\u0161i sp\u0113c\u012bgu notur\u0113\u0161anu<\/li>\n<li>Darbojas da\u017eu sekun\u017eu laik\u0101<\/li>\n<li>Without Sufflates and fortune-tellers<\/li>\n<\/ul>\n<p><strong>How to use<\/strong><\/p>\n<p>Uzkl\u0101jiet HAIR.RESORT mitriem vai sausiem matiem, ieskr\u016bv\u0113jiet, un jums ir labi iet.<\/p>","protected":false},"excerpt":{"rendered":"<p>HAIR RESORT texturizing spray that creates a beach effect. Gives hair a wavy texture and volume. With sea salt effect.<\/p>","protected":false},"featured_media":1908,"comment_status":"open","ping_status":"closed","template":"","meta":{"_acf_changed":false},"matu-tips":[82],"product_brand":[47],"product_cat":[59,60],"product_tag":[],"class_list":{"0":"post-1544","1":"product","2":"type-product","3":"status-publish","4":"has-post-thumbnail","6":"matu-tips-visiem-matu-tipiem","7":"product_brand-kevin-murphy","8":"product_cat-leave-in-produkti","9":"product_cat-matu-veidosanai","11":"first","12":"instock","13":"taxable","14":"shipping-taxable","15":"purchasable","16":"product-type-variable","17":"has-default-attributes"},"acf":[],"aioseo_notices":[],"_links":{"self":[{"href":"https:\/\/marfahairbar.lv\/en\/wp-json\/wp\/v2\/product\/1544","targetHints":{"allow":["GET"]}}],"collection":[{"href":"https:\/\/marfahairbar.lv\/en\/wp-json\/wp\/v2\/product"}],"about":[{"href":"https:\/\/marfahairbar.lv\/en\/wp-json\/wp\/v2\/types\/product"}],"replies":[{"embeddable":true,"href":"https:\/\/marfahairbar.lv\/en\/wp-json\/wp\/v2\/comments?post=1544"}],"wp:featuredmedia":[{"embeddable":true,"href":"https:\/\/marfahairbar.lv\/en\/wp-json\/wp\/v2\/media\/1908"}],"wp:attachment":[{"href":"https:\/\/marfahairbar.lv\/en\/wp-json\/wp\/v2\/media?parent=1544"}],"wp:term":[{"taxonomy":"matu-tips","embeddable":true,"href":"https:\/\/marfahairbar.lv\/en\/wp-json\/wp\/v2\/matu-tips?post=1544"},{"taxonomy":"product_brand","embeddable":true,"href":"https:\/\/marfahairbar.lv\/en\/wp-json\/wp\/v2\/product_brand?post=1544"},{"taxonomy":"product_cat","embeddable":true,"href":"https:\/\/marfahairbar.lv\/en\/wp-json\/wp\/v2\/product_cat?post=1544"},{"taxonomy":"product_tag","embeddable":true,"href":"https:\/\/marfahairbar.lv\/en\/wp-json\/wp\/v2\/product_tag?post=1544"}],"curies":[{"name":"wp","href":"https:\/\/api.w.org\/{rel}","templated":true}]}}