{"id":1542,"date":"2025-03-06T17:55:23","date_gmt":"2025-03-06T14:55:23","guid":{"rendered":"https:\/\/marfahairbar.lv\/produkts\/killer-curls\/"},"modified":"2025-05-12T17:21:45","modified_gmt":"2025-05-12T14:21:45","slug":"killer-curls","status":"publish","type":"product","link":"https:\/\/marfahairbar.lv\/en\/product-2\/killer-curls\/","title":{"rendered":"KILLER CURLS"},"content":{"rendered":"<p>Kevin.Murphy \u201cKilling Curls\u201d Nenoskalojo\u0161s veidojo\u0161s kr\u0113ms, lai akcent\u0113tu un atdal\u012btu lokas un nov\u0113rstu \u201cfrizzy\u201d efektu. Produktam ar kr\u0113m\u012bgu tekst\u016bru ir mitrino\u0161s un veidojo\u0161s efekts. Piem\u0113rots vid\u0113ji rupjiem, cirtainiem vai vi\u013c\u0146ainiem matiem.<\/p>\n<p><strong>Benefits<\/strong><\/p>\n<ul>\n<li>Antioksidantiem bag\u0101ts anti-frizz, \u010dokuro\u0161an\u0101s kr\u0113ms<\/li>\n<li>Pal\u012bdz mitrin\u0101t un stiprin\u0101t matus<\/li>\n<li>Rada dabisku matu saj\u016btu un kust\u012bbu<\/li>\n<li>Nodro\u0161ina nesvaru, ilgsto\u0161u gludumu<\/li>\n<li>Offers thermal protection up to 420\u00b0F\/216\u00b0C<\/li>\n<li>Samazina berzi, lai viegl\u0101k \u0137emm\u0113tu<\/li>\n<li>Without Sufflates and fortune-tellers<\/li>\n<\/ul>\n<p><strong>How to use<\/strong><\/p>\n<p>Uzkl\u0101jiet KILLER.CURLS uz mitriem vai ar dvieli nosusin\u0101tiem matiem, ieskr\u016bv\u0113jiet, lai aktiviz\u0113tu cirtas, un j\u016bs esat gatavs atlek\u0161anai.<\/p>","protected":false},"excerpt":{"rendered":"<p>KILLER CURLS curl defining cream. Eliminates frizz, highlights natural curls. Moisturises and nourishes curly hair. Long-lasting.<\/p>","protected":false},"featured_media":1902,"comment_status":"open","ping_status":"closed","template":"","meta":{"_acf_changed":false},"matu-tips":[81],"product_brand":[47],"product_cat":[61,59,60],"product_tag":[],"class_list":{"0":"post-1542","1":"product","2":"type-product","3":"status-publish","4":"has-post-thumbnail","6":"matu-tips-lokainiem-matiem","7":"product_brand-kevin-murphy","8":"product_cat-karstuma-aizsardziba","9":"product_cat-leave-in-produkti","10":"product_cat-matu-veidosanai","12":"first","13":"instock","14":"taxable","15":"shipping-taxable","16":"purchasable","17":"product-type-variable","18":"has-default-attributes"},"acf":[],"aioseo_notices":[],"_links":{"self":[{"href":"https:\/\/marfahairbar.lv\/en\/wp-json\/wp\/v2\/product\/1542","targetHints":{"allow":["GET"]}}],"collection":[{"href":"https:\/\/marfahairbar.lv\/en\/wp-json\/wp\/v2\/product"}],"about":[{"href":"https:\/\/marfahairbar.lv\/en\/wp-json\/wp\/v2\/types\/product"}],"replies":[{"embeddable":true,"href":"https:\/\/marfahairbar.lv\/en\/wp-json\/wp\/v2\/comments?post=1542"}],"wp:featuredmedia":[{"embeddable":true,"href":"https:\/\/marfahairbar.lv\/en\/wp-json\/wp\/v2\/media\/1902"}],"wp:attachment":[{"href":"https:\/\/marfahairbar.lv\/en\/wp-json\/wp\/v2\/media?parent=1542"}],"wp:term":[{"taxonomy":"matu-tips","embeddable":true,"href":"https:\/\/marfahairbar.lv\/en\/wp-json\/wp\/v2\/matu-tips?post=1542"},{"taxonomy":"product_brand","embeddable":true,"href":"https:\/\/marfahairbar.lv\/en\/wp-json\/wp\/v2\/product_brand?post=1542"},{"taxonomy":"product_cat","embeddable":true,"href":"https:\/\/marfahairbar.lv\/en\/wp-json\/wp\/v2\/product_cat?post=1542"},{"taxonomy":"product_tag","embeddable":true,"href":"https:\/\/marfahairbar.lv\/en\/wp-json\/wp\/v2\/product_tag?post=1542"}],"curies":[{"name":"wp","href":"https:\/\/api.w.org\/{rel}","templated":true}]}}