{"id":1541,"date":"2025-03-06T17:55:23","date_gmt":"2025-03-06T14:55:23","guid":{"rendered":"https:\/\/marfahairbar.lv\/produkts\/killer-waves\/"},"modified":"2025-05-12T17:21:45","modified_gmt":"2025-05-12T14:21:45","slug":"killer-waves","status":"publish","type":"product","link":"https:\/\/marfahairbar.lv\/en\/product-2\/killer-waves\/","title":{"rendered":"KILLER WAVES"},"content":{"rendered":"<p>Kevin Murphy\u2019s Killer Waves teksturiz\u0113jo\u0161s sprejs, lai uzlabotu cirtas un pie\u0161\u0137irtu apjomu, izce\u013c cirtainu un vi\u013c\u0146ainu matu strukt\u016bru, nosaka un atdala cirtas, k\u0101 ar\u012b pie\u0161\u0137ir apjomu, tos neapsverot. Bezsvara tekst\u016bras l\u012bdzek\u013ci tiek gal\u0101 ar matu \u201cp\u016bko\u0161an\u0101s\u201d efektu, atjauno pl\u0101nu un boj\u0101tu matu strukt\u016bru. Ide\u0101li piem\u0113rots boj\u0101tiem vi\u013c\u0146ainiem vai cirtainiem matiem.<\/p>\n<p><strong>How to use<\/strong><\/p>\n<p>Pirms veido\u0161anas apsmidziniet uz mitriem, ar dvieli nosusin\u0101tiem matiem. Izmantojams k\u0101 pamatu produkts vai sl\u0101\u0146ains ar citiem produktiem p\u0113c v\u0113l\u0113\u0161an\u0101s.<\/p>","protected":false},"excerpt":{"rendered":"<p>KILLER WAVES cream to highlight and define wavy hair. Protects against humidity and frizz. Gives shine and elasticity to waves.<\/p>","protected":false},"featured_media":1899,"comment_status":"open","ping_status":"closed","template":"","meta":{"_acf_changed":false},"matu-tips":[81,79],"product_brand":[47],"product_cat":[59,60],"product_tag":[],"class_list":{"0":"post-1541","1":"product","2":"type-product","3":"status-publish","4":"has-post-thumbnail","6":"matu-tips-lokainiem-matiem","7":"matu-tips-planiem-matiem","8":"product_brand-kevin-murphy","9":"product_cat-leave-in-produkti","10":"product_cat-matu-veidosanai","12":"first","13":"instock","14":"taxable","15":"shipping-taxable","16":"purchasable","17":"product-type-variable","18":"has-default-attributes"},"acf":[],"aioseo_notices":[],"_links":{"self":[{"href":"https:\/\/marfahairbar.lv\/en\/wp-json\/wp\/v2\/product\/1541","targetHints":{"allow":["GET"]}}],"collection":[{"href":"https:\/\/marfahairbar.lv\/en\/wp-json\/wp\/v2\/product"}],"about":[{"href":"https:\/\/marfahairbar.lv\/en\/wp-json\/wp\/v2\/types\/product"}],"replies":[{"embeddable":true,"href":"https:\/\/marfahairbar.lv\/en\/wp-json\/wp\/v2\/comments?post=1541"}],"wp:featuredmedia":[{"embeddable":true,"href":"https:\/\/marfahairbar.lv\/en\/wp-json\/wp\/v2\/media\/1899"}],"wp:attachment":[{"href":"https:\/\/marfahairbar.lv\/en\/wp-json\/wp\/v2\/media?parent=1541"}],"wp:term":[{"taxonomy":"matu-tips","embeddable":true,"href":"https:\/\/marfahairbar.lv\/en\/wp-json\/wp\/v2\/matu-tips?post=1541"},{"taxonomy":"product_brand","embeddable":true,"href":"https:\/\/marfahairbar.lv\/en\/wp-json\/wp\/v2\/product_brand?post=1541"},{"taxonomy":"product_cat","embeddable":true,"href":"https:\/\/marfahairbar.lv\/en\/wp-json\/wp\/v2\/product_cat?post=1541"},{"taxonomy":"product_tag","embeddable":true,"href":"https:\/\/marfahairbar.lv\/en\/wp-json\/wp\/v2\/product_tag?post=1541"}],"curies":[{"name":"wp","href":"https:\/\/api.w.org\/{rel}","templated":true}]}}