{"id":1538,"date":"2025-03-06T17:55:22","date_gmt":"2025-03-06T14:55:22","guid":{"rendered":"https:\/\/marfahairbar.lv\/produkts\/free-hold\/"},"modified":"2025-05-12T17:21:45","modified_gmt":"2025-05-12T14:21:45","slug":"free-hold","status":"publish","type":"product","link":"https:\/\/marfahairbar.lv\/en\/product-2\/free-hold\/","title":{"rendered":"FREE HOLD"},"content":{"rendered":"<p>FREE.HOLD pie\u0161\u0137ir dabisku sp\u012bdumu un nodro\u0161ina elast\u012bgu notur\u012bbu, palielinot antioksidantu un \u0113terisk\u0101s e\u013c\u013cas labest\u012bbu, tas ar\u012b pal\u012bdz matiem justies barotiem un kondicion\u0113tiem.<\/p>\n<p><strong>Benefits<\/strong><\/p>\n<ul>\n<li>Nodro\u0161ina elast\u012bgu, vid\u0113ju tur\u0113\u0161anu<\/li>\n<li>Pievieno dabiska izskata sp\u012bdumu<\/li>\n<li>Rada matu sabiez\u0113jumu<\/li>\n<li>E\u013c\u013co matus un galvas \u0101du<\/li>\n<li>Nodro\u0161ina sp\u012bd\u012bgu apdari<\/li>\n<li>Ide\u0101li visiem matu tipiem<\/li>\n<li>Sulphate, paraben and cruelty-free<\/li>\n<\/ul>\n<p><strong>How to use<\/strong><\/p>\n<p>Uzkl\u0101jiet FREE.HOLD mitriem vai sausiem matiem.<\/p>","protected":false},"excerpt":{"rendered":"<p>FREE HOLD light hold paste. Provides a natural look with controlled hold. Does not make hair greasy or sticky.<\/p>","protected":false},"featured_media":1884,"comment_status":"open","ping_status":"closed","template":"","meta":{"_acf_changed":false},"matu-tips":[82],"product_brand":[47],"product_cat":[60],"product_tag":[],"class_list":{"0":"post-1538","1":"product","2":"type-product","3":"status-publish","4":"has-post-thumbnail","6":"matu-tips-visiem-matu-tipiem","7":"product_brand-kevin-murphy","8":"product_cat-matu-veidosanai","10":"first","11":"instock","12":"taxable","13":"shipping-taxable","14":"purchasable","15":"product-type-variable","16":"has-default-attributes"},"acf":[],"aioseo_notices":[],"_links":{"self":[{"href":"https:\/\/marfahairbar.lv\/en\/wp-json\/wp\/v2\/product\/1538","targetHints":{"allow":["GET"]}}],"collection":[{"href":"https:\/\/marfahairbar.lv\/en\/wp-json\/wp\/v2\/product"}],"about":[{"href":"https:\/\/marfahairbar.lv\/en\/wp-json\/wp\/v2\/types\/product"}],"replies":[{"embeddable":true,"href":"https:\/\/marfahairbar.lv\/en\/wp-json\/wp\/v2\/comments?post=1538"}],"wp:featuredmedia":[{"embeddable":true,"href":"https:\/\/marfahairbar.lv\/en\/wp-json\/wp\/v2\/media\/1884"}],"wp:attachment":[{"href":"https:\/\/marfahairbar.lv\/en\/wp-json\/wp\/v2\/media?parent=1538"}],"wp:term":[{"taxonomy":"matu-tips","embeddable":true,"href":"https:\/\/marfahairbar.lv\/en\/wp-json\/wp\/v2\/matu-tips?post=1538"},{"taxonomy":"product_brand","embeddable":true,"href":"https:\/\/marfahairbar.lv\/en\/wp-json\/wp\/v2\/product_brand?post=1538"},{"taxonomy":"product_cat","embeddable":true,"href":"https:\/\/marfahairbar.lv\/en\/wp-json\/wp\/v2\/product_cat?post=1538"},{"taxonomy":"product_tag","embeddable":true,"href":"https:\/\/marfahairbar.lv\/en\/wp-json\/wp\/v2\/product_tag?post=1538"}],"curies":[{"name":"wp","href":"https:\/\/api.w.org\/{rel}","templated":true}]}}