{"id":1527,"date":"2025-03-06T17:55:17","date_gmt":"2025-03-06T14:55:17","guid":{"rendered":"https:\/\/marfahairbar.lv\/produkts\/hydrate-me-masque\/"},"modified":"2025-05-12T17:21:44","modified_gmt":"2025-05-12T14:21:44","slug":"hydrate-me-masque","status":"publish","type":"product","link":"https:\/\/marfahairbar.lv\/en\/product-2\/hydrate-me-masque\/","title":{"rendered":"HYDRATE-ME MASQUE"},"content":{"rendered":"<p>Sniedziet sausiem, nedz\u012bviem matiem intens\u012bvu mitrino\u0161u l\u0101di\u0146u ar HYDRATE-ME.MASQUE. M\u016bsu atvese\u013cojo\u0161\u0101s un nogludino\u0161\u0101s iedarb\u012bbas MASKA d\u0101v\u0101 veldzi un mitrumu sausiem matiem vai matiem, kas biju\u0161i pak\u013cauta skarba, sausa klimata iedarb\u012bbai. HYDRATE-ME.MASQUE unik\u0101laj\u0101 sast\u0101v\u0101 iek\u013cautas ar vitam\u012bniem pild\u012btas mikrokapsulas, kuras kontakta br\u012bd\u012b p\u0101rpl\u012bst, sniedzot bag\u0101t\u012bgu veldzi un mitrin\u0101jumu, dzi\u013ci atvese\u013cojot matus no sakn\u0113m l\u012bdz pat galiem.<\/p>\n<p><strong>Benefits<\/strong><\/p>\n<ul>\n<li>Atjauno mitrumu un atveldz\u0113 sausus, nedz\u012bvus matus.<\/li>\n<li>Dzi\u013ci atvese\u013co un veicina sp\u012bdumu.<\/li>\n<li>Satur barojo\u0161as sast\u0101vda\u013cas, lai pal\u012bdz\u0113tu atjaunot, atvese\u013cot un nogludin\u0101t matus.<\/li>\n<li>Veicina matu elast\u012bbu un atsper\u012bgumu.<\/li>\n<li>Ide\u0101li piem\u0113rots norm\u0101liem l\u012bdz sausiem matiem.<\/li>\n<\/ul>\n<p><strong>Usage:<\/strong> Uzkl\u0101jiet uz tikko izmazg\u0101tiem matiem, iemas\u0113jiet matos un galvas \u0101d\u0101 un atst\u0101jiet uz 5-10 min\u016bt\u0113m, lai \u013cautu piln\u012bb\u0101 uz\u0146emt v\u0113rt\u012bg\u0101s sast\u0101vda\u013cas, p\u0113c tam izskalojiet, g\u016bstot svaiguma saj\u016btu.<\/p>","protected":false},"excerpt":{"rendered":"<p>HYDRATE-ME MASQUE intensively moisturising mask for dry hair. Contains natural oils and vitamins. Restores the hair's natural moisture level.<\/p>","protected":false},"featured_media":1846,"comment_status":"open","ping_status":"closed","template":"","meta":{"_acf_changed":false},"matu-tips":[80,77],"product_brand":[47],"product_cat":[55,58],"product_tag":[],"class_list":{"0":"post-1527","1":"product","2":"type-product","3":"status-publish","4":"has-post-thumbnail","6":"matu-tips-krasotiem-matiem","7":"matu-tips-sausiem-matiem","8":"product_brand-kevin-murphy","9":"product_cat-matu-maskas","10":"product_cat-matu-veselibai","12":"first","13":"instock","14":"taxable","15":"shipping-taxable","16":"purchasable","17":"product-type-variable","18":"has-default-attributes"},"acf":[],"aioseo_notices":[],"_links":{"self":[{"href":"https:\/\/marfahairbar.lv\/en\/wp-json\/wp\/v2\/product\/1527","targetHints":{"allow":["GET"]}}],"collection":[{"href":"https:\/\/marfahairbar.lv\/en\/wp-json\/wp\/v2\/product"}],"about":[{"href":"https:\/\/marfahairbar.lv\/en\/wp-json\/wp\/v2\/types\/product"}],"replies":[{"embeddable":true,"href":"https:\/\/marfahairbar.lv\/en\/wp-json\/wp\/v2\/comments?post=1527"}],"wp:featuredmedia":[{"embeddable":true,"href":"https:\/\/marfahairbar.lv\/en\/wp-json\/wp\/v2\/media\/1846"}],"wp:attachment":[{"href":"https:\/\/marfahairbar.lv\/en\/wp-json\/wp\/v2\/media?parent=1527"}],"wp:term":[{"taxonomy":"matu-tips","embeddable":true,"href":"https:\/\/marfahairbar.lv\/en\/wp-json\/wp\/v2\/matu-tips?post=1527"},{"taxonomy":"product_brand","embeddable":true,"href":"https:\/\/marfahairbar.lv\/en\/wp-json\/wp\/v2\/product_brand?post=1527"},{"taxonomy":"product_cat","embeddable":true,"href":"https:\/\/marfahairbar.lv\/en\/wp-json\/wp\/v2\/product_cat?post=1527"},{"taxonomy":"product_tag","embeddable":true,"href":"https:\/\/marfahairbar.lv\/en\/wp-json\/wp\/v2\/product_tag?post=1527"}],"curies":[{"name":"wp","href":"https:\/\/api.w.org\/{rel}","templated":true}]}}