{"id":1521,"date":"2025-03-06T17:55:13","date_gmt":"2025-03-06T14:55:13","guid":{"rendered":"https:\/\/marfahairbar.lv\/produkts\/staying-alive\/"},"modified":"2025-05-12T17:21:40","modified_gmt":"2025-05-12T14:21:40","slug":"staying-alive","status":"publish","type":"product","link":"https:\/\/marfahairbar.lv\/en\/product-2\/staying-alive\/","title":{"rendered":"STAYING ALIVE"},"content":{"rendered":"<p>STAYING.ALIVE ir m\u016bsu izcili iedarb\u012bgais neskalojamais, e\u013c\u013cu nesaturo\u0161ais kop\u0161anas l\u012bdzeklis, kas moment\u0101ni pal\u012bdz atvese\u013cot boj\u0101tus vai kr\u0101sotus matus. Ar nogludino\u0161iem un atvese\u013cojo\u0161iem z\u012bda prote\u012bniem papildin\u0101tais un antioksidantus bag\u0101t\u012bgi saturo\u0161ais gais\u012bgi vieglais un v\u0113rt\u012bgais izsmidzin\u0101mais l\u012bdzeklis veicina matu elast\u012bgumu un pal\u012bdz mazin\u0101t to sausumu, vienlaikus ar\u012b atvieglojot sa\u0137\u0113ru\u0161os matu \u0161\u0137ipsnu atbr\u012bvo\u0161anu.<\/p>\n<p><strong>Benefits<\/strong><\/p>\n<ul>\n<li>Pal\u012bdz nosl\u0113gt kutikulu.<\/li>\n<li>Pal\u012bdz nov\u0113rst matu spuro\u0161anos un padar\u012bt tos gludus.<\/li>\n<li>Barojo\u0161a un nostiprino\u0161a iedarb\u012bba.<\/li>\n<li>PH l\u012bmenis no 3.5 l\u012bdz 4.5.<\/li>\n<li>Suitable for all hair types.<\/li>\n<\/ul>\n<p><strong>Usage:<\/strong> Uzsmidziniet STAYING.ALIVE uz mitriem matiem, nogaidiet 5-10 sekundes, p\u0113c tam iz\u0137emm\u0113jiet matus.<\/p>","protected":false},"excerpt":{"rendered":"<p>STAYING ALIVE repairing and moisturising spray for dry hair. Gives hair elasticity, shine and protection from the sun's rays.<\/p>","protected":false},"featured_media":1828,"comment_status":"open","ping_status":"closed","template":"","meta":{"_acf_changed":false},"matu-tips":[80,82],"product_brand":[47],"product_cat":[61,59,58],"product_tag":[],"class_list":{"0":"post-1521","1":"product","2":"type-product","3":"status-publish","4":"has-post-thumbnail","6":"matu-tips-krasotiem-matiem","7":"matu-tips-visiem-matu-tipiem","8":"product_brand-kevin-murphy","9":"product_cat-karstuma-aizsardziba","10":"product_cat-leave-in-produkti","11":"product_cat-matu-veselibai","13":"first","14":"instock","15":"taxable","16":"shipping-taxable","17":"purchasable","18":"product-type-variable","19":"has-default-attributes"},"acf":[],"aioseo_notices":[],"_links":{"self":[{"href":"https:\/\/marfahairbar.lv\/en\/wp-json\/wp\/v2\/product\/1521","targetHints":{"allow":["GET"]}}],"collection":[{"href":"https:\/\/marfahairbar.lv\/en\/wp-json\/wp\/v2\/product"}],"about":[{"href":"https:\/\/marfahairbar.lv\/en\/wp-json\/wp\/v2\/types\/product"}],"replies":[{"embeddable":true,"href":"https:\/\/marfahairbar.lv\/en\/wp-json\/wp\/v2\/comments?post=1521"}],"wp:featuredmedia":[{"embeddable":true,"href":"https:\/\/marfahairbar.lv\/en\/wp-json\/wp\/v2\/media\/1828"}],"wp:attachment":[{"href":"https:\/\/marfahairbar.lv\/en\/wp-json\/wp\/v2\/media?parent=1521"}],"wp:term":[{"taxonomy":"matu-tips","embeddable":true,"href":"https:\/\/marfahairbar.lv\/en\/wp-json\/wp\/v2\/matu-tips?post=1521"},{"taxonomy":"product_brand","embeddable":true,"href":"https:\/\/marfahairbar.lv\/en\/wp-json\/wp\/v2\/product_brand?post=1521"},{"taxonomy":"product_cat","embeddable":true,"href":"https:\/\/marfahairbar.lv\/en\/wp-json\/wp\/v2\/product_cat?post=1521"},{"taxonomy":"product_tag","embeddable":true,"href":"https:\/\/marfahairbar.lv\/en\/wp-json\/wp\/v2\/product_tag?post=1521"}],"curies":[{"name":"wp","href":"https:\/\/api.w.org\/{rel}","templated":true}]}}