{"id":1517,"date":"2025-03-06T17:55:10","date_gmt":"2025-03-06T14:55:10","guid":{"rendered":"https:\/\/marfahairbar.lv\/produkts\/blonde-angel\/"},"modified":"2025-05-12T17:21:40","modified_gmt":"2025-05-12T14:21:40","slug":"blonde-angel","status":"publish","type":"product","link":"https:\/\/marfahairbar.lv\/en\/product-2\/blonde-angel\/","title":{"rendered":"BLONDE ANGEL"},"content":{"rendered":"<p>Iestatiet pareizo toni un str\u0101d\u0101jiet, lai atjaunotu optim\u0101lu st\u0101vokli un sp\u012bdumu l\u012bdz misi\u0146a bla bla, blondiem to\u0146iem. BLONDE.ANGEL kondicion\u0113 un mitrina balin\u0101tus, izgaismotus un pel\u0113kus matus, atkal ieliekot atl\u0113cienu sav\u0101 blondaj\u0101, vienlaikus labojot misi\u0146a vai dzelten\u0101s kr\u0101sas to\u0146us.<\/p>\n<p><strong>Benefits<\/strong><\/p>\n<ul>\n<li>Colour-enhancing conditioner for blonde and grey hair, set the right shade and work to restore optimum condition and shine to brassy blah blah blonde tones. BLONDE.ANGEL conditions and moisturises bleached, highlighted and grey hair, putting the bounce back into your blonde while correcting brassy or yellow tones.Richly formulated to help neutralise brassy tones,Helps restore shine and brightness,Helps maintain cooler tones,Helps serve colour removal,APPLY. ABSORB. RINSE. Apply to freshly washed hair and allow hair to absorb benefits for 1-2 minutes, follow with a refreshing rinse. For optimum repair results, use after washing with BLONDE.ANGEL.WASH and as part of our BLONDE regime.,BLONDE.ANGEL 250ml<\/li>\n<li>Bag\u0101t\u012bgi formul\u0113ts, lai pal\u012bdz\u0113tu neitraliz\u0113t misi\u0146a to\u0146us<\/li>\n<li>Pal\u012bdz atjaunot sp\u012bdumu un spilgtumu<\/li>\n<li>Pal\u012bdz saglab\u0101t v\u0113s\u0101kus to\u0146us<\/li>\n<li>Pal\u012bdz pasniegt kr\u0101sas no\u0146em\u0161anu<\/li>\n<li>Sulphate, paraben and cruelty-free<\/li>\n<\/ul>\n<p><strong>How to use<\/strong><\/p>\n<p>PIETEIKTIES. ABSORB. IZSKALOT. Uzkl\u0101jiet uz svaigi mazg\u0101tiem matiem un \u013caujiet matiem absorb\u0113t ieguvumus 1-2 min\u016btes, sekojiet ar atsvaidzino\u0161u skalo\u0161anu. Lai ieg\u016btu optim\u0101lus labo\u0161anas rezult\u0101tus, izmantojiet p\u0113c mazg\u0101\u0161anas ar BLONDE.ANGEL.WASH un k\u0101 da\u013cu no m\u016bsu BLONDE re\u017e\u012bma.<\/p>","protected":false},"excerpt":{"rendered":"<p>BLONDE ANGEL shimmer spray for blonde hair. Neutralises yellow tones and protects from UV rays. Gives hair a vibrant look.<\/p>","protected":false},"featured_media":1816,"comment_status":"open","ping_status":"closed","template":"","meta":{"_acf_changed":false},"matu-tips":[80],"product_brand":[47],"product_cat":[36,55,76,58],"product_tag":[],"class_list":{"0":"post-1517","1":"product","2":"type-product","3":"status-publish","4":"has-post-thumbnail","6":"matu-tips-krasotiem-matiem","7":"product_brand-kevin-murphy","8":"product_cat-kondicionieri","9":"product_cat-matu-maskas","10":"product_cat-matu-tonesanai","11":"product_cat-matu-veselibai","13":"first","14":"instock","15":"taxable","16":"shipping-taxable","17":"purchasable","18":"product-type-variable","19":"has-default-attributes"},"acf":[],"aioseo_notices":[],"_links":{"self":[{"href":"https:\/\/marfahairbar.lv\/en\/wp-json\/wp\/v2\/product\/1517","targetHints":{"allow":["GET"]}}],"collection":[{"href":"https:\/\/marfahairbar.lv\/en\/wp-json\/wp\/v2\/product"}],"about":[{"href":"https:\/\/marfahairbar.lv\/en\/wp-json\/wp\/v2\/types\/product"}],"replies":[{"embeddable":true,"href":"https:\/\/marfahairbar.lv\/en\/wp-json\/wp\/v2\/comments?post=1517"}],"wp:featuredmedia":[{"embeddable":true,"href":"https:\/\/marfahairbar.lv\/en\/wp-json\/wp\/v2\/media\/1816"}],"wp:attachment":[{"href":"https:\/\/marfahairbar.lv\/en\/wp-json\/wp\/v2\/media?parent=1517"}],"wp:term":[{"taxonomy":"matu-tips","embeddable":true,"href":"https:\/\/marfahairbar.lv\/en\/wp-json\/wp\/v2\/matu-tips?post=1517"},{"taxonomy":"product_brand","embeddable":true,"href":"https:\/\/marfahairbar.lv\/en\/wp-json\/wp\/v2\/product_brand?post=1517"},{"taxonomy":"product_cat","embeddable":true,"href":"https:\/\/marfahairbar.lv\/en\/wp-json\/wp\/v2\/product_cat?post=1517"},{"taxonomy":"product_tag","embeddable":true,"href":"https:\/\/marfahairbar.lv\/en\/wp-json\/wp\/v2\/product_tag?post=1517"}],"curies":[{"name":"wp","href":"https:\/\/api.w.org\/{rel}","templated":true}]}}