{"id":1516,"date":"2025-03-06T17:55:09","date_gmt":"2025-03-06T14:55:09","guid":{"rendered":"https:\/\/marfahairbar.lv\/produkts\/crystal-angel\/"},"modified":"2025-05-12T17:21:40","modified_gmt":"2025-05-12T14:21:40","slug":"crystal-angel","status":"publish","type":"product","link":"https:\/\/marfahairbar.lv\/en\/product-2\/crystal-angel\/","title":{"rendered":"CRYSTAL ANGEL"},"content":{"rendered":"<p>For light or bleached hair, to preserve colour after colouring, correct or enhance existing shadow saturation, add brightness and shine. Crystal.Angel improves colour shine and lustre, creates a uniform, clean finish on the surface of the hair.<\/p>\n<p><strong>Benefits<\/strong><\/p>\n<ul>\n<li>Bez sulf\u0101tiem<\/li>\n<li>Parab\u0113nu bezmaksas<\/li>\n<li>Kr\u0101su pigmenti<\/li>\n<li>Toniz\u0113jiet un uzlabojiet<\/li>\n<li>Neitraliz\u0113jiet nev\u0113lamus to\u0146us<\/li>\n<li>Radiet sp\u012bdumu<\/li>\n<li>Baro ar mitrumu<\/li>\n<li>Aizsarg\u0101t<\/li>\n<li>Apgaismojo\u0161ais sp\u012bdums<\/li>\n<\/ul>\n<p><strong>How to use<\/strong><\/p>\n<p>Mitri mati. Vispirms \u0161amp\u016bns. Uzkl\u0101jiet v\u0113lamo COLOURING.ANGEL. Pagaidiet 3-5 min\u016btes un noskalojiet.<\/p>","protected":false},"excerpt":{"rendered":"<p>CRYSTAL ANGEL transparent hair serum that gives hair a crystalline shine. Protects from the sun and the environment.<\/p>","protected":false},"featured_media":1812,"comment_status":"open","ping_status":"closed","template":"","meta":{"_acf_changed":false},"matu-tips":[80],"product_brand":[47],"product_cat":[36,55,76,58],"product_tag":[],"class_list":{"0":"post-1516","1":"product","2":"type-product","3":"status-publish","4":"has-post-thumbnail","6":"matu-tips-krasotiem-matiem","7":"product_brand-kevin-murphy","8":"product_cat-kondicionieri","9":"product_cat-matu-maskas","10":"product_cat-matu-tonesanai","11":"product_cat-matu-veselibai","13":"first","14":"instock","15":"taxable","16":"shipping-taxable","17":"purchasable","18":"product-type-variable","19":"has-default-attributes"},"acf":[],"aioseo_notices":[],"_links":{"self":[{"href":"https:\/\/marfahairbar.lv\/en\/wp-json\/wp\/v2\/product\/1516","targetHints":{"allow":["GET"]}}],"collection":[{"href":"https:\/\/marfahairbar.lv\/en\/wp-json\/wp\/v2\/product"}],"about":[{"href":"https:\/\/marfahairbar.lv\/en\/wp-json\/wp\/v2\/types\/product"}],"replies":[{"embeddable":true,"href":"https:\/\/marfahairbar.lv\/en\/wp-json\/wp\/v2\/comments?post=1516"}],"wp:featuredmedia":[{"embeddable":true,"href":"https:\/\/marfahairbar.lv\/en\/wp-json\/wp\/v2\/media\/1812"}],"wp:attachment":[{"href":"https:\/\/marfahairbar.lv\/en\/wp-json\/wp\/v2\/media?parent=1516"}],"wp:term":[{"taxonomy":"matu-tips","embeddable":true,"href":"https:\/\/marfahairbar.lv\/en\/wp-json\/wp\/v2\/matu-tips?post=1516"},{"taxonomy":"product_brand","embeddable":true,"href":"https:\/\/marfahairbar.lv\/en\/wp-json\/wp\/v2\/product_brand?post=1516"},{"taxonomy":"product_cat","embeddable":true,"href":"https:\/\/marfahairbar.lv\/en\/wp-json\/wp\/v2\/product_cat?post=1516"},{"taxonomy":"product_tag","embeddable":true,"href":"https:\/\/marfahairbar.lv\/en\/wp-json\/wp\/v2\/product_tag?post=1516"}],"curies":[{"name":"wp","href":"https:\/\/api.w.org\/{rel}","templated":true}]}}