{"id":1513,"date":"2025-03-06T17:55:07","date_gmt":"2025-03-06T14:55:07","guid":{"rendered":"https:\/\/marfahairbar.lv\/produkts\/killer-curls-rinse\/"},"modified":"2025-05-12T17:21:40","modified_gmt":"2025-05-12T14:21:40","slug":"killer-curls-rinse","status":"publish","type":"product","link":"https:\/\/marfahairbar.lv\/en\/product-2\/killer-curls-rinse\/","title":{"rendered":"KILLER CURLS RINSE"},"content":{"rendered":"<p>izceliet, uzlabojiet un uzlabojiet dabisko vai ilgvi\u013c\u0146u matu tekst\u016bru ar m\u016bsu JAUNajiem KILLER produktiem! Auzu piena barojo\u0161s kondicionieris dzi\u013ci mitrina un stiprina matus, lai samazin\u0101tu to l\u016b\u0161anu. Aizsarg\u0101<\/p>\n<p>pret kr\u0101sas izbal\u0113\u0161anu un uzlabo tekst\u016bru, padarot cirtas m\u012bkstas un elast\u012bgas, sp\u012bd\u012bgas un izteiktas.<\/p>\n<p><strong>Benefits<\/strong><\/p>\n<ul>\n<li>Hydration and nutrition<\/li>\n<li>Improves texture<\/li>\n<li>Improves shine<\/li>\n<li>Ide\u0101li piem\u0113rots gan dabiski cirtainiem, gan past\u0101v\u012bgiem matiem<\/li>\n<li>Strengthening<\/li>\n<\/ul>\n<p><strong>Usage:<\/strong> Uzkl\u0101jiet uz tikko izmazg\u0101tiem matiem, atst\u0101jiet 1-2 min\u016btes un izskalojiet. Lai ieg\u016btu lab\u0101kos rezult\u0101tus, izmantojiet KILLER.TWIRLS vai produktus no CURL Regimen l\u012bnijas.<\/p>","protected":false},"excerpt":{"rendered":"<p>KILLER CURLS RINSE Conditioner for curly hair. Improves curl definition, prevents frizz and protects from the effects of humidity.<\/p>","protected":false},"featured_media":1800,"comment_status":"open","ping_status":"closed","template":"","meta":{"_acf_changed":false},"matu-tips":[81],"product_brand":[47],"product_cat":[36],"product_tag":[],"class_list":{"0":"post-1513","1":"product","2":"type-product","3":"status-publish","4":"has-post-thumbnail","6":"matu-tips-lokainiem-matiem","7":"product_brand-kevin-murphy","8":"product_cat-kondicionieri","10":"first","11":"instock","12":"taxable","13":"shipping-taxable","14":"purchasable","15":"product-type-variable","16":"has-default-attributes"},"acf":[],"aioseo_notices":[],"_links":{"self":[{"href":"https:\/\/marfahairbar.lv\/en\/wp-json\/wp\/v2\/product\/1513","targetHints":{"allow":["GET"]}}],"collection":[{"href":"https:\/\/marfahairbar.lv\/en\/wp-json\/wp\/v2\/product"}],"about":[{"href":"https:\/\/marfahairbar.lv\/en\/wp-json\/wp\/v2\/types\/product"}],"replies":[{"embeddable":true,"href":"https:\/\/marfahairbar.lv\/en\/wp-json\/wp\/v2\/comments?post=1513"}],"wp:featuredmedia":[{"embeddable":true,"href":"https:\/\/marfahairbar.lv\/en\/wp-json\/wp\/v2\/media\/1800"}],"wp:attachment":[{"href":"https:\/\/marfahairbar.lv\/en\/wp-json\/wp\/v2\/media?parent=1513"}],"wp:term":[{"taxonomy":"matu-tips","embeddable":true,"href":"https:\/\/marfahairbar.lv\/en\/wp-json\/wp\/v2\/matu-tips?post=1513"},{"taxonomy":"product_brand","embeddable":true,"href":"https:\/\/marfahairbar.lv\/en\/wp-json\/wp\/v2\/product_brand?post=1513"},{"taxonomy":"product_cat","embeddable":true,"href":"https:\/\/marfahairbar.lv\/en\/wp-json\/wp\/v2\/product_cat?post=1513"},{"taxonomy":"product_tag","embeddable":true,"href":"https:\/\/marfahairbar.lv\/en\/wp-json\/wp\/v2\/product_tag?post=1513"}],"curies":[{"name":"wp","href":"https:\/\/api.w.org\/{rel}","templated":true}]}}