{"id":1506,"date":"2025-03-06T17:55:02","date_gmt":"2025-03-06T14:55:02","guid":{"rendered":"https:\/\/marfahairbar.lv\/produkts\/hydrate-me-rinse\/"},"modified":"2025-05-12T17:21:39","modified_gmt":"2025-05-12T14:21:39","slug":"hydrate-me-rinse","status":"publish","type":"product","link":"https:\/\/marfahairbar.lv\/en\/product-2\/hydrate-me-rinse\/","title":{"rendered":"HYDRATE-ME RINSE"},"content":{"rendered":"<p>AR KAKADU PL\u016aMJU EKSTRAKTU PIES\u0100TIN\u0100TA MITRIN\u0100\u0160ANAS SIST\u0112MA KR\u0100SOTIEM MATIEM<\/p>\n<p>Bag\u0101t\u012bgi mitrino\u0161s un nogludino\u0161s balzams, kas paredz\u0113ts boj\u0101tu matu atjauno\u0161anai un atvese\u013co\u0161anai. Ide\u0101li piem\u0113rots matiem, kas jau no dabas ir sausi vai ar\u012b tiek pak\u013cauti skarba, sausa klimata iedarb\u012bbai. HYDRATE- ME.RINSE sniedz nepiecie\u0161amo mitruma l\u0101di\u0146u, lai pabarotu sausas, nedz\u012bvas matu cirtas, uzlabojot sa\u0161\u0137elto galu izskatu un fakt\u016bru. Ar vesel\u012bgajiem antioksidantiem bag\u0101tais HYDRATE-ME.RINSE pie\u0161\u0137ir matiem kr\u0101\u0161\u0146u, vesel\u012bgu mirdzumu.<\/p>\n<p><strong>Benefits<\/strong><\/p>\n<ul>\n<li>Bag\u0101t\u012bgais antioksidantu sast\u0101vs pal\u012bdz intens\u012bvai mitrin\u0101\u0161anai.<\/li>\n<li>Pal\u012bdz sniegt matiem nepiecie\u0161amo mitrumu un sp\u012bdumu.<\/li>\n<li>Pal\u012bdz nogludin\u0101t matus un padar\u012bt tos z\u012bdaini maigus.<\/li>\n<li>Bag\u0101t\u012bgs vitam\u012bnu un barojo\u0161u e\u013c\u013cu sast\u0101vs.<\/li>\n<li>Ide\u0101li piem\u0113rots norm\u0101liem l\u012bdz sausiem matiem.<\/li>\n<\/ul>\n<p><strong>Usage:<\/strong> Uzkl\u0101jiet uz tikko izmazg\u0101tiem matiem un atst\u0101jiet uz 1-2 min\u016bt\u0113m, lai \u013cautu piln\u012bb\u0101 uz\u0146emt v\u0113rt\u012bg\u0101s sast\u0101vda\u013cas, p\u0113c tam izskalojiet, g\u016bstot svaiguma saj\u016btu.<\/p>","protected":false},"excerpt":{"rendered":"<p>HYDRATE-ME RINSE moisturising conditioner for dry hair. Nourishes with moisturising oils. Prevents breakage and protects hair from damage.<\/p>","protected":false},"featured_media":1763,"comment_status":"open","ping_status":"closed","template":"","meta":{"_acf_changed":false},"matu-tips":[80,77],"product_brand":[47],"product_cat":[36],"product_tag":[],"class_list":{"0":"post-1506","1":"product","2":"type-product","3":"status-publish","4":"has-post-thumbnail","6":"matu-tips-krasotiem-matiem","7":"matu-tips-sausiem-matiem","8":"product_brand-kevin-murphy","9":"product_cat-kondicionieri","11":"first","12":"instock","13":"taxable","14":"shipping-taxable","15":"purchasable","16":"product-type-variable","17":"has-default-attributes"},"acf":[],"aioseo_notices":[],"_links":{"self":[{"href":"https:\/\/marfahairbar.lv\/en\/wp-json\/wp\/v2\/product\/1506","targetHints":{"allow":["GET"]}}],"collection":[{"href":"https:\/\/marfahairbar.lv\/en\/wp-json\/wp\/v2\/product"}],"about":[{"href":"https:\/\/marfahairbar.lv\/en\/wp-json\/wp\/v2\/types\/product"}],"replies":[{"embeddable":true,"href":"https:\/\/marfahairbar.lv\/en\/wp-json\/wp\/v2\/comments?post=1506"}],"wp:featuredmedia":[{"embeddable":true,"href":"https:\/\/marfahairbar.lv\/en\/wp-json\/wp\/v2\/media\/1763"}],"wp:attachment":[{"href":"https:\/\/marfahairbar.lv\/en\/wp-json\/wp\/v2\/media?parent=1506"}],"wp:term":[{"taxonomy":"matu-tips","embeddable":true,"href":"https:\/\/marfahairbar.lv\/en\/wp-json\/wp\/v2\/matu-tips?post=1506"},{"taxonomy":"product_brand","embeddable":true,"href":"https:\/\/marfahairbar.lv\/en\/wp-json\/wp\/v2\/product_brand?post=1506"},{"taxonomy":"product_cat","embeddable":true,"href":"https:\/\/marfahairbar.lv\/en\/wp-json\/wp\/v2\/product_cat?post=1506"},{"taxonomy":"product_tag","embeddable":true,"href":"https:\/\/marfahairbar.lv\/en\/wp-json\/wp\/v2\/product_tag?post=1506"}],"curies":[{"name":"wp","href":"https:\/\/api.w.org\/{rel}","templated":true}]}}