{"id":1502,"date":"2025-03-06T17:54:59","date_gmt":"2025-03-06T14:54:59","guid":{"rendered":"https:\/\/marfahairbar.lv\/produkts\/everlasting-colour-wash\/"},"modified":"2025-05-12T17:21:37","modified_gmt":"2025-05-12T14:21:37","slug":"everlasting-colour-wash","status":"publish","type":"product","link":"https:\/\/marfahairbar.lv\/en\/product-2\/everlasting-colour-wash\/","title":{"rendered":"EVERLASTING COLOUR WASH"},"content":{"rendered":"<p><strong>EVERLASTING. COLOUR.WASH<\/strong><\/p>\n<p>Kr\u0101su aizsarg\u0101jo\u0161s \u0161amp\u016bns ar pH nosl\u0113g\u0161anas tehnolo\u0123iju<\/p>\n<p>\u0160amp\u016bns bez sulf\u0101tiem ar sabalans\u0113tu pH, kas maigi att\u012bra matus, nosl\u0113dz matu kutikulu, lai tie sp\u012bd\u0113tu, un pal\u012bdz nostiprin\u0101t kr\u0101su, vienlaikus aizsarg\u0101jot matu \u0161\u0137ipsnas no ciet\u0101 \u016bdens miner\u0101lu uzkr\u0101\u0161an\u0101s, lai nodro\u0161in\u0101tu sp\u012bdumu.<\/p>\n<p><strong>Usage:<\/strong> Uzkl\u0101jiet uz mitriem matiem un iemas\u0113jiet matos un galvas \u0101d\u0101. Izskalojiet un atk\u0101rtojiet. Lai sasniegtu lab\u0101kos rezult\u0101tus, izmantojiet kop\u0101 ar visu EVERLASTING.COLOUR l\u012bniju.<\/p>\n<p>&nbsp;<\/p>\n<p><strong>KEY FEATURES:<\/strong><\/p>\n<p>Sk\u0101b\u0101 pH \u0161amp\u016bns<\/p>\n<p>Helps maintain hair tone<\/p>\n<p>Gives shine to hair<\/p>\n<p>Protects against hard water minerals<\/p>\n<p>Nourishes and moisturises<\/p>\n<p>Does not make hair fun<\/p>\n<p>&nbsp;<\/p>\n<p><strong>KEY INGREDIENTS<\/strong><\/p>\n<p>Hydrolysed quinoa and rice extract<\/p>\n<p>Aminosk\u0101bju sp\u0113ks, kas pal\u012bdz aizsarg\u0101t ,uzlabot kr\u0101sas notur\u012bbu un pie\u0161\u0137ir<\/p>\n<p>sp\u012bdumu ,vienlaikus pal\u012bdzot barot matus no sakn\u0113m l\u012bdz galiem. Pal\u012bdz ar\u012b stiprin\u0101t, lai nov\u0113rstu boj\u0101jumus un pal\u012bdz\u0113tu fiks\u0113t kr\u0101su.<\/p>\n<p>Dabisk\u0101 f\u012bt\u012bnsk\u0101be<\/p>\n<p>Biolo\u0123iski no\u0101rd\u0101ms hel\u0101tu veidojo\u0161s l\u012bdzeklis, kas atgr\u016b\u017e un aizsarg\u0101 matus no ciet\u0101 \u016bdens miner\u0101lviel\u0101m, t\u0101d\u0113j\u0101di uzlabojot sp\u012bdumu.<\/p>\n<p>Inulin (chicory root extract)<\/p>\n<p>Daudzfunkcion\u0101la sast\u0101vda\u013ca, kas ieg\u016bta no cigori\u0146u saknes. Dabiska prebiotikas \u0161\u0137iedrviela, kas pal\u012bdz uztur\u0113t galvas \u0101das mikrobiomu, lai uzlabotu galvas \u0101das vesel\u012bbu, k\u0101 ar\u012b kondicion\u0113\u0161anas un atdal\u012b\u0161anas \u012bpa\u0161\u012bbas..<\/p>\n<p>Complex CHROMATIC<\/p>\n<p>A hydrophobic film-forming complex designed to protect hair fibres and colour fastness during washing, while protecting against humidity and other environmental elements such as UV radiation.<\/p>\n<p>Acidic pH system<\/p>\n<p>Nodro\u0161ina optim\u0101lu vidi kr\u0101sas fiks\u0101cijai, nosl\u0113dzot kutikulu p\u0113c matu kr\u0101so\u0161anas un iev\u0113rojot galvas \u0101das dabisko pH.<\/p>","protected":false},"excerpt":{"rendered":"<p>EVERLASTING COLOUR WASH shampoo for coloured hair. Protects colour from fading and prolongs its durability. With UV filters.<\/p>","protected":false},"featured_media":1745,"comment_status":"open","ping_status":"closed","template":"","meta":{"_acf_changed":false},"matu-tips":[80],"product_brand":[47],"product_cat":[35],"product_tag":[],"class_list":{"0":"post-1502","1":"product","2":"type-product","3":"status-publish","4":"has-post-thumbnail","6":"matu-tips-krasotiem-matiem","7":"product_brand-kevin-murphy","8":"product_cat-sampuni","10":"first","11":"instock","12":"taxable","13":"shipping-taxable","14":"purchasable","15":"product-type-variable","16":"has-default-attributes"},"acf":[],"aioseo_notices":[],"_links":{"self":[{"href":"https:\/\/marfahairbar.lv\/en\/wp-json\/wp\/v2\/product\/1502","targetHints":{"allow":["GET"]}}],"collection":[{"href":"https:\/\/marfahairbar.lv\/en\/wp-json\/wp\/v2\/product"}],"about":[{"href":"https:\/\/marfahairbar.lv\/en\/wp-json\/wp\/v2\/types\/product"}],"replies":[{"embeddable":true,"href":"https:\/\/marfahairbar.lv\/en\/wp-json\/wp\/v2\/comments?post=1502"}],"wp:featuredmedia":[{"embeddable":true,"href":"https:\/\/marfahairbar.lv\/en\/wp-json\/wp\/v2\/media\/1745"}],"wp:attachment":[{"href":"https:\/\/marfahairbar.lv\/en\/wp-json\/wp\/v2\/media?parent=1502"}],"wp:term":[{"taxonomy":"matu-tips","embeddable":true,"href":"https:\/\/marfahairbar.lv\/en\/wp-json\/wp\/v2\/matu-tips?post=1502"},{"taxonomy":"product_brand","embeddable":true,"href":"https:\/\/marfahairbar.lv\/en\/wp-json\/wp\/v2\/product_brand?post=1502"},{"taxonomy":"product_cat","embeddable":true,"href":"https:\/\/marfahairbar.lv\/en\/wp-json\/wp\/v2\/product_cat?post=1502"},{"taxonomy":"product_tag","embeddable":true,"href":"https:\/\/marfahairbar.lv\/en\/wp-json\/wp\/v2\/product_tag?post=1502"}],"curies":[{"name":"wp","href":"https:\/\/api.w.org\/{rel}","templated":true}]}}