{"id":1501,"date":"2025-03-06T17:54:59","date_gmt":"2025-03-06T14:54:59","guid":{"rendered":"https:\/\/marfahairbar.lv\/produkts\/killer-curls-wash\/"},"modified":"2025-05-12T17:21:37","modified_gmt":"2025-05-12T14:21:37","slug":"killer-curls-wash","status":"publish","type":"product","link":"https:\/\/marfahairbar.lv\/en\/product-2\/killer-curls-wash\/","title":{"rendered":"KILLER CURLS WASH"},"content":{"rendered":"<p>Izceliet, uzlabojiet un uzlabojiet dabisko vai ilgvi\u013c\u0146u matu tekst\u016bru ar m\u016bsu JAUNajiem KILLER produktiem!<\/p>\n<p>Barojo\u0161s auzu piena \u0161amp\u016bns maigi att\u012bra matus un aizsarg\u0101 kutikulas. T\u0101 tauksk\u0101b\u0113m bag\u0101t\u0101s sast\u0101vda\u013cas saglab\u0101 matus stiprus un mitrumu, uzlabojot tekst\u016bru un padarot matus vesel\u012bgus un sp\u012bd\u012bgus.<\/p>\n<p><strong>Benefits<\/strong><\/p>\n<ul>\n<li>Hydration and nutrition<\/li>\n<li>Uzlabo cirtas un uzlabo tekst\u016bru<\/li>\n<li>Ide\u0101li piem\u0113rots dabiski cirtainiem matiem<\/li>\n<li>Smoothes curls<\/li>\n<\/ul>\n<p><strong>Usage:<\/strong> Uzkl\u0101jiet uz mitriem matiem un iemas\u0113jiet matos un galvas \u0101d\u0101. Noskalo un atk\u0101rto.<\/p>","protected":false},"excerpt":{"rendered":"<p>KILLER CURLS WASH highlights and defines curls. Gives curly hair elasticity and shine. Eliminates frizz. Protects curls.<\/p>","protected":false},"featured_media":1738,"comment_status":"open","ping_status":"closed","template":"","meta":{"_acf_changed":false},"matu-tips":[81],"product_brand":[47],"product_cat":[35],"product_tag":[],"class_list":{"0":"post-1501","1":"product","2":"type-product","3":"status-publish","4":"has-post-thumbnail","6":"matu-tips-lokainiem-matiem","7":"product_brand-kevin-murphy","8":"product_cat-sampuni","10":"first","11":"instock","12":"taxable","13":"shipping-taxable","14":"purchasable","15":"product-type-variable","16":"has-default-attributes"},"acf":[],"aioseo_notices":[],"_links":{"self":[{"href":"https:\/\/marfahairbar.lv\/en\/wp-json\/wp\/v2\/product\/1501","targetHints":{"allow":["GET"]}}],"collection":[{"href":"https:\/\/marfahairbar.lv\/en\/wp-json\/wp\/v2\/product"}],"about":[{"href":"https:\/\/marfahairbar.lv\/en\/wp-json\/wp\/v2\/types\/product"}],"replies":[{"embeddable":true,"href":"https:\/\/marfahairbar.lv\/en\/wp-json\/wp\/v2\/comments?post=1501"}],"wp:featuredmedia":[{"embeddable":true,"href":"https:\/\/marfahairbar.lv\/en\/wp-json\/wp\/v2\/media\/1738"}],"wp:attachment":[{"href":"https:\/\/marfahairbar.lv\/en\/wp-json\/wp\/v2\/media?parent=1501"}],"wp:term":[{"taxonomy":"matu-tips","embeddable":true,"href":"https:\/\/marfahairbar.lv\/en\/wp-json\/wp\/v2\/matu-tips?post=1501"},{"taxonomy":"product_brand","embeddable":true,"href":"https:\/\/marfahairbar.lv\/en\/wp-json\/wp\/v2\/product_brand?post=1501"},{"taxonomy":"product_cat","embeddable":true,"href":"https:\/\/marfahairbar.lv\/en\/wp-json\/wp\/v2\/product_cat?post=1501"},{"taxonomy":"product_tag","embeddable":true,"href":"https:\/\/marfahairbar.lv\/en\/wp-json\/wp\/v2\/product_tag?post=1501"}],"curies":[{"name":"wp","href":"https:\/\/api.w.org\/{rel}","templated":true}]}}