{"id":1499,"date":"2025-03-06T17:54:58","date_gmt":"2025-03-06T14:54:58","guid":{"rendered":"https:\/\/marfahairbar.lv\/produkts\/repair-me-wash\/"},"modified":"2025-05-12T17:21:37","modified_gmt":"2025-05-12T14:21:37","slug":"repair-me-wash","status":"publish","type":"product","link":"https:\/\/marfahairbar.lv\/en\/product-2\/repair-me-wash\/","title":{"rendered":"REPAIR-ME WASH"},"content":{"rendered":"<p>Pabarojiet un atdz\u012bviniet nov\u0101rdzin\u0101tus matus, atst\u0101jot pag\u0101tn\u0113 atmi\u0146as par sausiem, boj\u0101tiem, no bie\u017eas veido\u0161anas spurainiem matiem, jo tagad jums pal\u012bdz\u0113s REPAIR-ME.WASH. Esiet gatavi atjaunot un atvese\u013cot saus\u0101s vai nedz\u012bv\u0101s matu cirtas ar m\u016bsu atjaunojo\u0161as iedarb\u012bbas \u0161amp\u016bnu, kas bag\u0101tin\u0101ts ar iedarb\u012bgiem prote\u012bniem un aminosk\u0101b\u0113m. Tas pal\u012bdz\u0113s stiprin\u0101t matus no sakn\u0113m l\u012bdz pat galiem, vienlaikus saudz\u012bgi not\u012brot net\u012brumus un nov\u0113r\u0161ot boj\u0101jumus.<\/p>\n<p><strong>Benefits<\/strong><\/p>\n<ul>\n<li>A powerful blend of proteins and enzymes.<\/li>\n<li>Pal\u012bdz pabarot, atjaunot un ataudz\u0113t matus.<\/li>\n<li>Helps improve the appearance of hair, making it smoother and stronger.<\/li>\n<li>Sniedz bag\u0101t\u012bgu nepiecie\u0161am\u0101 mitruma l\u0101di\u0146u.<\/li>\n<li>Ideal for all hair types in need of targeted treatment.<\/li>\n<\/ul>\n<p><strong>Usage:<\/strong> Uzkl\u0101jiet uz mitriem matiem un saudz\u012bgi iemas\u0113jiet matos un galvas \u0101d\u0101. P\u0113c tam izskalojiet.<\/p>","protected":false},"excerpt":{"rendered":"<p>REPAIR-ME WASH repairing shampoo for damaged hair. Contains keratin that restores the hair structure. Reduces hair breakage.<\/p>","protected":false},"featured_media":1726,"comment_status":"open","ping_status":"closed","template":"","meta":{"_acf_changed":false},"matu-tips":[80,77],"product_brand":[47],"product_cat":[35],"product_tag":[],"class_list":{"0":"post-1499","1":"product","2":"type-product","3":"status-publish","4":"has-post-thumbnail","6":"matu-tips-krasotiem-matiem","7":"matu-tips-sausiem-matiem","8":"product_brand-kevin-murphy","9":"product_cat-sampuni","11":"first","12":"instock","13":"taxable","14":"shipping-taxable","15":"purchasable","16":"product-type-variable","17":"has-default-attributes"},"acf":[],"aioseo_notices":[],"_links":{"self":[{"href":"https:\/\/marfahairbar.lv\/en\/wp-json\/wp\/v2\/product\/1499","targetHints":{"allow":["GET"]}}],"collection":[{"href":"https:\/\/marfahairbar.lv\/en\/wp-json\/wp\/v2\/product"}],"about":[{"href":"https:\/\/marfahairbar.lv\/en\/wp-json\/wp\/v2\/types\/product"}],"replies":[{"embeddable":true,"href":"https:\/\/marfahairbar.lv\/en\/wp-json\/wp\/v2\/comments?post=1499"}],"wp:featuredmedia":[{"embeddable":true,"href":"https:\/\/marfahairbar.lv\/en\/wp-json\/wp\/v2\/media\/1726"}],"wp:attachment":[{"href":"https:\/\/marfahairbar.lv\/en\/wp-json\/wp\/v2\/media?parent=1499"}],"wp:term":[{"taxonomy":"matu-tips","embeddable":true,"href":"https:\/\/marfahairbar.lv\/en\/wp-json\/wp\/v2\/matu-tips?post=1499"},{"taxonomy":"product_brand","embeddable":true,"href":"https:\/\/marfahairbar.lv\/en\/wp-json\/wp\/v2\/product_brand?post=1499"},{"taxonomy":"product_cat","embeddable":true,"href":"https:\/\/marfahairbar.lv\/en\/wp-json\/wp\/v2\/product_cat?post=1499"},{"taxonomy":"product_tag","embeddable":true,"href":"https:\/\/marfahairbar.lv\/en\/wp-json\/wp\/v2\/product_tag?post=1499"}],"curies":[{"name":"wp","href":"https:\/\/api.w.org\/{rel}","templated":true}]}}