{"id":1496,"date":"2025-03-06T17:54:56","date_gmt":"2025-03-06T14:54:56","guid":{"rendered":"https:\/\/marfahairbar.lv\/produkts\/blonde-angel-wash\/"},"modified":"2025-05-12T17:21:36","modified_gmt":"2025-05-12T14:21:36","slug":"blonde-angel-wash","status":"publish","type":"product","link":"https:\/\/marfahairbar.lv\/en\/product-2\/blonde-angel-wash\/","title":{"rendered":"BLONDE ANGEL WASH"},"content":{"rendered":"<p>Kevin Murphy Blonde.Angel Lavender Shampoo preserves the colour of coloured hair. Removes yellowness, giving a shade from creamy to platinum, while maintaining a dull colour. The violet pigments start to interact with the hair structure, inhibiting the yellowness and giving the desired platinum shade, moisturising the hair very well, giving shine and elasticity.<\/p>\n<p><strong>Benefits<\/strong><\/p>\n<ul>\n<li>Colour Enhancing Shampoo for blonde and grey hair<\/li>\n<li>Bag\u0101t\u012bgi formul\u0113ts, lai pal\u012bdz\u0113tu neitraliz\u0113t misi\u0146a to\u0146us<\/li>\n<li>Pal\u012bdz atjaunot sp\u012bdumu un spilgtumu<\/li>\n<li>Pal\u012bdz saglab\u0101t v\u0113s\u0101kus to\u0146us<\/li>\n<li>Helps to prevent colour flaking<\/li>\n<li>Sulphate, paraben and cruelty-free<\/li>\n<\/ul>\n<p><strong>How to use<\/strong><\/p>\n<p>Wash. RINSE. REPEAT - Apply to damp hair and gently massage through hair and scalp. Rinse with BLONDE.ANGEL.RINSE. Can be used daily and as part of our BLONDE regime.<\/p>","protected":false},"excerpt":{"rendered":"<p>BLONDE ANGEL WASH for extra blonde and tinted hair. Neutralises yellowing and brightens. Protects coloured hair.<\/p>","protected":false},"featured_media":1714,"comment_status":"open","ping_status":"closed","template":"","meta":{"_acf_changed":false},"matu-tips":[80],"product_brand":[47],"product_cat":[76,35],"product_tag":[],"class_list":{"0":"post-1496","1":"product","2":"type-product","3":"status-publish","4":"has-post-thumbnail","6":"matu-tips-krasotiem-matiem","7":"product_brand-kevin-murphy","8":"product_cat-matu-tonesanai","9":"product_cat-sampuni","11":"first","12":"instock","13":"taxable","14":"shipping-taxable","15":"purchasable","16":"product-type-variable","17":"has-default-attributes"},"acf":[],"aioseo_notices":[],"_links":{"self":[{"href":"https:\/\/marfahairbar.lv\/en\/wp-json\/wp\/v2\/product\/1496","targetHints":{"allow":["GET"]}}],"collection":[{"href":"https:\/\/marfahairbar.lv\/en\/wp-json\/wp\/v2\/product"}],"about":[{"href":"https:\/\/marfahairbar.lv\/en\/wp-json\/wp\/v2\/types\/product"}],"replies":[{"embeddable":true,"href":"https:\/\/marfahairbar.lv\/en\/wp-json\/wp\/v2\/comments?post=1496"}],"wp:featuredmedia":[{"embeddable":true,"href":"https:\/\/marfahairbar.lv\/en\/wp-json\/wp\/v2\/media\/1714"}],"wp:attachment":[{"href":"https:\/\/marfahairbar.lv\/en\/wp-json\/wp\/v2\/media?parent=1496"}],"wp:term":[{"taxonomy":"matu-tips","embeddable":true,"href":"https:\/\/marfahairbar.lv\/en\/wp-json\/wp\/v2\/matu-tips?post=1496"},{"taxonomy":"product_brand","embeddable":true,"href":"https:\/\/marfahairbar.lv\/en\/wp-json\/wp\/v2\/product_brand?post=1496"},{"taxonomy":"product_cat","embeddable":true,"href":"https:\/\/marfahairbar.lv\/en\/wp-json\/wp\/v2\/product_cat?post=1496"},{"taxonomy":"product_tag","embeddable":true,"href":"https:\/\/marfahairbar.lv\/en\/wp-json\/wp\/v2\/product_tag?post=1496"}],"curies":[{"name":"wp","href":"https:\/\/api.w.org\/{rel}","templated":true}]}}