{"id":1492,"date":"2025-03-06T17:54:54","date_gmt":"2025-03-06T14:54:54","guid":{"rendered":"https:\/\/marfahairbar.lv\/produkts\/angel-wash\/"},"modified":"2025-05-12T17:21:36","modified_gmt":"2025-05-12T14:21:36","slug":"angel-wash","status":"publish","type":"product","link":"https:\/\/marfahairbar.lv\/en\/product-2\/angel-wash\/","title":{"rendered":"ANGEL WASH"},"content":{"rendered":"<p>M\u016bsu saudz\u012bgais ANGEL.WASH apjomu veicino\u0161ais \u0161amp\u016bns pabaros un p\u0101rveidos pl\u0101nus, trauslus matus, kas cietu\u0161i no kr\u0101so\u0161anas vai boj\u0101ti. Ar maig\u0101m \u0113teriskaj\u0101m e\u013c\u013c\u0101m, vitam\u012bniem, prote\u012bniem un antioksidantiem pies\u0101tin\u0101tais ANGEL.WASH saudz\u012bgi att\u012bra galvas \u0101du un matus, vienlaikus maksim\u0101li veicinot kr\u0101sas notur\u012bbu un aizsarg\u0101jot pret kait\u012bgajiem br\u012bvajiem radik\u0101\u013ciem<\/p>\n<p><strong>Benefits<\/strong><\/p>\n<ul>\n<li>Ar antioksidantiem bag\u0101tais sast\u0101vs pie\u0161\u0137ir apjomu pl\u0101niem matiem.<\/li>\n<li>Pal\u012bdz nostiprin\u0101t matus un aizsarg\u0101t pret stresa faktoriem.<\/li>\n<li>Pal\u012bdz mazin\u0101t matu l\u016b\u0161anu.<\/li>\n<li>Pal\u012bdz nov\u0113rst kr\u0101sas izbal\u0113\u0161anu.<\/li>\n<li>Harmless to colour and gentle enough for all hair types.<\/li>\n<\/ul>\n<p><strong>Usage:<\/strong> Uzkl\u0101jiet uz mitriem matiem un saudz\u012bgi iemas\u0113jiet matos un galvas \u0101d\u0101. P\u0113c tam izskalojiet.<\/p>","protected":false},"excerpt":{"rendered":"<p>ANGEL WASH gentle shampoo for all hair types. Cleanses hair and scalp, gives shine and a healthy look. Suitable for daily use.<\/p>","protected":false},"featured_media":1689,"comment_status":"open","ping_status":"closed","template":"","meta":{"_acf_changed":false},"matu-tips":[80,79],"product_brand":[47],"product_cat":[35],"product_tag":[],"class_list":{"0":"post-1492","1":"product","2":"type-product","3":"status-publish","4":"has-post-thumbnail","6":"matu-tips-krasotiem-matiem","7":"matu-tips-planiem-matiem","8":"product_brand-kevin-murphy","9":"product_cat-sampuni","11":"first","12":"instock","13":"taxable","14":"shipping-taxable","15":"purchasable","16":"product-type-variable","17":"has-default-attributes"},"acf":[],"aioseo_notices":[],"_links":{"self":[{"href":"https:\/\/marfahairbar.lv\/en\/wp-json\/wp\/v2\/product\/1492","targetHints":{"allow":["GET"]}}],"collection":[{"href":"https:\/\/marfahairbar.lv\/en\/wp-json\/wp\/v2\/product"}],"about":[{"href":"https:\/\/marfahairbar.lv\/en\/wp-json\/wp\/v2\/types\/product"}],"replies":[{"embeddable":true,"href":"https:\/\/marfahairbar.lv\/en\/wp-json\/wp\/v2\/comments?post=1492"}],"wp:featuredmedia":[{"embeddable":true,"href":"https:\/\/marfahairbar.lv\/en\/wp-json\/wp\/v2\/media\/1689"}],"wp:attachment":[{"href":"https:\/\/marfahairbar.lv\/en\/wp-json\/wp\/v2\/media?parent=1492"}],"wp:term":[{"taxonomy":"matu-tips","embeddable":true,"href":"https:\/\/marfahairbar.lv\/en\/wp-json\/wp\/v2\/matu-tips?post=1492"},{"taxonomy":"product_brand","embeddable":true,"href":"https:\/\/marfahairbar.lv\/en\/wp-json\/wp\/v2\/product_brand?post=1492"},{"taxonomy":"product_cat","embeddable":true,"href":"https:\/\/marfahairbar.lv\/en\/wp-json\/wp\/v2\/product_cat?post=1492"},{"taxonomy":"product_tag","embeddable":true,"href":"https:\/\/marfahairbar.lv\/en\/wp-json\/wp\/v2\/product_tag?post=1492"}],"curies":[{"name":"wp","href":"https:\/\/api.w.org\/{rel}","templated":true}]}}