{"id":831,"date":"2025-02-04T11:48:48","date_gmt":"2025-02-04T08:48:48","guid":{"rendered":"https:\/\/marfahairbar.lv\/?page_id=831"},"modified":"2025-05-28T15:35:52","modified_gmt":"2025-05-28T12:35:52","slug":"services","status":"publish","type":"page","link":"https:\/\/marfahairbar.lv\/en\/services\/","title":{"rendered":"Services"},"content":{"rendered":"<div class='breakdance'><section class=\"bde-section-831-156 bde-section section-empty\">\n  \n  \n\t\n\n\n\n<div class=\"section-container\"><\/div>\n<\/section><section class=\"bde-section-831-100 bde-section section\">\n  \n  \n\t\n\n\n\n<div class=\"section-container\"><div class=\"bde-div-831-101 bde-div section-inner-2\">\n  \n  \n\t\n\n\n\n<div class=\"bde-div-831-102 bde-div services-col\">\n  \n  \n\t\n\n\n\n<div class=\"bde-div-831-147 bde-div subheadline-headline\">\n  \n  \n\t\n\n\n\n<div class=\"bde-text-831-148 bde-text\">\nServices\u00a0\n<\/div><h1 class=\"bde-heading-831-149 bde-heading\">\nMARFA hair bar prices\n<\/h1>\n<\/div><div class=\"bde-text-831-104 bde-text\">\nMARFA Hair Bar is where style, creativity and a professional approach to hair care meet. <br>We believe that beautiful hair is not just about the look, but also the feel. Our experienced technicians will help you find your unique style - with care, quality and a personal touch for everyone.\n<\/div><div class=\"bde-post-loop-831-200 bde-post-loop\"><div class=\"bde-loop bde-loop- ee-posts ee-posts-\">    <article class=\"bde-loop-item ee-post\">\n        <div class='breakdance'><div class=\"bde-div-1372-100-1342-1372-1 bde-div bde-div-1372-100\">\n  \n  \n\t\n\n\n\n<div class=\"bde-div-1372-105-1342-1372-1 bde-div bde-div-1372-105\">\n  \n  \n\t\n\n\n\n<h3 class=\"bde-heading-1372-104-1342-1372-1 bde-heading bde-heading-1372-104\">\nHair cut\n<\/h3>\n<\/div><div class=\"bde-repeater-element-1372-101-1342-1372-1 bde-repeater-element bde-repeater-element-1372-101\"><div class=\"bde-loop bde-loop-grid ee-posts bde-dynamic-repeater bde-dynamic-repeater-101 bde-dynamic-repeater-grid\"><article class=\"bde-loop-item ee-post bde-dynamic-repeater-item\"><div class='breakdance'><div class=\"bde-div-845-100-1342-1-845-1 bde-div service-price bde-div-845-100\">\n  \n  \n\t\n\n\n\n<div class=\"bde-text-845-103-1342-1-845-1 bde-text bde-text-845-103\">\nSievie\u0161u matu griezums\n<\/div><div class=\"bde-text-845-104-1342-1-845-1 bde-text bde-text-845-104\">\n50 - 70 \u20ac\n<\/div>\n<\/div><\/div><\/article><article class=\"bde-loop-item ee-post bde-dynamic-repeater-item\"><div class='breakdance'><div class=\"bde-div-845-100-1342-2-845-1 bde-div service-price bde-div-845-100\">\n  \n  \n\t\n\n\n\n<div class=\"bde-text-845-103-1342-2-845-1 bde-text bde-text-845-103\">\n\u010colka\n<\/div><div class=\"bde-text-845-104-1342-2-845-1 bde-text bde-text-845-104\">\n20 \u20ac\n<\/div>\n<\/div><\/div><\/article><article class=\"bde-loop-item ee-post bde-dynamic-repeater-item\"><div class='breakdance'><div class=\"bde-div-845-100-1342-3-845-1 bde-div service-price bde-div-845-100\">\n  \n  \n\t\n\n\n\n<div class=\"bde-text-845-103-1342-3-845-1 bde-text bde-text-845-103\">\nV\u012brie\u0161u matu griezums\n<\/div><div class=\"bde-text-845-104-1342-3-845-1 bde-text bde-text-845-104\">\n40 - 50 \u20ac\n<\/div>\n<\/div><\/div><\/article><article class=\"bde-loop-item ee-post bde-dynamic-repeater-item\"><div class='breakdance'><div class=\"bde-div-845-100-1342-4-845-1 bde-div service-price bde-div-845-100\">\n  \n  \n\t\n\n\n\n<div class=\"bde-text-845-103-1342-4-845-1 bde-text bde-text-845-103\">\nBaby cut\n<\/div><div class=\"bde-text-845-104-1342-4-845-1 bde-text bde-text-845-104\">\n30 - 40 \u20ac\n<\/div>\n<\/div><\/div><\/article><\/div><\/div><div class=\"bde-button-1372-102-1342-1372-1 bde-button bde-button-1372-102\">\n    \n                        \n                        \n    \n    \n    \n    \n            \n                    \n            \n            \n\n    \n    \n    \n    \n    \n    <a class=\"breakdance-link button-atom button-atom--secondary bde-button__button\" href=\"https:\/\/marfahairbar.lv\/en\/services\/haircut\/\" target=\"_self\" data-type=\"url\"  >\n\n    \n        <span class=\"button-atom__text\">Find out more<\/span>\n\n        \n        \n                <\/a>\n\n    \n\n\n<\/div>\n<\/div><\/div>    <\/article>\n    <article class=\"bde-loop-item ee-post\">\n        <div class='breakdance'><div class=\"bde-div-1372-100-1391-1372-1 bde-div bde-div-1372-100\">\n  \n  \n\t\n\n\n\n<div class=\"bde-div-1372-105-1391-1372-1 bde-div bde-div-1372-105\">\n  \n  \n\t\n\n\n\n<h3 class=\"bde-heading-1372-104-1391-1372-1 bde-heading bde-heading-1372-104\">\nHair styling\n<\/h3>\n<\/div><div class=\"bde-repeater-element-1372-101-1391-1372-1 bde-repeater-element bde-repeater-element-1372-101\"><div class=\"bde-loop bde-loop-grid ee-posts bde-dynamic-repeater bde-dynamic-repeater-101 bde-dynamic-repeater-grid\"><article class=\"bde-loop-item ee-post bde-dynamic-repeater-item\"><div class='breakdance'><div class=\"bde-div-845-100-1391-1-845-1 bde-div service-price bde-div-845-100\">\n  \n  \n\t\n\n\n\n<div class=\"bde-text-845-103-1391-1-845-1 bde-text bde-text-845-103\">\nHair styling\n<\/div><div class=\"bde-text-845-104-1391-1-845-1 bde-text bde-text-845-104\">\n45 - 60 \u20ac\n<\/div>\n<\/div><\/div><\/article><article class=\"bde-loop-item ee-post bde-dynamic-repeater-item\"><div class='breakdance'><div class=\"bde-div-845-100-1391-2-845-1 bde-div service-price bde-div-845-100\">\n  \n  \n\t\n\n\n\n<div class=\"bde-text-845-103-1391-2-845-1 bde-text bde-text-845-103\">\nLokas\n<\/div><div class=\"bde-text-845-104-1391-2-845-1 bde-text bde-text-845-104\">\n55 - 70 \u20ac\n<\/div>\n<\/div><\/div><\/article><article class=\"bde-loop-item ee-post bde-dynamic-repeater-item\"><div class='breakdance'><div class=\"bde-div-845-100-1391-3-845-1 bde-div service-price bde-div-845-100\">\n  \n  \n\t\n\n\n\n<div class=\"bde-text-845-103-1391-3-845-1 bde-text bde-text-845-103\">\nFriz\u016bra\n<\/div><div class=\"bde-text-845-104-1391-3-845-1 bde-text bde-text-845-104\">\n55 - 80 \u20ac\n<\/div>\n<\/div><\/div><\/article><\/div><\/div><div class=\"bde-button-1372-102-1391-1372-1 bde-button bde-button-1372-102\">\n    \n                        \n                        \n    \n    \n    \n    \n            \n                    \n            \n            \n\n    \n    \n    \n    \n    \n    <a class=\"breakdance-link button-atom button-atom--secondary bde-button__button\" href=\"https:\/\/marfahairbar.lv\/en\/services\/hair-styling\/\" target=\"_self\" data-type=\"url\"  >\n\n    \n        <span class=\"button-atom__text\">Find out more<\/span>\n\n        \n        \n                <\/a>\n\n    \n\n\n<\/div>\n<\/div><\/div>    <\/article>\n    <article class=\"bde-loop-item ee-post\">\n        <div class='breakdance'><div class=\"bde-div-1372-100-1382-1372-1 bde-div bde-div-1372-100\">\n  \n  \n\t\n\n\n\n<div class=\"bde-div-1372-105-1382-1372-1 bde-div bde-div-1372-105\">\n  \n  \n\t\n\n\n\n<h3 class=\"bde-heading-1372-104-1382-1372-1 bde-heading bde-heading-1372-104\">\nHair colouring\n<\/h3>\n<\/div><div class=\"bde-repeater-element-1372-101-1382-1372-1 bde-repeater-element bde-repeater-element-1372-101\"><div class=\"bde-loop bde-loop-grid ee-posts bde-dynamic-repeater bde-dynamic-repeater-101 bde-dynamic-repeater-grid\"><article class=\"bde-loop-item ee-post bde-dynamic-repeater-item\"><div class='breakdance'><div class=\"bde-div-845-100-1382-1-845-1 bde-div service-price bde-div-845-100\">\n  \n  \n\t\n\n\n\n<div class=\"bde-text-845-103-1382-1-845-1 bde-text bde-text-845-103\">\nTon\u0113\u0161ana\n<\/div><div class=\"bde-text-845-104-1382-1-845-1 bde-text bde-text-845-104\">\n50 - 120 \u20ac\n<\/div>\n<\/div><\/div><\/article><article class=\"bde-loop-item ee-post bde-dynamic-repeater-item\"><div class='breakdance'><div class=\"bde-div-845-100-1382-2-845-1 bde-div service-price bde-div-845-100\">\n  \n  \n\t\n\n\n\n<div class=\"bde-text-845-103-1382-2-845-1 bde-text bde-text-845-103\">\nHair colouring\n<\/div><div class=\"bde-text-845-104-1382-2-845-1 bde-text bde-text-845-104\">\n90 - 120 \u20ac\n<\/div>\n<\/div><\/div><\/article><article class=\"bde-loop-item ee-post bde-dynamic-repeater-item\"><div class='breakdance'><div class=\"bde-div-845-100-1382-3-845-1 bde-div service-price bde-div-845-100\">\n  \n  \n\t\n\n\n\n<div class=\"bde-text-845-103-1382-3-845-1 bde-text bde-text-845-103\">\nKr\u0101so\u0161ana + ton\u0113\u0161ana\n<\/div><div class=\"bde-text-845-104-1382-3-845-1 bde-text bde-text-845-104\">\n100 - 140 \u20ac\n<\/div>\n<\/div><\/div><\/article><article class=\"bde-loop-item ee-post bde-dynamic-repeater-item\"><div class='breakdance'><div class=\"bde-div-845-100-1382-4-845-1 bde-div service-price bde-div-845-100\">\n  \n  \n\t\n\n\n\n<div class=\"bde-text-845-103-1382-4-845-1 bde-text bde-text-845-103\">\nKr\u0101so\u0161ana + ton\u0113\u0161ana + griezums\n<\/div><div class=\"bde-text-845-104-1382-4-845-1 bde-text bde-text-845-104\">\n130 - 160 \u20ac\n<\/div>\n<\/div><\/div><\/article><article class=\"bde-loop-item ee-post bde-dynamic-repeater-item\"><div class='breakdance'><div class=\"bde-div-845-100-1382-5-845-1 bde-div service-price bde-div-845-100\">\n  \n  \n\t\n\n\n\n<div class=\"bde-text-845-103-1382-5-845-1 bde-text bde-text-845-103\">\nSak\u0146u balin\u0101\u0161ana + ton\u0113\u0161ana\n<\/div><div class=\"bde-text-845-104-1382-5-845-1 bde-text bde-text-845-104\">\n120 - 150 \u20ac\n<\/div>\n<\/div><\/div><\/article><\/div><\/div><div class=\"bde-button-1372-102-1382-1372-1 bde-button bde-button-1372-102\">\n    \n                        \n                        \n    \n    \n    \n    \n            \n                    \n            \n            \n\n    \n    \n    \n    \n    \n    <a class=\"breakdance-link button-atom button-atom--secondary bde-button__button\" href=\"https:\/\/marfahairbar.lv\/en\/services\/hair-extensions\/\" target=\"_self\" data-type=\"url\"  >\n\n    \n        <span class=\"button-atom__text\">Find out more<\/span>\n\n        \n        \n                <\/a>\n\n    \n\n\n<\/div>\n<\/div><\/div>    <\/article>\n    <article class=\"bde-loop-item ee-post\">\n        <div class='breakdance'><div class=\"bde-div-1372-100-2733-1372-1 bde-div bde-div-1372-100\">\n  \n  \n\t\n\n\n\n<div class=\"bde-div-1372-105-2733-1372-1 bde-div bde-div-1372-105\">\n  \n  \n\t\n\n\n\n<h3 class=\"bde-heading-1372-104-2733-1372-1 bde-heading bde-heading-1372-104\">\nTehnikas\n<\/h3>\n<\/div><div class=\"bde-repeater-element-1372-101-2733-1372-1 bde-repeater-element bde-repeater-element-1372-101\"><div class=\"bde-loop bde-loop-grid ee-posts bde-dynamic-repeater bde-dynamic-repeater-101 bde-dynamic-repeater-grid\"><article class=\"bde-loop-item ee-post bde-dynamic-repeater-item\"><div class='breakdance'><div class=\"bde-div-845-100-2733-1-845-1 bde-div service-price bde-div-845-100\">\n  \n  \n\t\n\n\n\n<div class=\"bde-text-845-103-2733-1-845-1 bde-text bde-text-845-103\">\nHighlights (\u0161\u0137ipsnas)\n<\/div><div class=\"bde-text-845-104-2733-1-845-1 bde-text bde-text-845-104\">\n180 - 280 \u20ac\n<\/div>\n<\/div><\/div><\/article><article class=\"bde-loop-item ee-post bde-dynamic-repeater-item\"><div class='breakdance'><div class=\"bde-div-845-100-2733-2-845-1 bde-div service-price bde-div-845-100\">\n  \n  \n\t\n\n\n\n<div class=\"bde-text-845-103-2733-2-845-1 bde-text bde-text-845-103\">\nAirtouch, balayage (cena no)\n<\/div><div class=\"bde-text-845-104-2733-2-845-1 bde-text bde-text-845-104\">\n220 \u20ac\n<\/div>\n<\/div><\/div><\/article><article class=\"bde-loop-item ee-post bde-dynamic-repeater-item\"><div class='breakdance'><div class=\"bde-div-845-100-2733-3-845-1 bde-div service-price bde-div-845-100\">\n  \n  \n\t\n\n\n\n<div class=\"bde-text-845-103-2733-3-845-1 bde-text bde-text-845-103\">\nLong waves\n<\/div><div class=\"bde-text-845-104-2733-3-845-1 bde-text bde-text-845-104\">\n110 - 150 \u20ac\n<\/div>\n<\/div><\/div><\/article><\/div><\/div><div class=\"bde-button-1372-102-2733-1372-1 bde-button bde-button-1372-102\">\n    \n                        \n                        \n    \n    \n    \n    \n            \n                    \n            \n            \n\n    \n    \n    \n    \n    \n    <a class=\"breakdance-link button-atom button-atom--secondary bde-button__button\" href=\"https:\/\/marfahairbar.lv\/en\/services\/tehnikas\/\" target=\"_self\" data-type=\"url\"  >\n\n    \n        <span class=\"button-atom__text\">Find out more<\/span>\n\n        \n        \n                <\/a>\n\n    \n\n\n<\/div>\n<\/div><\/div>    <\/article>\n    <article class=\"bde-loop-item ee-post\">\n        <div class='breakdance'><div class=\"bde-div-1372-100-2734-1372-1 bde-div bde-div-1372-100\">\n  \n  \n\t\n\n\n\n<div class=\"bde-div-1372-105-2734-1372-1 bde-div bde-div-1372-105\">\n  \n  \n\t\n\n\n\n<h3 class=\"bde-heading-1372-104-2734-1372-1 bde-heading bde-heading-1372-104\">\nMatu proced\u016bras\n<\/h3>\n<\/div><div class=\"bde-repeater-element-1372-101-2734-1372-1 bde-repeater-element bde-repeater-element-1372-101\"><div class=\"bde-loop bde-loop-grid ee-posts bde-dynamic-repeater bde-dynamic-repeater-101 bde-dynamic-repeater-grid\"><article class=\"bde-loop-item ee-post bde-dynamic-repeater-item\"><div class='breakdance'><div class=\"bde-div-845-100-2734-1-845-1 bde-div service-price bde-div-845-100\">\n  \n  \n\t\n\n\n\n<div class=\"bde-text-845-103-2734-1-845-1 bde-text bde-text-845-103\">\nMatu SPA ar veido\u0161anu\n<\/div><div class=\"bde-text-845-104-2734-1-845-1 bde-text bde-text-845-104\">\n85 - 95 \u20ac\n<\/div>\n<\/div><\/div><\/article><article class=\"bde-loop-item ee-post bde-dynamic-repeater-item\"><div class='breakdance'><div class=\"bde-div-845-100-2734-2-845-1 bde-div service-price bde-div-845-100\">\n  \n  \n\t\n\n\n\n<div class=\"bde-text-845-103-2734-2-845-1 bde-text bde-text-845-103\">\nDr. Sorbie ar veido\u0161anu\n<\/div><div class=\"bde-text-845-104-2734-2-845-1 bde-text bde-text-845-104\">\n90 - 100 \u20ac\n<\/div>\n<\/div><\/div><\/article><article class=\"bde-loop-item ee-post bde-dynamic-repeater-item\"><div class='breakdance'><div class=\"bde-div-845-100-2734-3-845-1 bde-div service-price bde-div-845-100\">\n  \n  \n\t\n\n\n\n<div class=\"bde-text-845-103-2734-3-845-1 bde-text bde-text-845-103\">\nDr. Sorbie MODIFIX ar veido\u0161anu\n<\/div><div class=\"bde-text-845-104-2734-3-845-1 bde-text bde-text-845-104\">\n130 - 150 \u20ac\n<\/div>\n<\/div><\/div><\/article><article class=\"bde-loop-item ee-post bde-dynamic-repeater-item\"><div class='breakdance'><div class=\"bde-div-845-100-2734-4-845-1 bde-div service-price bde-div-845-100\">\n  \n  \n\t\n\n\n\n<div class=\"bde-text-845-103-2734-4-845-1 bde-text bde-text-845-103\">\nMatu SPA papildus pie pakalpojuma\n<\/div><div class=\"bde-text-845-104-2734-4-845-1 bde-text bde-text-845-104\">\n40 \u20ac\n<\/div>\n<\/div><\/div><\/article><article class=\"bde-loop-item ee-post bde-dynamic-repeater-item\"><div class='breakdance'><div class=\"bde-div-845-100-2734-5-845-1 bde-div service-price bde-div-845-100\">\n  \n  \n\t\n\n\n\n<div class=\"bde-text-845-103-2734-5-845-1 bde-text bde-text-845-103\">\nDr. Sorbie papildus pie pakalpojuma\n<\/div><div class=\"bde-text-845-104-2734-5-845-1 bde-text bde-text-845-104\">\n50 \u20ac\n<\/div>\n<\/div><\/div><\/article><article class=\"bde-loop-item ee-post bde-dynamic-repeater-item\"><div class='breakdance'><div class=\"bde-div-845-100-2734-6-845-1 bde-div service-price bde-div-845-100\">\n  \n  \n\t\n\n\n\n<div class=\"bde-text-845-103-2734-6-845-1 bde-text bde-text-845-103\">\nDr. Sorbie MODIFIX pie pakalpojuma\n<\/div><div class=\"bde-text-845-104-2734-6-845-1 bde-text bde-text-845-104\">\n100 \u20ac\n<\/div>\n<\/div><\/div><\/article><\/div><\/div><div class=\"bde-button-1372-102-2734-1372-1 bde-button bde-button-1372-102\">\n    \n                        \n                        \n    \n    \n    \n    \n            \n                    \n            \n            \n\n    \n    \n    \n    \n    \n    <a class=\"breakdance-link button-atom button-atom--secondary bde-button__button\" href=\"https:\/\/marfahairbar.lv\/en\/services\/matu-proceduras\/\" target=\"_self\" data-type=\"url\"  >\n\n    \n        <span class=\"button-atom__text\">Find out more<\/span>\n\n        \n        \n                <\/a>\n\n    \n\n\n<\/div>\n<\/div><\/div>    <\/article>\n    <article class=\"bde-loop-item ee-post\">\n        <div class='breakdance'><div class=\"bde-div-1372-100-1393-1372-1 bde-div bde-div-1372-100\">\n  \n  \n\t\n\n\n\n<div class=\"bde-div-1372-105-1393-1372-1 bde-div bde-div-1372-105\">\n  \n  \n\t\n\n\n\n<h3 class=\"bde-heading-1372-104-1393-1372-1 bde-heading bde-heading-1372-104\">\nMakeup\n<\/h3>\n<\/div><div class=\"bde-repeater-element-1372-101-1393-1372-1 bde-repeater-element bde-repeater-element-1372-101\"><div class=\"bde-loop bde-loop-grid ee-posts bde-dynamic-repeater bde-dynamic-repeater-101 bde-dynamic-repeater-grid\"><article class=\"bde-loop-item ee-post bde-dynamic-repeater-item\"><div class='breakdance'><div class=\"bde-div-845-100-1393-1-845-1 bde-div service-price bde-div-845-100\">\n  \n  \n\t\n\n\n\n<div class=\"bde-text-845-103-1393-1-845-1 bde-text bde-text-845-103\">\nMakeup (days)\n<\/div><div class=\"bde-text-845-104-1393-1-845-1 bde-text bde-text-845-104\">\n50.00 \u20ac\n<\/div>\n<\/div><\/div><\/article><article class=\"bde-loop-item ee-post bde-dynamic-repeater-item\"><div class='breakdance'><div class=\"bde-div-845-100-1393-2-845-1 bde-div service-price bde-div-845-100\">\n  \n  \n\t\n\n\n\n<div class=\"bde-text-845-103-1393-2-845-1 bde-text bde-text-845-103\">\nMakeup (photo shoots, weddings, etc.)\n<\/div><div class=\"bde-text-845-104-1393-2-845-1 bde-text bde-text-845-104\">\n60.00 \u20ac\n<\/div>\n<\/div><\/div><\/article><\/div><\/div><div class=\"bde-button-1372-102-1393-1372-1 bde-button bde-button-1372-102\">\n    \n                        \n                        \n    \n    \n    \n    \n            \n                    \n            \n            \n\n    \n    \n    \n    \n    \n    <a class=\"breakdance-link button-atom button-atom--secondary bde-button__button\" href=\"https:\/\/marfahairbar.lv\/en\/services\/makeup\/\" target=\"_self\" data-type=\"url\"  >\n\n    \n        <span class=\"button-atom__text\">Find out more<\/span>\n\n        \n        \n                <\/a>\n\n    \n\n\n<\/div>\n<\/div><\/div>    <\/article>\n    <article class=\"bde-loop-item ee-post\">\n        <div class='breakdance'><div class=\"bde-div-1372-100-1394-1372-1 bde-div bde-div-1372-100\">\n  \n  \n\t\n\n\n\n<div class=\"bde-div-1372-105-1394-1372-1 bde-div bde-div-1372-105\">\n  \n  \n\t\n\n\n\n<h3 class=\"bde-heading-1372-104-1394-1372-1 bde-heading bde-heading-1372-104\">\nManicure\n<\/h3>\n<\/div><div class=\"bde-repeater-element-1372-101-1394-1372-1 bde-repeater-element bde-repeater-element-1372-101\"><div class=\"bde-loop bde-loop-grid ee-posts bde-dynamic-repeater bde-dynamic-repeater-101 bde-dynamic-repeater-grid\"><article class=\"bde-loop-item ee-post bde-dynamic-repeater-item\"><div class='breakdance'><div class=\"bde-div-845-100-1394-1-845-1 bde-div service-price bde-div-845-100\">\n  \n  \n\t\n\n\n\n<div class=\"bde-text-845-103-1394-1-845-1 bde-text bde-text-845-103\">\nMen's manicure\n<\/div><div class=\"bde-text-845-104-1394-1-845-1 bde-text bde-text-845-104\">\n25.00 \u20ac\n<\/div>\n<\/div><\/div><\/article><article class=\"bde-loop-item ee-post bde-dynamic-repeater-item\"><div class='breakdance'><div class=\"bde-div-845-100-1394-2-845-1 bde-div service-price bde-div-845-100\">\n  \n  \n\t\n\n\n\n<div class=\"bde-text-845-103-1394-2-845-1 bde-text bde-text-845-103\">\nClassic manicure\n<\/div><div class=\"bde-text-845-104-1394-2-845-1 bde-text bde-text-845-104\">\n30.00 \u20ac\n<\/div>\n<\/div><\/div><\/article><article class=\"bde-loop-item ee-post bde-dynamic-repeater-item\"><div class='breakdance'><div class=\"bde-div-845-100-1394-3-845-1 bde-div service-price bde-div-845-100\">\n  \n  \n\t\n\n\n\n<div class=\"bde-text-845-103-1394-3-845-1 bde-text bde-text-845-103\">\nManicure with nail varnish\n<\/div><div class=\"bde-text-845-104-1394-3-845-1 bde-text bde-text-845-104\">\n35.00 \u20ac\n<\/div>\n<\/div><\/div><\/article><article class=\"bde-loop-item ee-post bde-dynamic-repeater-item\"><div class='breakdance'><div class=\"bde-div-845-100-1394-4-845-1 bde-div service-price bde-div-845-100\">\n  \n  \n\t\n\n\n\n<div class=\"bde-text-845-103-1394-4-845-1 bde-text bde-text-845-103\">\nManicure with gel varnish\n<\/div><div class=\"bde-text-845-104-1394-4-845-1 bde-text bde-text-845-104\">\n50.00 \u20ac\n<\/div>\n<\/div><\/div><\/article><\/div><\/div><div class=\"bde-button-1372-102-1394-1372-1 bde-button bde-button-1372-102\">\n    \n                        \n                        \n    \n    \n    \n    \n            \n                    \n            \n            \n\n    \n    \n    \n    \n    \n    <a class=\"breakdance-link button-atom button-atom--secondary bde-button__button\" href=\"https:\/\/marfahairbar.lv\/en\/services\/manicure\/\" target=\"_self\" data-type=\"url\"  >\n\n    \n        <span class=\"button-atom__text\">Find out more<\/span>\n\n        \n        \n                <\/a>\n\n    \n\n\n<\/div>\n<\/div><\/div>    <\/article>\n    <article class=\"bde-loop-item ee-post\">\n        <div class='breakdance'><div class=\"bde-div-1372-100-2310-1372-1 bde-div bde-div-1372-100\">\n  \n  \n\t\n\n\n\n<div class=\"bde-div-1372-105-2310-1372-1 bde-div bde-div-1372-105\">\n  \n  \n\t\n\n\n\n<h3 class=\"bde-heading-1372-104-2310-1372-1 bde-heading bde-heading-1372-104\">\nV\u012brie\u0161u matu griezums\n<\/h3>\n<\/div><div class=\"bde-repeater-element-1372-101-2310-1372-1 bde-repeater-element bde-repeater-element-1372-101\"><div class=\"bde-loop bde-loop-grid ee-posts bde-dynamic-repeater bde-dynamic-repeater-101 bde-dynamic-repeater-grid\"><article class=\"bde-loop-item ee-post bde-dynamic-repeater-item\"><div class='breakdance'><div class=\"bde-div-845-100-2310-1-845-1 bde-div service-price bde-div-845-100\">\n  \n  \n\t\n\n\n\n<div class=\"bde-text-845-103-2310-1-845-1 bde-text bde-text-845-103\">\nV\u012brie\u0161u matu griezums \n<\/div><div class=\"bde-text-845-104-2310-1-845-1 bde-text bde-text-845-104\">\n40 - 50 \u20ac\n<\/div>\n<\/div><\/div><\/article><\/div><\/div><div class=\"bde-button-1372-102-2310-1372-1 bde-button bde-button-1372-102\">\n    \n                        \n                        \n    \n    \n    \n    \n            \n                    \n            \n            \n\n    \n    \n    \n    \n    \n    <a class=\"breakdance-link button-atom button-atom--secondary bde-button__button\" href=\"https:\/\/marfahairbar.lv\/en\/services\/virgin-cut\/\" target=\"_self\" data-type=\"url\"  >\n\n    \n        <span class=\"button-atom__text\">Find out more<\/span>\n\n        \n        \n                <\/a>\n\n    \n\n\n<\/div>\n<\/div><\/div>    <\/article>\n    <article class=\"bde-loop-item ee-post\">\n        <div class='breakdance'><div class=\"bde-div-1372-100-2312-1372-1 bde-div bde-div-1372-100\">\n  \n  \n\t\n\n\n\n<div class=\"bde-div-1372-105-2312-1372-1 bde-div bde-div-1372-105\">\n  \n  \n\t\n\n\n\n<h3 class=\"bde-heading-1372-104-2312-1372-1 bde-heading bde-heading-1372-104\">\nB\u0113rnu matu griezums\n<\/h3>\n<\/div><div class=\"bde-repeater-element-1372-101-2312-1372-1 bde-repeater-element bde-repeater-element-1372-101\"><div class=\"bde-loop bde-loop-grid ee-posts bde-dynamic-repeater bde-dynamic-repeater-101 bde-dynamic-repeater-grid\"><article class=\"bde-loop-item ee-post bde-dynamic-repeater-item\"><div class='breakdance'><div class=\"bde-div-845-100-2312-1-845-1 bde-div service-price bde-div-845-100\">\n  \n  \n\t\n\n\n\n<div class=\"bde-text-845-103-2312-1-845-1 bde-text bde-text-845-103\">\nBaby cut\n<\/div><div class=\"bde-text-845-104-2312-1-845-1 bde-text bde-text-845-104\">\n30 - 40 \u20ac\n<\/div>\n<\/div><\/div><\/article><\/div><\/div><div class=\"bde-button-1372-102-2312-1372-1 bde-button bde-button-1372-102\">\n    \n                        \n                        \n    \n    \n    \n    \n            \n                    \n            \n            \n\n    \n    \n    \n    \n    \n    <a class=\"breakdance-link button-atom button-atom--secondary bde-button__button\" href=\"https:\/\/marfahairbar.lv\/en\/services\/childrens-cut\/\" target=\"_self\" data-type=\"url\"  >\n\n    \n        <span class=\"button-atom__text\">Find out more<\/span>\n\n        \n        \n                <\/a>\n\n    \n\n\n<\/div>\n<\/div><\/div>    <\/article>\n<\/div>\r\n<\/div>\n<\/div><img decoding=\"async\" class=\"bde-image2-831-116 bde-image2\" src=\"https:\/\/marfahairbar.lv\/wp-content\/uploads\/untitled-design-11.png\" alt=\"Responsive and stylish spa interior with comfortable chairs and decorative elements.\" srcset=\"https:\/\/marfahairbar.lv\/wp-content\/uploads\/untitled-design-11.png 1080w, https:\/\/marfahairbar.lv\/wp-content\/uploads\/untitled-design-11-169x300.png 169w, https:\/\/marfahairbar.lv\/wp-content\/uploads\/untitled-design-11-576x1024.png 576w, https:\/\/marfahairbar.lv\/wp-content\/uploads\/untitled-design-11-768x1365.png 768w, https:\/\/marfahairbar.lv\/wp-content\/uploads\/untitled-design-11-864x1536.png 864w, https:\/\/marfahairbar.lv\/wp-content\/uploads\/untitled-design-11-7x12.png 7w, https:\/\/marfahairbar.lv\/wp-content\/uploads\/untitled-design-11-600x1067.png 600w, https:\/\/marfahairbar.lv\/wp-content\/uploads\/untitled-design-11-64x114.png 64w\" sizes=\"(max-width: 1080px) 100vw, 1080px\">\n<\/div><\/div>\n<\/section><\/div>","protected":false},"excerpt":{"rendered":"<p>Pakalpojumi\u00a0 MARFA hair bar cenas MARFA Hair Bar ir vieta, kur satiekas stils, rado\u0161ums un profesion\u0101la pieeja matu kop\u0161anai. M\u0113s ticam, ka skaisti mati ir ne tikai izskats, bet ar\u012b saj\u016bta. M\u016bsu pieredz\u0113ju\u0161ie meistari pal\u012bdz\u0113s Tev atrast savu unik\u0101lo stilu \u2013 ar r\u016bp\u012bbu, kvalit\u0101ti un personisku attieksmi ikkatram. Matu griezums Sievie\u0161u matu griezums 50 &#8211; [&hellip;]<\/p>\n","protected":false},"author":220,"featured_media":0,"parent":0,"menu_order":0,"comment_status":"closed","ping_status":"closed","template":"","meta":{"_acf_changed":false,"_breakdance_hide_in_design_set":false,"_breakdance_tags":"","footnotes":""},"class_list":["post-831","page","type-page","status-publish","hentry"],"acf":[],"aioseo_notices":[],"_links":{"self":[{"href":"https:\/\/marfahairbar.lv\/en\/wp-json\/wp\/v2\/pages\/831","targetHints":{"allow":["GET"]}}],"collection":[{"href":"https:\/\/marfahairbar.lv\/en\/wp-json\/wp\/v2\/pages"}],"about":[{"href":"https:\/\/marfahairbar.lv\/en\/wp-json\/wp\/v2\/types\/page"}],"author":[{"embeddable":true,"href":"https:\/\/marfahairbar.lv\/en\/wp-json\/wp\/v2\/users\/220"}],"replies":[{"embeddable":true,"href":"https:\/\/marfahairbar.lv\/en\/wp-json\/wp\/v2\/comments?post=831"}],"version-history":[{"count":0,"href":"https:\/\/marfahairbar.lv\/en\/wp-json\/wp\/v2\/pages\/831\/revisions"}],"wp:attachment":[{"href":"https:\/\/marfahairbar.lv\/en\/wp-json\/wp\/v2\/media?parent=831"}],"curies":[{"name":"wp","href":"https:\/\/api.w.org\/{rel}","templated":true}]}}