{"id":2432,"date":"2025-04-16T09:04:52","date_gmt":"2025-04-16T06:04:52","guid":{"rendered":"https:\/\/marfahairbar.lv\/?page_id=2432"},"modified":"2025-05-15T09:31:48","modified_gmt":"2025-05-15T06:31:48","slug":"distance-ligums","status":"publish","type":"page","link":"https:\/\/marfahairbar.lv\/en\/distance-ligums\/","title":{"rendered":"Distance agreement"},"content":{"rendered":"<div class='breakdance'><section class=\"bde-section-2432-100 bde-section section-empty\">\n  \n  \n\t\n\n\n\n<div class=\"section-container\"><\/div>\n<\/section><section class=\"bde-section-2432-101 bde-section section\">\n  \n  \n\t\n\n\n\n<div class=\"section-container\"><h1 class=\"bde-heading-2432-102 bde-heading\">\nDistance agreement\n<\/h1><div class=\"bde-div-2432-103 bde-div\">\n  \n  \n\t\n\n\n\n<div class=\"bde-rich-text-2432-105 bde-rich-text breakdance-rich-text-styles\">\n<p>Seller: SIA PRADA MARFA, Registration No 40203336062, registered office at 16 - 1 Ausek\u013ca Street, Riga, LV-1010, Latvia. Website: www.marfahairbar.lv. E-mail: marfa@marfahairbar.lv. Goods: specialised hair cosmetics and accessories. Services: beauty services and online appointment.<\/p>\n<p>These terms and conditions (hereinafter referred to as the \"Terms\") form an integral part of the contract for the purchase of goods and services and set out the rights, obligations, conditions of delivery and payment, return and cancellation procedures, and dispute resolution procedures of the Seller and the Buyer. The Contract shall come into force at the moment when the Buyer confirms the order on the Website and ticks the box \"I agree to the terms of use\".<\/p>\n<p>The Seller reserves the right to change the Terms and\/or prices at any time by posting the changes on the Site.<\/p>\n<h3>Delivery and payment terms<\/h3>\n<p>The customer can choose one of the following delivery methods:<br \/>- Omniva\/DPD parcel machines in Latvia: price depends on the service provider<br \/>- Courier delivery: price depends on address and delivery method<br \/>- Pick-up at the salon: free<\/p>\n<p>Goods are delivered within 1-5 working days after receipt of payment and confirmation. Order payment:<br \/>- By bank card<br \/>- Online banking<br \/>- By bank transfer on receipt of invoice<\/p>\n<h3>Right of withdrawal and return of goods<\/h3>\n<p>The buyer has the right to withdraw from the goods within 14 days. A cancellation form is available on request from marfa@marfahairbar.lv. The goods must be returned complete, in intact packaging to. The costs of return are borne by the Buyer.<\/p>\n<p>The money is refunded within 14 days using the same payment method as used. The right of withdrawal cannot be exercised if the goods are used or damaged.<\/p>\n<h3>Dispute resolution<\/h3>\n<p>All disputes arising between the Customer and the Seller, or arising in connection with the purchase of Goods, shall be resolved by the Parties through mutual negotiation or correspondence with a view to reaching a mutually beneficial and acceptable solution.<\/p>\n<p>If the dispute cannot be resolved by negotiation or correspondence, the Parties shall settle the dispute in the courts of the Republic of Latvia in accordance with the laws and regulations of the Republic of Latvia.<\/p>\n<p>Complaints about the availability or quality of goods should be submitted electronically to the e-mail address marfa@marfahairbar.lv and in writing to the address Riga, Ausek\u013ca iela 16 - 1, LV-1010. The complaint will be examined within 7 (seven) working days from the date of receipt of the complaint, with a reply sent to the contact address indicated in the complaint.<br \/>If the complaint is found to be unfounded and you disagree with the finding, you have the right to use the alternative dispute resolution options provided for in the laws and regulations.<br \/>Information on out-of-court dispute resolution options and out-of-court dispute resolvers:<\/p>\n<p>http:\/\/www.ptac.gov.lv\/lv\/content\/stridu-risinasanas-process<\/p>\n<p>http:\/\/www.ptac.gov.lv\/lv\/content\/arpustiesas-pateretaju-stridu-risinataju-datubaze<\/p>\n<\/div>\n<\/div><\/div>\n<\/section><\/div>","protected":false},"excerpt":{"rendered":"<p>Distances l\u012bgums P\u0101rdev\u0113js: SIA PRADA MARFA, Re\u0123istr\u0101cijas Nr. 40203336062, juridisk\u0101 adrese: R\u012bga, Ausek\u013ca iela 16 &#8211; 1, LV-1010, Latvija. Vietne: www.marfahairbar.lv. E-pasts: marfa@marfahairbar.lv. Preces: specializ\u0113ta matu kosm\u0113tika un aksesu\u0101ri. Pakalpojumi: skaistumkop\u0161anas pakalpojumi un online pieraksts. \u0160ie noteikumi (turpm\u0101k &#8220;Noteikumi&#8221;) ir pre\u010du un pakalpojumu pirkuma l\u012bguma neat\u0146emama sast\u0101vda\u013ca un nosaka P\u0101rdev\u0113ja un Pirc\u0113ja ties\u012bbas, pien\u0101kumus, pieg\u0101des [&hellip;]<\/p>\n","protected":false},"author":2,"featured_media":0,"parent":0,"menu_order":0,"comment_status":"closed","ping_status":"closed","template":"","meta":{"_acf_changed":false,"_breakdance_hide_in_design_set":false,"_breakdance_tags":"","footnotes":""},"class_list":["post-2432","page","type-page","status-publish","hentry"],"acf":[],"aioseo_notices":[],"_links":{"self":[{"href":"https:\/\/marfahairbar.lv\/en\/wp-json\/wp\/v2\/pages\/2432","targetHints":{"allow":["GET"]}}],"collection":[{"href":"https:\/\/marfahairbar.lv\/en\/wp-json\/wp\/v2\/pages"}],"about":[{"href":"https:\/\/marfahairbar.lv\/en\/wp-json\/wp\/v2\/types\/page"}],"author":[{"embeddable":true,"href":"https:\/\/marfahairbar.lv\/en\/wp-json\/wp\/v2\/users\/2"}],"replies":[{"embeddable":true,"href":"https:\/\/marfahairbar.lv\/en\/wp-json\/wp\/v2\/comments?post=2432"}],"version-history":[{"count":0,"href":"https:\/\/marfahairbar.lv\/en\/wp-json\/wp\/v2\/pages\/2432\/revisions"}],"wp:attachment":[{"href":"https:\/\/marfahairbar.lv\/en\/wp-json\/wp\/v2\/media?parent=2432"}],"curies":[{"name":"wp","href":"https:\/\/api.w.org\/{rel}","templated":true}]}}